{"id":236873,"date":"2025-03-21T11:21:45","date_gmt":"2025-03-21T11:21:45","guid":{"rendered":"https:\/\/aromasentia.com\/product\/chakra-crystal-candles-solar-plexus-chakra\/"},"modified":"2025-12-30T20:24:12","modified_gmt":"2025-12-30T20:24:12","slug":"chakra-kristallkerzen-solarplexus-chakra","status":"publish","type":"product","link":"https:\/\/aromasentia.com\/de\/chakra-kristallkerzen-solarplexus-chakra\/","title":{"rendered":"Chakra Kristallkerzen \u2013 Solarplexus-Chakra"},"content":{"rendered":"<p><span style=\"color: rgb(75, 80, 88);\"><strong>Erleben Sie die Kraft der Heilung mit dieser Chakra Kristallkerze.&nbsp;<\/strong><\/span><\/p>\n<p><span style=\"color: rgb(75, 80, 88);\">Hergestellt aus echten <strong>Edelsteinen, nat\u00fcrlichem Sojawachs, speziell gemischtem Parf\u00fcm<\/strong> und <strong>magischen Holzdochten.&nbsp;<\/strong><\/span><\/p>\n<p><span style=\"color: rgb(75, 80, 88);\">Steigern Sie Ihre pers\u00f6nliche Kraft und Ihr Selbstvertrauen mit unserer <strong>Solarplexus<\/strong>&#8211;<strong>Chakra Kristallkerze<\/strong>. Angereichert mit <strong>Amethyst und schwarzem Achat<\/strong> verk\u00f6rpert diese Kerze die Essenz des Solarplexus-Chakras. <br \/><\/span><\/p>\n<p><span style=\"color: rgb(75, 80, 88);\">Der Duft \u201eDeep in the Forest\u201c weckt Mut und Selbstsicherheit.<\/span><\/p>\n<p><span style=\"color: rgb(75, 80, 88);\">Die Schachtel tr\u00e4gt die ermutigende Botschaft: <strong>\u201eLass dich nicht von den \u00c4ngsten in deinem Kopf kontrollieren, sondern von den Tr\u00e4umen in deinem Herzen leiten.\u201c <\/strong>Z\u00fcnden Sie diese Kerze an, um Ihr Selbstwertgef\u00fchl zu st\u00e4rken, Ihre innere St\u00e4rke zu nutzen und Selbstvertrauen auszustrahlen.<\/span><\/p>\n<p><span style=\"color: rgb(75, 80, 88);\">Wenn Sie die Kerze anz\u00fcnden, sp\u00fcren Sie die heilende Energie der Kristalle und den beruhigenden Duft des speziell zusammengestellten Aromas.&nbsp;<\/span><\/p>\n<p><span style=\"color: rgb(75, 80, 88);\">Nach dem Abbrennen dieser Kerze kann das Glas wiederverwendet und die Bergkristalle gereinigt und aufbewahrt werden.<\/span><\/p>\n<p><span style=\"color: rgb(75, 80, 88);\"><em>Brenndauer: 17 Stunden<\/em><\/span><\/p>\n","protected":false},"excerpt":{"rendered":"<p>Erleben Sie die Kraft der Heilung mit dieser Chakra Kristallkerze.&nbsp; Hergestellt aus echten Edelsteinen, nat\u00fcrlichem Sojawachs, speziell gemischtem Parf\u00fcm und magischen Holzdochten.&nbsp; Steigern Sie Ihre pers\u00f6nliche Kraft und Ihr Selbstvertrauen mit unserer Solarplexus&#8211;Chakra Kristallkerze. Angereichert mit Amethyst und schwarzem Achat verk\u00f6rpert diese Kerze die Essenz des Solarplexus-Chakras. Der Duft \u201eDeep in the Forest\u201c weckt Mut [&hellip;]<\/p>\n","protected":false},"featured_media":304961,"comment_status":"closed","ping_status":"open","template":"","meta":{"_angie_page":false},"product_brand":[],"product_cat":[20266,17466],"product_tag":[],"class_list":{"0":"post-236873","1":"product","2":"type-product","3":"status-publish","4":"has-post-thumbnail","6":"product_cat-edelsteinkerzen","7":"product_cat-kerzenhalter-und-kerzen","8":"pa_collection-chakra-crystal-candle-root-chakra-de","9":"pa_made-in-china","11":"first","12":"instock","13":"purchasable","14":"product-type-simple"},"supplier_id":null,"supplier_sku":"ChkCC-03","barcode":null,"atum_controlled":true,"out_stock_date":null,"out_stock_threshold":null,"inheritable":false,"inbound_stock":null,"stock_on_hold":0,"sold_today":0,"sales_last_days":0,"reserved_stock":null,"customer_returns":null,"warehouse_damage":null,"lost_in_post":null,"other_logs":null,"out_stock_days":0,"lost_sales":0,"has_location":null,"update_date":"2026-04-27T06:57:12","atum_locations":[],"atum_stock_status":"instock","restock_status":false,"low_stock_amount":"","sales_update_date":"2025-10-09T03:27:53","calc_backorders":null,"_links":{"self":[{"href":"https:\/\/aromasentia.com\/de\/wp-json\/wp\/v2\/product\/236873","targetHints":{"allow":["GET"]}}],"collection":[{"href":"https:\/\/aromasentia.com\/de\/wp-json\/wp\/v2\/product"}],"about":[{"href":"https:\/\/aromasentia.com\/de\/wp-json\/wp\/v2\/types\/product"}],"replies":[{"embeddable":true,"href":"https:\/\/aromasentia.com\/de\/wp-json\/wp\/v2\/comments?post=236873"}],"version-history":[{"count":0,"href":"https:\/\/aromasentia.com\/de\/wp-json\/wp\/v2\/product\/236873\/revisions"}],"wp:featuredmedia":[{"embeddable":true,"href":"https:\/\/aromasentia.com\/de\/wp-json\/wp\/v2\/media\/304961"}],"wp:attachment":[{"href":"https:\/\/aromasentia.com\/de\/wp-json\/wp\/v2\/media?parent=236873"}],"wp:term":[{"taxonomy":"product_brand","embeddable":true,"href":"https:\/\/aromasentia.com\/de\/wp-json\/wp\/v2\/product_brand?post=236873"},{"taxonomy":"product_cat","embeddable":true,"href":"https:\/\/aromasentia.com\/de\/wp-json\/wp\/v2\/product_cat?post=236873"},{"taxonomy":"product_tag","embeddable":true,"href":"https:\/\/aromasentia.com\/de\/wp-json\/wp\/v2\/product_tag?post=236873"}],"curies":[{"name":"wp","href":"https:\/\/api.w.org\/{rel}","templated":true}]}}