{"id":236829,"date":"2025-03-21T11:23:59","date_gmt":"2025-03-21T11:23:59","guid":{"rendered":"https:\/\/aromasentia.com\/product\/large-concrete-soy-candle-crushed-vanilla-orange\/"},"modified":"2025-12-30T20:24:04","modified_gmt":"2025-12-30T20:24:04","slug":"sojawachskerze-mit-3-holzdochten-vanille-orange","status":"publish","type":"product","link":"https:\/\/aromasentia.com\/de\/sojawachskerze-mit-3-holzdochten-vanille-orange\/","title":{"rendered":"Sojawachskerze mit 3 Holzdochten &#8211; Vanille &#038; Orange"},"content":{"rendered":"<p>Diese wundersch\u00f6ne und einzigartige Betonkerze mit Holzdocht geh\u00f6rt zu unseren Favoriten. Sie besticht durch ihr nat\u00fcrliches und raues Aussehen, das ein leichtes und liebevolles Gef\u00fchl vermittelt.<\/p>\n<p>Filzgleiter an der Unterseite verhindern Kratzer auf Oberfl\u00e4chen. Der nat\u00fcrliche Holzdocht erzeugt den beruhigenden Klang eines knisternden Feuers! Das Design des Betontopfs erm\u00f6glicht die Wiederverwendung, um ihn nach dem Abbrennen der Kerze, beispielsweise als Blumentopf, in Ihre Dekoration zu integrieren.<\/p>\n<p>Das Gute an der Verwendung von Materialien wie Beton ist, dass jedes Produkt ein Unikat mit seinen eigenen Besonderheiten und Eigenheiten ist. Beton eignet sich auch perfekt als Valentinstagsgeschenk, Hochzeitsgeschenk oder Tischdekoration.<\/p>\n","protected":false},"excerpt":{"rendered":"<p>Diese wundersch\u00f6ne und einzigartige Betonkerze mit Holzdocht geh\u00f6rt zu unseren Favoriten. Sie besticht durch ihr nat\u00fcrliches und raues Aussehen, das ein leichtes und liebevolles Gef\u00fchl vermittelt. Filzgleiter an der Unterseite verhindern Kratzer auf Oberfl\u00e4chen. Der nat\u00fcrliche Holzdocht erzeugt den beruhigenden Klang eines knisternden Feuers! Das Design des Betontopfs erm\u00f6glicht die Wiederverwendung, um ihn nach dem [&hellip;]<\/p>\n","protected":false},"featured_media":305885,"comment_status":"closed","ping_status":"open","template":"","meta":{"_angie_page":false},"product_brand":[],"product_cat":[25841,19992,17466,26308,19993,26819],"product_tag":[],"class_list":{"0":"post-236829","1":"product","2":"type-product","3":"status-publish","4":"has-post-thumbnail","6":"product_cat-dufte-aromen","7":"product_cat-duftkerzen-und-sojawachskerzen","8":"product_cat-kerzenhalter-und-kerzen","9":"product_cat-orange","10":"product_cat-sojawachskerzen","11":"product_cat-zitrus","12":"pa_collection-concrete-wooden-wick-candles-de","13":"pa_made-in-china","15":"first","16":"instock","17":"purchasable","18":"product-type-simple"},"supplier_id":null,"supplier_sku":"CWC-02","barcode":null,"atum_controlled":true,"out_stock_date":null,"out_stock_threshold":null,"inheritable":false,"inbound_stock":null,"stock_on_hold":0,"sold_today":0,"sales_last_days":0,"reserved_stock":null,"customer_returns":null,"warehouse_damage":null,"lost_in_post":null,"other_logs":null,"out_stock_days":0,"lost_sales":0,"has_location":null,"update_date":"2026-04-27T06:58:54","atum_locations":[],"atum_stock_status":"instock","restock_status":false,"low_stock_amount":"","sales_update_date":"2026-02-06T00:02:40","calc_backorders":null,"_links":{"self":[{"href":"https:\/\/aromasentia.com\/de\/wp-json\/wp\/v2\/product\/236829","targetHints":{"allow":["GET"]}}],"collection":[{"href":"https:\/\/aromasentia.com\/de\/wp-json\/wp\/v2\/product"}],"about":[{"href":"https:\/\/aromasentia.com\/de\/wp-json\/wp\/v2\/types\/product"}],"replies":[{"embeddable":true,"href":"https:\/\/aromasentia.com\/de\/wp-json\/wp\/v2\/comments?post=236829"}],"version-history":[{"count":0,"href":"https:\/\/aromasentia.com\/de\/wp-json\/wp\/v2\/product\/236829\/revisions"}],"wp:featuredmedia":[{"embeddable":true,"href":"https:\/\/aromasentia.com\/de\/wp-json\/wp\/v2\/media\/305885"}],"wp:attachment":[{"href":"https:\/\/aromasentia.com\/de\/wp-json\/wp\/v2\/media?parent=236829"}],"wp:term":[{"taxonomy":"product_brand","embeddable":true,"href":"https:\/\/aromasentia.com\/de\/wp-json\/wp\/v2\/product_brand?post=236829"},{"taxonomy":"product_cat","embeddable":true,"href":"https:\/\/aromasentia.com\/de\/wp-json\/wp\/v2\/product_cat?post=236829"},{"taxonomy":"product_tag","embeddable":true,"href":"https:\/\/aromasentia.com\/de\/wp-json\/wp\/v2\/product_tag?post=236829"}],"curies":[{"name":"wp","href":"https:\/\/api.w.org\/{rel}","templated":true}]}}