{"id":236809,"date":"2025-03-21T11:23:59","date_gmt":"2025-03-21T11:23:59","guid":{"rendered":"https:\/\/aromasentia.com\/product\/small-floating-candles-ivory\/"},"modified":"2025-12-30T20:24:04","modified_gmt":"2025-12-30T20:24:04","slug":"small-floating-candles-ivory","status":"publish","type":"product","link":"https:\/\/aromasentia.com\/de\/small-floating-candles-ivory\/","title":{"rendered":"Small Floating Candles &#8211; Ivory"},"content":{"rendered":"<p>Diese schwimmenden Kerzen sind bei Hochzeiten beliebt, um romantische Schwimmkerzen-Arrangements zu gestalten.&nbsp;<\/p>\n<ul>\n<li>In 2 Gr\u00f6\u00dfen erh\u00e4ltlich<\/li>\n<li>Ohne Duft und in Farbe getaucht<\/li>\n<li>Gro\u00dfe Kerzen brennen 7\/8 Stunden<\/li>\n<li>Kleine Kerzen brennen 3 Stunden<\/li>\n<\/ul>\n","protected":false},"excerpt":{"rendered":"<p>Diese schwimmenden Kerzen sind bei Hochzeiten beliebt, um romantische Schwimmkerzen-Arrangements zu gestalten.&nbsp; In 2 Gr\u00f6\u00dfen erh\u00e4ltlich Ohne Duft und in Farbe getaucht Gro\u00dfe Kerzen brennen 7\/8 Stunden Kleine Kerzen brennen 3 Stunden<\/p>\n","protected":false},"featured_media":306601,"comment_status":"closed","ping_status":"open","template":"","meta":[],"product_brand":[],"product_cat":[17466],"product_tag":[],"class_list":{"0":"post-236809","1":"product","2":"type-product","3":"status-publish","4":"has-post-thumbnail","6":"product_cat-kerzenhalter-und-kerzen","7":"pa_made-in-china","9":"first","10":"outofstock","11":"purchasable","12":"product-type-simple"},"supplier_id":null,"supplier_sku":"FLCand-01","barcode":null,"atum_controlled":true,"out_stock_date":"2025-10-09 12:51:40","out_stock_threshold":null,"inheritable":false,"inbound_stock":null,"stock_on_hold":0,"sold_today":0,"sales_last_days":0,"reserved_stock":null,"customer_returns":null,"warehouse_damage":null,"lost_in_post":null,"other_logs":null,"out_stock_days":112,"lost_sales":0,"has_location":null,"update_date":"2026-01-30T01:25:13","atum_locations":[],"atum_stock_status":"outofstock","restock_status":false,"low_stock_amount":"","sales_update_date":"2026-01-30T01:25:13","calc_backorders":null,"_links":{"self":[{"href":"https:\/\/aromasentia.com\/de\/wp-json\/wp\/v2\/product\/236809","targetHints":{"allow":["GET"]}}],"collection":[{"href":"https:\/\/aromasentia.com\/de\/wp-json\/wp\/v2\/product"}],"about":[{"href":"https:\/\/aromasentia.com\/de\/wp-json\/wp\/v2\/types\/product"}],"replies":[{"embeddable":true,"href":"https:\/\/aromasentia.com\/de\/wp-json\/wp\/v2\/comments?post=236809"}],"version-history":[{"count":0,"href":"https:\/\/aromasentia.com\/de\/wp-json\/wp\/v2\/product\/236809\/revisions"}],"wp:featuredmedia":[{"embeddable":true,"href":"https:\/\/aromasentia.com\/de\/wp-json\/wp\/v2\/media\/306601"}],"wp:attachment":[{"href":"https:\/\/aromasentia.com\/de\/wp-json\/wp\/v2\/media?parent=236809"}],"wp:term":[{"taxonomy":"product_brand","embeddable":true,"href":"https:\/\/aromasentia.com\/de\/wp-json\/wp\/v2\/product_brand?post=236809"},{"taxonomy":"product_cat","embeddable":true,"href":"https:\/\/aromasentia.com\/de\/wp-json\/wp\/v2\/product_cat?post=236809"},{"taxonomy":"product_tag","embeddable":true,"href":"https:\/\/aromasentia.com\/de\/wp-json\/wp\/v2\/product_tag?post=236809"}],"curies":[{"name":"wp","href":"https:\/\/api.w.org\/{rel}","templated":true}]}}