{"id":236737,"date":"2025-03-21T11:25:58","date_gmt":"2025-03-21T11:25:58","guid":{"rendered":"https:\/\/aromasentia.com\/product\/hop-hare-crystal-magic-flower-candle-the-king-of-swords\/"},"modified":"2025-12-30T20:23:50","modified_gmt":"2025-12-30T20:23:50","slug":"hop-hare-kristall-zauberblumenkerze-der-koenig-der-schwerter","status":"publish","type":"product","link":"https:\/\/aromasentia.com\/de\/hop-hare-kristall-zauberblumenkerze-der-koenig-der-schwerter\/","title":{"rendered":"Hop Hare Kristall-Zauberblumenkerze \u2013 Der K\u00f6nig der Schwerter"},"content":{"rendered":"<p><span style=\"color: rgb(75, 80, 88);\">Kanalisieren Sie St\u00e4rke und Klarheit mit der <strong>K\u00f6nig der Schwerter Kristallzauberkerze<\/strong>. Der k\u00f6nigliche Duft von Cedar Castle erf\u00fcllt Ihren Raum und schafft eine kraftvolle Atmosph\u00e4re.&nbsp;<\/span><\/p>\n<p><span style=\"color: rgb(75, 80, 88);\">Geerdet durch den <strong>schwarzen Obsidian-Edelstein<\/strong> f\u00f6rdert diese Kerze geistige Klarheit und Konzentration. Schwarzer Obsidian, bekannt f\u00fcr seine sch\u00fctzenden und erdenden Eigenschaften, verbindet sich mit dem belebenden Duft von Zedernholz und schafft einen Raum, der St\u00e4rke und Entschlossenheit ausstrahlt.&nbsp;<\/span><\/p>\n<p><span style=\"color: rgb(75, 80, 88);\">Erleuchten Sie Ihre Umgebung mit dem K\u00f6nig der Schwerter und lassen Sie den Duft des Zedernschlosses und die Energie des schwarzen Obsidians Ihre Bem\u00fchungen befl\u00fcgeln.&nbsp;<\/span><\/p>\n<p><span style=\"color: rgb(75, 80, 88);\"><strong>Verbessern Sie die geistige Konzentration, f\u00f6rdern Sie ein Gef\u00fchl der Entschlossenheit und schaffen Sie eine st\u00e4rkende Umgebung.<\/strong><\/span><\/p>\n<p><span style=\"color: rgb(75, 80, 88);\">Jede Hop Hare Crystal Magic Candle ist ein einzigartiges Meisterwerk und befindet sich in einem tiefgr\u00fcnen Glasbeh\u00e4lter mit einem rustikalen Holzdocht. Entdecken Sie die Magie dieser Kerzen, indem Sie einen Edelstein entdecken, der von kleineren Edelsteinsplittern begleitet wird und so ein schillerndes Schauspiel der Naturwunder schafft. Die zarten Trockenblumen unterstreichen die besondere Atmosph\u00e4re dieser Kerzen.<\/span><\/p>\n<p><span style=\"color: rgb(75, 80, 88);\"><strong>Brenndauer: 22 Stunden<\/span><\/p>\n","protected":false},"excerpt":{"rendered":"<p>Kanalisieren Sie St\u00e4rke und Klarheit mit der K\u00f6nig der Schwerter Kristallzauberkerze. Der k\u00f6nigliche Duft von Cedar Castle erf\u00fcllt Ihren Raum und schafft eine kraftvolle Atmosph\u00e4re.&nbsp; Geerdet durch den schwarzen Obsidian-Edelstein f\u00f6rdert diese Kerze geistige Klarheit und Konzentration. Schwarzer Obsidian, bekannt f\u00fcr seine sch\u00fctzenden und erdenden Eigenschaften, verbindet sich mit dem belebenden Duft von Zedernholz und [&hellip;]<\/p>\n","protected":false},"featured_media":307323,"comment_status":"closed","ping_status":"open","template":"","meta":{"_angie_page":false},"product_brand":[27112],"product_cat":[20266,17466],"product_tag":[],"class_list":{"0":"post-236737","1":"product","2":"type-product","3":"status-publish","4":"has-post-thumbnail","6":"product_brand-hop-hare","7":"product_cat-edelsteinkerzen","8":"product_cat-kerzenhalter-und-kerzen","9":"pa_collection-crystal-floral-candles-hop-hare-de","10":"pa_made-in-china","12":"first","13":"instock","14":"purchasable","15":"product-type-simple"},"supplier_id":null,"supplier_sku":"HHC-07","barcode":null,"atum_controlled":true,"out_stock_date":null,"out_stock_threshold":null,"inheritable":false,"inbound_stock":null,"stock_on_hold":0,"sold_today":0,"sales_last_days":0,"reserved_stock":null,"customer_returns":null,"warehouse_damage":null,"lost_in_post":null,"other_logs":null,"out_stock_days":0,"lost_sales":0,"has_location":null,"update_date":"2026-04-27T07:07:11","atum_locations":[],"atum_stock_status":"instock","restock_status":false,"low_stock_amount":"","sales_update_date":"2025-09-05T00:21:44","calc_backorders":null,"_links":{"self":[{"href":"https:\/\/aromasentia.com\/de\/wp-json\/wp\/v2\/product\/236737","targetHints":{"allow":["GET"]}}],"collection":[{"href":"https:\/\/aromasentia.com\/de\/wp-json\/wp\/v2\/product"}],"about":[{"href":"https:\/\/aromasentia.com\/de\/wp-json\/wp\/v2\/types\/product"}],"replies":[{"embeddable":true,"href":"https:\/\/aromasentia.com\/de\/wp-json\/wp\/v2\/comments?post=236737"}],"version-history":[{"count":0,"href":"https:\/\/aromasentia.com\/de\/wp-json\/wp\/v2\/product\/236737\/revisions"}],"wp:featuredmedia":[{"embeddable":true,"href":"https:\/\/aromasentia.com\/de\/wp-json\/wp\/v2\/media\/307323"}],"wp:attachment":[{"href":"https:\/\/aromasentia.com\/de\/wp-json\/wp\/v2\/media?parent=236737"}],"wp:term":[{"taxonomy":"product_brand","embeddable":true,"href":"https:\/\/aromasentia.com\/de\/wp-json\/wp\/v2\/product_brand?post=236737"},{"taxonomy":"product_cat","embeddable":true,"href":"https:\/\/aromasentia.com\/de\/wp-json\/wp\/v2\/product_cat?post=236737"},{"taxonomy":"product_tag","embeddable":true,"href":"https:\/\/aromasentia.com\/de\/wp-json\/wp\/v2\/product_tag?post=236737"}],"curies":[{"name":"wp","href":"https:\/\/api.w.org\/{rel}","templated":true}]}}