{"id":236729,"date":"2025-03-21T11:25:58","date_gmt":"2025-03-21T11:25:58","guid":{"rendered":"https:\/\/aromasentia.com\/product\/hop-hare-crystal-magic-flower-candle-the-sun\/"},"modified":"2025-12-30T20:23:50","modified_gmt":"2025-12-30T20:23:50","slug":"hop-hare-kristall-zauberblumenkerz-die-sonne","status":"publish","type":"product","link":"https:\/\/aromasentia.com\/de\/hop-hare-kristall-zauberblumenkerz-die-sonne\/","title":{"rendered":"Hop Hare Kristall-Zauberblumenkerz \u2013 Die Sonne"},"content":{"rendered":"<p><span style=\"color: rgb(75, 80, 88);\">Genie\u00dfen Sie die W\u00e4rme von <strong>Lemon Horizon Bliss<\/strong> mit dieser lebendigen <strong>Crystal Magic Candle<\/strong><\/span><\/p>\n<p><span style=\"color: rgb(75, 80, 88);\">Der belebende Duft von Zitrusfr\u00fcchten liegt in der Luft, hebt Ihre Stimmung und schafft eine sonnige Atmosph\u00e4re. Erg\u00e4nzt durch die fr\u00f6hlichen Edelsteine <strong>Citrin<\/strong> und <strong>Sodalith<\/strong> strahlt diese Kerze Positivit\u00e4t aus. Citrin, bekannt als der \u201eStein des Erfolgs\u201c, verbindet sich mit der harmonisierenden Energie des Sodaliths und schafft einen Raum voller Optimismus und Freude.&nbsp;<\/span><\/p>\n<p><span style=\"color: rgb(75, 80, 88);\">Erhellen Sie Ihre Umgebung mit der Sonne und erf\u00fcllen Sie Ihren Raum mit einem Ausbruch energetisierender Gl\u00fcckseligkeit. <strong>Heben Sie Ihre Stimmung, f\u00f6rdern Sie Positivit\u00e4t und schaffen Sie eine fr\u00f6hliche Atmosph\u00e4re.&nbsp;<\/strong><\/span><\/p>\n<p><span style=\"color: rgb(75, 80, 88);\">Umh\u00fcllt von einem tiefgr\u00fcnen Glasbeh\u00e4lter mit einem rustikalen Holzdocht ist jede Hop Hare Crystal Magic Candle ein einzigartiges Meisterwerk. Enth\u00fcllen Sie die Magie in Ihrem Inneren, wenn Sie einen Edelstein entdecken, der von einer Handvoll kleinerer Edelsteinsplitter begleitet wird und so ein schillerndes Schauspiel nat\u00fcrlicher Wunder schafft. Die Essenz dieser Kerzen wird durch die zarten Trockenblumen noch verst\u00e4rkt.<\/span><\/p>\n<p><span style=\"color: rgb(75, 80, 88);\"><strong>Brenndauer:<\/strong> 22 Stunden<\/span><\/p>\n","protected":false},"excerpt":{"rendered":"<p>Genie\u00dfen Sie die W\u00e4rme von Lemon Horizon Bliss mit dieser lebendigen Crystal Magic Candle Der belebende Duft von Zitrusfr\u00fcchten liegt in der Luft, hebt Ihre Stimmung und schafft eine sonnige Atmosph\u00e4re. Erg\u00e4nzt durch die fr\u00f6hlichen Edelsteine Citrin und Sodalith strahlt diese Kerze Positivit\u00e4t aus. Citrin, bekannt als der \u201eStein des Erfolgs\u201c, verbindet sich mit der [&hellip;]<\/p>\n","protected":false},"featured_media":307217,"comment_status":"closed","ping_status":"open","template":"","meta":{"_angie_page":false},"product_brand":[27112],"product_cat":[20266,17466],"product_tag":[],"class_list":{"0":"post-236729","1":"product","2":"type-product","3":"status-publish","4":"has-post-thumbnail","6":"product_brand-hop-hare","7":"product_cat-edelsteinkerzen","8":"product_cat-kerzenhalter-und-kerzen","9":"pa_collection-crystal-floral-candles-hop-hare-de","10":"pa_made-in-china","12":"first","13":"instock","14":"purchasable","15":"product-type-simple"},"supplier_id":null,"supplier_sku":"HHC-05","barcode":null,"atum_controlled":true,"out_stock_date":null,"out_stock_threshold":null,"inheritable":false,"inbound_stock":null,"stock_on_hold":0,"sold_today":0,"sales_last_days":0,"reserved_stock":null,"customer_returns":null,"warehouse_damage":null,"lost_in_post":null,"other_logs":null,"out_stock_days":0,"lost_sales":0,"has_location":null,"update_date":"2026-04-27T07:07:11","atum_locations":[],"atum_stock_status":"instock","restock_status":false,"low_stock_amount":"","sales_update_date":"2025-09-05T00:21:44","calc_backorders":null,"_links":{"self":[{"href":"https:\/\/aromasentia.com\/de\/wp-json\/wp\/v2\/product\/236729","targetHints":{"allow":["GET"]}}],"collection":[{"href":"https:\/\/aromasentia.com\/de\/wp-json\/wp\/v2\/product"}],"about":[{"href":"https:\/\/aromasentia.com\/de\/wp-json\/wp\/v2\/types\/product"}],"replies":[{"embeddable":true,"href":"https:\/\/aromasentia.com\/de\/wp-json\/wp\/v2\/comments?post=236729"}],"version-history":[{"count":0,"href":"https:\/\/aromasentia.com\/de\/wp-json\/wp\/v2\/product\/236729\/revisions"}],"wp:featuredmedia":[{"embeddable":true,"href":"https:\/\/aromasentia.com\/de\/wp-json\/wp\/v2\/media\/307217"}],"wp:attachment":[{"href":"https:\/\/aromasentia.com\/de\/wp-json\/wp\/v2\/media?parent=236729"}],"wp:term":[{"taxonomy":"product_brand","embeddable":true,"href":"https:\/\/aromasentia.com\/de\/wp-json\/wp\/v2\/product_brand?post=236729"},{"taxonomy":"product_cat","embeddable":true,"href":"https:\/\/aromasentia.com\/de\/wp-json\/wp\/v2\/product_cat?post=236729"},{"taxonomy":"product_tag","embeddable":true,"href":"https:\/\/aromasentia.com\/de\/wp-json\/wp\/v2\/product_tag?post=236729"}],"curies":[{"name":"wp","href":"https:\/\/api.w.org\/{rel}","templated":true}]}}