{"id":236721,"date":"2025-03-21T11:25:58","date_gmt":"2025-03-21T11:25:58","guid":{"rendered":"https:\/\/aromasentia.com\/product\/hop-hare-crystal-magic-flower-candle-the-moon\/"},"modified":"2025-12-30T20:23:50","modified_gmt":"2025-12-30T20:23:50","slug":"hop-hare-kristall-zauberblumenkerze-der-mond","status":"publish","type":"product","link":"https:\/\/aromasentia.com\/de\/hop-hare-kristall-zauberblumenkerze-der-mond\/","title":{"rendered":"Hop Hare Kristall-Zauberblumenkerze \u2013 Der Mond"},"content":{"rendered":"<p><span style=\"color: rgb(75, 80, 88);\">Erleben Sie die Ruhe der mondbeschienenen <strong>Lavendelh\u00fcgel<\/strong> mit der <strong>Magischen Kerze<\/strong> <strong>The Moon Crystal<\/strong>. Der beruhigende Lavendelduft umh\u00fcllt Ihre Umgebung und schafft eine Oase der Ruhe.&nbsp;<\/span><\/p>\n<p><span style=\"color: rgb(75, 80, 88);\">Verst\u00e4rkt durch den wohltuenden <strong>Amethyst<\/strong> bringt diese Kerze Ausgeglichenheit und Harmonie in Ihren Raum. Amethyst, bekannt f\u00fcr seine stresslindernden Eigenschaften, f\u00f6rdert eine ruhige Atmosph\u00e4re und ist somit der perfekte Begleiter f\u00fcr Momente der Entspannung.&nbsp;<\/span><\/p>\n<p><span style=\"color: rgb(75, 80, 88);\"><strong>Erleuchten Sie Ihren Raum mit dem Mond und lassen Sie sich vom beruhigenden Aroma und der Amethyst-Energie in einen Zustand gl\u00fcckseliger Harmonie f\u00fchren.&nbsp;<\/strong><\/span><\/p>\n<p><span style=\"color: rgb(75, 80, 88);\">Jede Hop Hare Crystal Magic Candle ist ein einzigartiges Meisterwerk in einem tiefgr\u00fcnen Glasbeh\u00e4lter mit einem rustikalen Holzdocht. Enth\u00fcllen Sie die Magie in Ihrem Inneren, indem Sie einen Edelstein entdecken, der von einer Handvoll kleinerer Edelsteinsplitter begleitet wird und so ein schillerndes Schauspiel nat\u00fcrlicher Wunder schafft. Die Essenz dieser Kerzen wird durch die zarten Trockenblumen noch verst\u00e4rkt.<\/span><\/p>\n<p><span style=\"color: rgb(75, 80, 88);\"><strong>Brenndauer:<\/strong> 22 Stunden<\/span><\/p>\n","protected":false},"excerpt":{"rendered":"<p>Erleben Sie die Ruhe der mondbeschienenen Lavendelh\u00fcgel mit der Magischen Kerze The Moon Crystal. Der beruhigende Lavendelduft umh\u00fcllt Ihre Umgebung und schafft eine Oase der Ruhe.&nbsp; Verst\u00e4rkt durch den wohltuenden Amethyst bringt diese Kerze Ausgeglichenheit und Harmonie in Ihren Raum. Amethyst, bekannt f\u00fcr seine stresslindernden Eigenschaften, f\u00f6rdert eine ruhige Atmosph\u00e4re und ist somit der perfekte [&hellip;]<\/p>\n","protected":false},"featured_media":307095,"comment_status":"closed","ping_status":"open","template":"","meta":{"_angie_page":false},"product_brand":[27112],"product_cat":[20266,17466],"product_tag":[],"class_list":{"0":"post-236721","1":"product","2":"type-product","3":"status-publish","4":"has-post-thumbnail","6":"product_brand-hop-hare","7":"product_cat-edelsteinkerzen","8":"product_cat-kerzenhalter-und-kerzen","9":"pa_collection-crystal-floral-candles-hop-hare-de","10":"pa_made-in-china","12":"first","13":"instock","14":"purchasable","15":"product-type-simple"},"supplier_id":null,"supplier_sku":"HHC-03","barcode":null,"atum_controlled":true,"out_stock_date":null,"out_stock_threshold":null,"inheritable":false,"inbound_stock":null,"stock_on_hold":0,"sold_today":0,"sales_last_days":0,"reserved_stock":null,"customer_returns":null,"warehouse_damage":null,"lost_in_post":null,"other_logs":null,"out_stock_days":0,"lost_sales":0,"has_location":null,"update_date":"2026-04-27T07:07:11","atum_locations":[],"atum_stock_status":"instock","restock_status":false,"low_stock_amount":"","sales_update_date":"2025-09-05T00:21:43","calc_backorders":null,"_links":{"self":[{"href":"https:\/\/aromasentia.com\/de\/wp-json\/wp\/v2\/product\/236721","targetHints":{"allow":["GET"]}}],"collection":[{"href":"https:\/\/aromasentia.com\/de\/wp-json\/wp\/v2\/product"}],"about":[{"href":"https:\/\/aromasentia.com\/de\/wp-json\/wp\/v2\/types\/product"}],"replies":[{"embeddable":true,"href":"https:\/\/aromasentia.com\/de\/wp-json\/wp\/v2\/comments?post=236721"}],"version-history":[{"count":0,"href":"https:\/\/aromasentia.com\/de\/wp-json\/wp\/v2\/product\/236721\/revisions"}],"wp:featuredmedia":[{"embeddable":true,"href":"https:\/\/aromasentia.com\/de\/wp-json\/wp\/v2\/media\/307095"}],"wp:attachment":[{"href":"https:\/\/aromasentia.com\/de\/wp-json\/wp\/v2\/media?parent=236721"}],"wp:term":[{"taxonomy":"product_brand","embeddable":true,"href":"https:\/\/aromasentia.com\/de\/wp-json\/wp\/v2\/product_brand?post=236721"},{"taxonomy":"product_cat","embeddable":true,"href":"https:\/\/aromasentia.com\/de\/wp-json\/wp\/v2\/product_cat?post=236721"},{"taxonomy":"product_tag","embeddable":true,"href":"https:\/\/aromasentia.com\/de\/wp-json\/wp\/v2\/product_tag?post=236721"}],"curies":[{"name":"wp","href":"https:\/\/api.w.org\/{rel}","templated":true}]}}