{"id":236713,"date":"2025-03-21T11:25:58","date_gmt":"2025-03-21T11:25:58","guid":{"rendered":"https:\/\/aromasentia.com\/product\/hop-hare-crystal-magic-flower-candle-the-lovers\/"},"modified":"2025-12-30T20:23:43","modified_gmt":"2025-12-30T20:23:43","slug":"hop-hare-kristall-zauberblumenkerze-the-lovers","status":"publish","type":"product","link":"https:\/\/aromasentia.com\/de\/hop-hare-kristall-zauberblumenkerze-the-lovers\/","title":{"rendered":"Hop Hare Kristall-Zauberblumenkerze \u2013 The Lovers"},"content":{"rendered":"<p>Begeben Sie sich mit der <strong>Lovers Crystal Magic Candle<\/strong> auf eine Reise der Liebe. Tauchen Sie ein in den bet\u00f6renden Duft bl\u00fchender Rosenwiesen und schaffen Sie eine romantische und z\u00e4rtliche Atmosph\u00e4re. Das Herzst\u00fcck dieser bezaubernden Kerze ist der liebesliebende Rosenquarz, der das Herzchakra \u00f6ffnen und Liebe in Ihr Leben bringen soll. Lassen Sie die wohltuende Energie des Rosenquarzes Ihren Raum mit W\u00e4rme und Zuneigung erf\u00fcllen, w\u00e4hrend die Flamme tanzt. Schaffen Sie eine Atmosph\u00e4re der Liebe und W\u00e4rme \u2013 perfekt f\u00fcr romantische Abende. Jede Hop Hare Crystal Magic Candle ist ein einzigartiges Meisterwerk und befindet sich in einem tiefgr\u00fcnen Glasbeh\u00e4lter mit rustikalem Holzdocht. Entdecken Sie die Magie dieses Edelsteins, der von kleineren Edelsteinsplittern begleitet wird und ein schillerndes Naturschauspiel schafft. Die zarten Trockenblumen unterstreichen die besondere Atmosph\u00e4re dieser Kerzen.<\/p>\n<p><strong>Brenndauer:<\/strong> 22 Stunden<\/p>\n","protected":false},"excerpt":{"rendered":"<p>Begeben Sie sich mit der Lovers Crystal Magic Candle auf eine Reise der Liebe. Tauchen Sie ein in den bet\u00f6renden Duft bl\u00fchender Rosenwiesen und schaffen Sie eine romantische und z\u00e4rtliche Atmosph\u00e4re. Das Herzst\u00fcck dieser bezaubernden Kerze ist der liebesliebende Rosenquarz, der das Herzchakra \u00f6ffnen und Liebe in Ihr Leben bringen soll. Lassen Sie die wohltuende [&hellip;]<\/p>\n","protected":false},"featured_media":306965,"comment_status":"closed","ping_status":"open","template":"","meta":[],"product_brand":[27112],"product_cat":[20266,17466],"product_tag":[],"class_list":{"0":"post-236713","1":"product","2":"type-product","3":"status-publish","4":"has-post-thumbnail","6":"product_brand-hop-hare","7":"product_cat-edelsteinkerzen","8":"product_cat-kerzenhalter-und-kerzen","9":"pa_collection-crystal-floral-candles-hop-hare-de","10":"pa_made-in-china","12":"first","13":"outofstock","14":"purchasable","15":"product-type-simple"},"supplier_id":null,"supplier_sku":"HHC-01","barcode":null,"atum_controlled":true,"out_stock_date":"2026-01-09 14:23:29","out_stock_threshold":null,"inheritable":false,"inbound_stock":null,"stock_on_hold":0,"sold_today":0,"sales_last_days":0,"reserved_stock":null,"customer_returns":null,"warehouse_damage":null,"lost_in_post":null,"other_logs":null,"out_stock_days":20,"lost_sales":0,"has_location":null,"update_date":"2026-01-30T01:24:32","atum_locations":[],"atum_stock_status":"outofstock","restock_status":false,"low_stock_amount":"","sales_update_date":"2026-01-30T01:24:32","calc_backorders":null,"_links":{"self":[{"href":"https:\/\/aromasentia.com\/de\/wp-json\/wp\/v2\/product\/236713","targetHints":{"allow":["GET"]}}],"collection":[{"href":"https:\/\/aromasentia.com\/de\/wp-json\/wp\/v2\/product"}],"about":[{"href":"https:\/\/aromasentia.com\/de\/wp-json\/wp\/v2\/types\/product"}],"replies":[{"embeddable":true,"href":"https:\/\/aromasentia.com\/de\/wp-json\/wp\/v2\/comments?post=236713"}],"version-history":[{"count":0,"href":"https:\/\/aromasentia.com\/de\/wp-json\/wp\/v2\/product\/236713\/revisions"}],"wp:featuredmedia":[{"embeddable":true,"href":"https:\/\/aromasentia.com\/de\/wp-json\/wp\/v2\/media\/306965"}],"wp:attachment":[{"href":"https:\/\/aromasentia.com\/de\/wp-json\/wp\/v2\/media?parent=236713"}],"wp:term":[{"taxonomy":"product_brand","embeddable":true,"href":"https:\/\/aromasentia.com\/de\/wp-json\/wp\/v2\/product_brand?post=236713"},{"taxonomy":"product_cat","embeddable":true,"href":"https:\/\/aromasentia.com\/de\/wp-json\/wp\/v2\/product_cat?post=236713"},{"taxonomy":"product_tag","embeddable":true,"href":"https:\/\/aromasentia.com\/de\/wp-json\/wp\/v2\/product_tag?post=236713"}],"curies":[{"name":"wp","href":"https:\/\/api.w.org\/{rel}","templated":true}]}}