{"id":236649,"date":"2025-03-21T11:28:36","date_gmt":"2025-03-21T11:28:36","guid":{"rendered":"https:\/\/aromasentia.com\/product\/manifest-magic-candles-pack-of-12-black-transformation\/"},"modified":"2025-12-30T20:23:35","modified_gmt":"2025-12-30T20:23:35","slug":"manifest-magiekerzen-pack-of-12-black","status":"publish","type":"product","link":"https:\/\/aromasentia.com\/de\/manifest-magiekerzen-pack-of-12-black\/","title":{"rendered":"Manifest-Magiekerzen (pack of 12) &#8211; Black"},"content":{"rendered":"<p><span style=\"color: rgb(75, 80, 88);\">Mit der <strong>Manifest Magic Candle<\/strong> geben Sie Ihren Kunden ein kraftvolles Werkzeug an die Hand, um ihre W\u00fcnsche zu manifestieren und ihre spirituelle Reise zu bereichern. Diese Kerzen sind nicht nur wundersch\u00f6n gefertigt, sondern auch von Intention durchdrungen, wodurch sie sich perfekt f\u00fcr Meditation, spirituelle Praktiken oder einfach zum Schaffen einer Atmosph\u00e4re der Gelassenheit und Transformation eignen.<\/span><\/p>\n<p><span style=\"color: rgb(75, 80, 88);\">Erleben Sie Transformation und Erneuerung mit unserer <strong>Schwarzen Kerze<\/strong>. Ihre transformative Energie hilft, alte Muster abzulegen und neue Anf\u00e4nge zu begr\u00fc\u00dfen. Entz\u00fcnden Sie es, um eine tiefgreifende Metamorphose zu bewirken.<\/span><\/p>\n<p><span style=\"color: rgb(75, 80, 88);\"><strong>Ma\u00dfe:<\/strong><\/span><\/p>\n<p><span style=\"color: rgb(75, 80, 88);\">Die Box: 16 x 7,5 x 2,5 cm<\/span><\/p>\n<p><span style=\"color: rgb(75, 80, 88);\">Kerzen: 12 x 1,2 cm<\/span><\/p>\n<p><span style=\"color: rgb(75, 80, 88);\"><strong>Brenndauer: <\/strong>90 Minuten<\/span><\/p>\n","protected":false},"excerpt":{"rendered":"<p>Mit der Manifest Magic Candle geben Sie Ihren Kunden ein kraftvolles Werkzeug an die Hand, um ihre W\u00fcnsche zu manifestieren und ihre spirituelle Reise zu bereichern. Diese Kerzen sind nicht nur wundersch\u00f6n gefertigt, sondern auch von Intention durchdrungen, wodurch sie sich perfekt f\u00fcr Meditation, spirituelle Praktiken oder einfach zum Schaffen einer Atmosph\u00e4re der Gelassenheit und [&hellip;]<\/p>\n","protected":false},"featured_media":307589,"comment_status":"closed","ping_status":"open","template":"","meta":[],"product_brand":[],"product_cat":[17466],"product_tag":[],"class_list":{"0":"post-236649","1":"product","2":"type-product","3":"status-publish","4":"has-post-thumbnail","6":"product_cat-kerzenhalter-und-kerzen","7":"pa_collection-magic-candles-for-manifestation-de","8":"pa_made-in-china","10":"first","11":"instock","12":"purchasable","13":"product-type-simple"},"supplier_id":null,"supplier_sku":"MMC-10","barcode":null,"atum_controlled":true,"out_stock_date":null,"out_stock_threshold":null,"inheritable":false,"inbound_stock":null,"stock_on_hold":0,"sold_today":0,"sales_last_days":0,"reserved_stock":null,"customer_returns":null,"warehouse_damage":null,"lost_in_post":null,"other_logs":null,"out_stock_days":0,"lost_sales":0,"has_location":null,"update_date":"2026-02-11T09:32:55","atum_locations":[],"atum_stock_status":"instock","restock_status":false,"low_stock_amount":"","sales_update_date":"2025-09-05T00:21:48","calc_backorders":null,"_links":{"self":[{"href":"https:\/\/aromasentia.com\/de\/wp-json\/wp\/v2\/product\/236649","targetHints":{"allow":["GET"]}}],"collection":[{"href":"https:\/\/aromasentia.com\/de\/wp-json\/wp\/v2\/product"}],"about":[{"href":"https:\/\/aromasentia.com\/de\/wp-json\/wp\/v2\/types\/product"}],"replies":[{"embeddable":true,"href":"https:\/\/aromasentia.com\/de\/wp-json\/wp\/v2\/comments?post=236649"}],"version-history":[{"count":0,"href":"https:\/\/aromasentia.com\/de\/wp-json\/wp\/v2\/product\/236649\/revisions"}],"wp:featuredmedia":[{"embeddable":true,"href":"https:\/\/aromasentia.com\/de\/wp-json\/wp\/v2\/media\/307589"}],"wp:attachment":[{"href":"https:\/\/aromasentia.com\/de\/wp-json\/wp\/v2\/media?parent=236649"}],"wp:term":[{"taxonomy":"product_brand","embeddable":true,"href":"https:\/\/aromasentia.com\/de\/wp-json\/wp\/v2\/product_brand?post=236649"},{"taxonomy":"product_cat","embeddable":true,"href":"https:\/\/aromasentia.com\/de\/wp-json\/wp\/v2\/product_cat?post=236649"},{"taxonomy":"product_tag","embeddable":true,"href":"https:\/\/aromasentia.com\/de\/wp-json\/wp\/v2\/product_tag?post=236649"}],"curies":[{"name":"wp","href":"https:\/\/api.w.org\/{rel}","templated":true}]}}