{"id":236637,"date":"2025-03-21T11:28:36","date_gmt":"2025-03-21T11:28:36","guid":{"rendered":"https:\/\/aromasentia.com\/product\/pure-olive-wax-jar-candle-120x70-mandarin\/"},"modified":"2025-12-30T20:23:35","modified_gmt":"2025-12-30T20:23:35","slug":"reines-olivenwachs-glas-kerze-120x70-mandarin","status":"publish","type":"product","link":"https:\/\/aromasentia.com\/de\/reines-olivenwachs-glas-kerze-120x70-mandarin\/","title":{"rendered":"Reines Olivenwachs Glas Kerze 120&#215;70 &#8211; Mandarin"},"content":{"rendered":"<p>Erhellen Sie Ihren Raum mit der Pure Olive Wax Jar Candle 120&#215;70 &#8211; Mandarin. Diese Kerze in einem bezaubernden Glasgef\u00e4\u00df ist aus nat\u00fcrlichem Olivenwachs hergestellt und mit dem belebenden, pikanten Aroma s\u00fc\u00dfer Mandarinen durchzogen. Sie brennt sauber ab und verstr\u00f6mt einen fr\u00f6hlichen, zitrusartigen Duft, der die Sinne anregt und eine einladende Atmosph\u00e4re schafft. Eine reizvolle und umweltfreundliche Art, dauerhaftes Kerzenlicht und einen sonnigen Duft in Ihrem Zuhause zu genie\u00dfen.<\/p>\n","protected":false},"excerpt":{"rendered":"<p>Erhellen Sie Ihren Raum mit der Pure Olive Wax Jar Candle 120&#215;70 &#8211; Mandarin. Diese Kerze in einem bezaubernden Glasgef\u00e4\u00df ist aus nat\u00fcrlichem Olivenwachs hergestellt und mit dem belebenden, pikanten Aroma s\u00fc\u00dfer Mandarinen durchzogen. Sie brennt sauber ab und verstr\u00f6mt einen fr\u00f6hlichen, zitrusartigen Duft, der die Sinne anregt und eine einladende Atmosph\u00e4re schafft. Eine reizvolle [&hellip;]<\/p>\n","protected":false},"featured_media":308315,"comment_status":"closed","ping_status":"open","template":"","meta":{"_angie_page":false},"product_brand":[],"product_cat":[25841,17466,26263,26819],"product_tag":[],"class_list":{"0":"post-236637","1":"product","2":"type-product","3":"status-publish","4":"has-post-thumbnail","6":"product_cat-dufte-aromen","7":"product_cat-kerzenhalter-und-kerzen","8":"product_cat-mandarine","9":"product_cat-zitrus","10":"pa_made-in-deutschland","12":"first","13":"instock","14":"purchasable","15":"product-type-simple"},"supplier_id":null,"supplier_sku":"OliveC-09","barcode":null,"atum_controlled":true,"out_stock_date":null,"out_stock_threshold":null,"inheritable":false,"inbound_stock":null,"stock_on_hold":0,"sold_today":0,"sales_last_days":0,"reserved_stock":null,"customer_returns":null,"warehouse_damage":null,"lost_in_post":null,"other_logs":null,"out_stock_days":0,"lost_sales":0,"has_location":null,"update_date":"2026-02-02T14:18:28","atum_locations":[],"atum_stock_status":"instock","restock_status":false,"low_stock_amount":"","sales_update_date":"2026-01-30T01:26:02","calc_backorders":null,"_links":{"self":[{"href":"https:\/\/aromasentia.com\/de\/wp-json\/wp\/v2\/product\/236637","targetHints":{"allow":["GET"]}}],"collection":[{"href":"https:\/\/aromasentia.com\/de\/wp-json\/wp\/v2\/product"}],"about":[{"href":"https:\/\/aromasentia.com\/de\/wp-json\/wp\/v2\/types\/product"}],"replies":[{"embeddable":true,"href":"https:\/\/aromasentia.com\/de\/wp-json\/wp\/v2\/comments?post=236637"}],"version-history":[{"count":0,"href":"https:\/\/aromasentia.com\/de\/wp-json\/wp\/v2\/product\/236637\/revisions"}],"wp:featuredmedia":[{"embeddable":true,"href":"https:\/\/aromasentia.com\/de\/wp-json\/wp\/v2\/media\/308315"}],"wp:attachment":[{"href":"https:\/\/aromasentia.com\/de\/wp-json\/wp\/v2\/media?parent=236637"}],"wp:term":[{"taxonomy":"product_brand","embeddable":true,"href":"https:\/\/aromasentia.com\/de\/wp-json\/wp\/v2\/product_brand?post=236637"},{"taxonomy":"product_cat","embeddable":true,"href":"https:\/\/aromasentia.com\/de\/wp-json\/wp\/v2\/product_cat?post=236637"},{"taxonomy":"product_tag","embeddable":true,"href":"https:\/\/aromasentia.com\/de\/wp-json\/wp\/v2\/product_tag?post=236637"}],"curies":[{"name":"wp","href":"https:\/\/api.w.org\/{rel}","templated":true}]}}