{"id":236621,"date":"2025-03-21T11:28:36","date_gmt":"2025-03-21T11:28:36","guid":{"rendered":"https:\/\/aromasentia.com\/product\/classic-candle-stand-whitewash-37x10cm-large\/"},"modified":"2025-12-30T20:23:28","modified_gmt":"2025-12-30T20:23:28","slug":"klassischer-kerzenstaender-weiss-getuencht-373-x-10-cm-gross","status":"publish","type":"product","link":"https:\/\/aromasentia.com\/de\/klassischer-kerzenstaender-weiss-getuencht-373-x-10-cm-gross\/","title":{"rendered":"Klassischer Kerzenst\u00e4nder \u2013 Wei\u00df get\u00fcncht \u2013 373 x 10 cm \u2013 Gro\u00df"},"content":{"rendered":"<p><strong>Wholesale Classic Candle Stand &#8211; Whitewash (Large 37x10cm)&nbsp;<\/strong><\/p>\n<p><strong>Hergestellt aus Mangoholz<\/strong>, bekannt f\u00fcr seine St\u00e4rke und Haltbarkeit, ist jedes St\u00fcck ein Unikat mit nat\u00fcrlicher Holzmaserung.<\/p>\n<p>Dieser klassische, hohe Kerzenst\u00e4nder hat eine traditionelle Silhouette mit einer <strong>wei\u00df gestrichenen Oberfl\u00e4che<\/strong>, die m\u00fchelos mit verschiedenen Einrichtungsstilen harmoniert. <\/p>\n<p>Mit seinen Ma\u00dfen von 37x10cm eignet sich dieser Kerzenst\u00e4nder perfekt, um in gr\u00f6\u00dferen R\u00e4umen ein markantes Statement abzugeben.<\/p>\n<p>Sichern Sie sich noch heute einen Vorrat, um diesen zeitlosen Artikel in Ihre Sammlung aufzunehmen!<\/p>\n","protected":false},"excerpt":{"rendered":"<p>Wholesale Classic Candle Stand &#8211; Whitewash (Large 37x10cm)&nbsp; Hergestellt aus Mangoholz, bekannt f\u00fcr seine St\u00e4rke und Haltbarkeit, ist jedes St\u00fcck ein Unikat mit nat\u00fcrlicher Holzmaserung. Dieser klassische, hohe Kerzenst\u00e4nder hat eine traditionelle Silhouette mit einer wei\u00df gestrichenen Oberfl\u00e4che, die m\u00fchelos mit verschiedenen Einrichtungsstilen harmoniert. Mit seinen Ma\u00dfen von 37x10cm eignet sich dieser Kerzenst\u00e4nder perfekt, um [&hellip;]<\/p>\n","protected":false},"featured_media":308263,"comment_status":"closed","ping_status":"open","template":"","meta":{"_angie_page":false},"product_brand":[],"product_cat":[17465,17466],"product_tag":[],"class_list":{"0":"post-236621","1":"product","2":"type-product","3":"status-publish","4":"has-post-thumbnail","6":"product_cat-kerzenhalter","7":"product_cat-kerzenhalter-und-kerzen","8":"pa_collection-wooden-candle-holders-de","9":"pa_made-in-indien","11":"first","12":"instock","13":"purchasable","14":"product-type-simple"},"supplier_id":null,"supplier_sku":"MWCS-05","barcode":null,"atum_controlled":true,"out_stock_date":null,"out_stock_threshold":null,"inheritable":false,"inbound_stock":null,"stock_on_hold":0,"sold_today":0,"sales_last_days":0,"reserved_stock":null,"customer_returns":null,"warehouse_damage":null,"lost_in_post":null,"other_logs":null,"out_stock_days":0,"lost_sales":0,"has_location":null,"update_date":"2026-04-27T07:14:23","atum_locations":[],"atum_stock_status":"instock","restock_status":false,"low_stock_amount":"","sales_update_date":"2026-01-30T01:26:17","calc_backorders":null,"_links":{"self":[{"href":"https:\/\/aromasentia.com\/de\/wp-json\/wp\/v2\/product\/236621","targetHints":{"allow":["GET"]}}],"collection":[{"href":"https:\/\/aromasentia.com\/de\/wp-json\/wp\/v2\/product"}],"about":[{"href":"https:\/\/aromasentia.com\/de\/wp-json\/wp\/v2\/types\/product"}],"replies":[{"embeddable":true,"href":"https:\/\/aromasentia.com\/de\/wp-json\/wp\/v2\/comments?post=236621"}],"version-history":[{"count":0,"href":"https:\/\/aromasentia.com\/de\/wp-json\/wp\/v2\/product\/236621\/revisions"}],"wp:featuredmedia":[{"embeddable":true,"href":"https:\/\/aromasentia.com\/de\/wp-json\/wp\/v2\/media\/308263"}],"wp:attachment":[{"href":"https:\/\/aromasentia.com\/de\/wp-json\/wp\/v2\/media?parent=236621"}],"wp:term":[{"taxonomy":"product_brand","embeddable":true,"href":"https:\/\/aromasentia.com\/de\/wp-json\/wp\/v2\/product_brand?post=236621"},{"taxonomy":"product_cat","embeddable":true,"href":"https:\/\/aromasentia.com\/de\/wp-json\/wp\/v2\/product_cat?post=236621"},{"taxonomy":"product_tag","embeddable":true,"href":"https:\/\/aromasentia.com\/de\/wp-json\/wp\/v2\/product_tag?post=236621"}],"curies":[{"name":"wp","href":"https:\/\/api.w.org\/{rel}","templated":true}]}}