{"id":236617,"date":"2025-03-21T11:28:36","date_gmt":"2025-03-21T11:28:36","guid":{"rendered":"https:\/\/aromasentia.com\/product\/classic-candle-stand-whitewash-30x10cm-medium\/"},"modified":"2025-12-30T20:23:28","modified_gmt":"2025-12-30T20:23:28","slug":"klassischer-kerzenstaender-weiss-getuencht-30x10cm-mittel","status":"publish","type":"product","link":"https:\/\/aromasentia.com\/de\/klassischer-kerzenstaender-weiss-getuencht-30x10cm-mittel\/","title":{"rendered":"Klassischer Kerzenst\u00e4nder &#8211; Wei\u00df get\u00fcncht &#8211; 30x10cm &#8211; Mittel"},"content":{"rendered":"<p><strong>Wholesale Classic Candle Stand &#8211; Whitewash (Medium 30x10cm)&nbsp;<\/strong><\/p>\n<p><strong>Aus Mangoholz<\/strong> gefertigt, zeigt dieser Kerzenst\u00e4nder sowohl St\u00e4rke als auch nat\u00fcrliche Sch\u00f6nheit.<\/p>\n<p>Die traditionelle Form gepaart mit einer rustikalen, <strong>whitewashed Oberfl\u00e4che<\/strong> ergibt ein vielseitiges St\u00fcck, das verschiedene Dekorationsthemen erg\u00e4nzt. <\/p>\n<p>Mit seinen Ma\u00dfen von 30x10cm bietet dieser Kerzenst\u00e4nder eine beachtliche Pr\u00e4senz, ohne dabei kleinere R\u00e4ume zu erdr\u00fccken. <\/p>\n<p>Sorgen Sie noch heute f\u00fcr Nachschub und bereichern Sie die Kollektion Ihres Ladens mit diesem zeitlosen St\u00fcck!<\/p>\n","protected":false},"excerpt":{"rendered":"<p>Wholesale Classic Candle Stand &#8211; Whitewash (Medium 30x10cm)&nbsp; Aus Mangoholz gefertigt, zeigt dieser Kerzenst\u00e4nder sowohl St\u00e4rke als auch nat\u00fcrliche Sch\u00f6nheit. Die traditionelle Form gepaart mit einer rustikalen, whitewashed Oberfl\u00e4che ergibt ein vielseitiges St\u00fcck, das verschiedene Dekorationsthemen erg\u00e4nzt. Mit seinen Ma\u00dfen von 30x10cm bietet dieser Kerzenst\u00e4nder eine beachtliche Pr\u00e4senz, ohne dabei kleinere R\u00e4ume zu erdr\u00fccken. Sorgen [&hellip;]<\/p>\n","protected":false},"featured_media":308238,"comment_status":"closed","ping_status":"open","template":"","meta":{"_angie_page":false},"product_brand":[],"product_cat":[17465,17466],"product_tag":[],"class_list":{"0":"post-236617","1":"product","2":"type-product","3":"status-publish","4":"has-post-thumbnail","6":"product_cat-kerzenhalter","7":"product_cat-kerzenhalter-und-kerzen","8":"pa_collection-wooden-candle-holders-de","9":"pa_made-in-indien","11":"first","12":"instock","13":"purchasable","14":"product-type-simple"},"supplier_id":null,"supplier_sku":"MWCS-04","barcode":null,"atum_controlled":true,"out_stock_date":null,"out_stock_threshold":null,"inheritable":false,"inbound_stock":null,"stock_on_hold":0,"sold_today":0,"sales_last_days":0,"reserved_stock":null,"customer_returns":null,"warehouse_damage":null,"lost_in_post":null,"other_logs":null,"out_stock_days":0,"lost_sales":0,"has_location":null,"update_date":"2026-04-27T07:14:23","atum_locations":[],"atum_stock_status":"instock","restock_status":false,"low_stock_amount":"","sales_update_date":"2026-01-30T01:24:58","calc_backorders":null,"_links":{"self":[{"href":"https:\/\/aromasentia.com\/de\/wp-json\/wp\/v2\/product\/236617","targetHints":{"allow":["GET"]}}],"collection":[{"href":"https:\/\/aromasentia.com\/de\/wp-json\/wp\/v2\/product"}],"about":[{"href":"https:\/\/aromasentia.com\/de\/wp-json\/wp\/v2\/types\/product"}],"replies":[{"embeddable":true,"href":"https:\/\/aromasentia.com\/de\/wp-json\/wp\/v2\/comments?post=236617"}],"version-history":[{"count":0,"href":"https:\/\/aromasentia.com\/de\/wp-json\/wp\/v2\/product\/236617\/revisions"}],"wp:featuredmedia":[{"embeddable":true,"href":"https:\/\/aromasentia.com\/de\/wp-json\/wp\/v2\/media\/308238"}],"wp:attachment":[{"href":"https:\/\/aromasentia.com\/de\/wp-json\/wp\/v2\/media?parent=236617"}],"wp:term":[{"taxonomy":"product_brand","embeddable":true,"href":"https:\/\/aromasentia.com\/de\/wp-json\/wp\/v2\/product_brand?post=236617"},{"taxonomy":"product_cat","embeddable":true,"href":"https:\/\/aromasentia.com\/de\/wp-json\/wp\/v2\/product_cat?post=236617"},{"taxonomy":"product_tag","embeddable":true,"href":"https:\/\/aromasentia.com\/de\/wp-json\/wp\/v2\/product_tag?post=236617"}],"curies":[{"name":"wp","href":"https:\/\/api.w.org\/{rel}","templated":true}]}}