{"id":236609,"date":"2025-03-21T11:28:36","date_gmt":"2025-03-21T11:28:36","guid":{"rendered":"https:\/\/aromasentia.com\/product\/mango-wood-candle-stand-hamsa-large-25x18cm\/"},"modified":"2025-12-30T20:23:28","modified_gmt":"2025-12-30T20:23:28","slug":"kerzenstaender-aus-mangoholz-hamsa-gross-25x18cm","status":"publish","type":"product","link":"https:\/\/aromasentia.com\/de\/kerzenstaender-aus-mangoholz-hamsa-gross-25x18cm\/","title":{"rendered":"Kerzenst\u00e4nder aus Mangoholz &#8211; Hamsa &#8211; Gro\u00df 25x18cm"},"content":{"rendered":"<p><strong>Gro\u00dfhandel Mangoholz Kerzenst\u00e4nder &#8211; Hamsa<\/strong><\/p>\n<p>Hergestellt aus umweltfreundlichem <strong>Mangoholz<\/strong>, bekannt f\u00fcr seine Haltbarkeit und sch\u00f6ne Maserung, ist jedes St\u00fcck ein echtes Unikat. <\/p>\n<p>Mit dem <strong>geschnitzten HAMSA-Symbol<\/strong>, das bekannt daf\u00fcr ist, Schutz und positive Energie zu bringen, verleiht dieser Kerzenst\u00e4nder jedem Raum kulturelle Tiefe.<\/p>\n<p>Mit einer Gr\u00f6\u00dfe von 25x18cm setzt dieser gro\u00dfe Kerzenst\u00e4nder ein klares Statement.<\/p>\n<p>Stock up today and enhance your store&rsquo;s collection with this beautifully crafted piece!<\/p>\n","protected":false},"excerpt":{"rendered":"<p>Gro\u00dfhandel Mangoholz Kerzenst\u00e4nder &#8211; Hamsa Hergestellt aus umweltfreundlichem Mangoholz, bekannt f\u00fcr seine Haltbarkeit und sch\u00f6ne Maserung, ist jedes St\u00fcck ein echtes Unikat. Mit dem geschnitzten HAMSA-Symbol, das bekannt daf\u00fcr ist, Schutz und positive Energie zu bringen, verleiht dieser Kerzenst\u00e4nder jedem Raum kulturelle Tiefe. Mit einer Gr\u00f6\u00dfe von 25x18cm setzt dieser gro\u00dfe Kerzenst\u00e4nder ein klares Statement. [&hellip;]<\/p>\n","protected":false},"featured_media":308180,"comment_status":"closed","ping_status":"open","template":"","meta":{"_angie_page":false},"product_brand":[],"product_cat":[17465,17466],"product_tag":[],"class_list":{"0":"post-236609","1":"product","2":"type-product","3":"status-publish","4":"has-post-thumbnail","6":"product_cat-kerzenhalter","7":"product_cat-kerzenhalter-und-kerzen","8":"pa_collection-wooden-candle-holders-de","9":"pa_made-in-indien","11":"first","12":"instock","13":"purchasable","14":"product-type-simple"},"supplier_id":null,"supplier_sku":"MWCS-02","barcode":null,"atum_controlled":true,"out_stock_date":null,"out_stock_threshold":null,"inheritable":false,"inbound_stock":null,"stock_on_hold":0,"sold_today":0,"sales_last_days":0,"reserved_stock":null,"customer_returns":null,"warehouse_damage":null,"lost_in_post":null,"other_logs":null,"out_stock_days":0,"lost_sales":0,"has_location":null,"update_date":"2026-04-27T07:14:23","atum_locations":[],"atum_stock_status":"instock","restock_status":false,"low_stock_amount":"","sales_update_date":"2026-01-30T01:24:25","calc_backorders":null,"_links":{"self":[{"href":"https:\/\/aromasentia.com\/de\/wp-json\/wp\/v2\/product\/236609","targetHints":{"allow":["GET"]}}],"collection":[{"href":"https:\/\/aromasentia.com\/de\/wp-json\/wp\/v2\/product"}],"about":[{"href":"https:\/\/aromasentia.com\/de\/wp-json\/wp\/v2\/types\/product"}],"replies":[{"embeddable":true,"href":"https:\/\/aromasentia.com\/de\/wp-json\/wp\/v2\/comments?post=236609"}],"version-history":[{"count":0,"href":"https:\/\/aromasentia.com\/de\/wp-json\/wp\/v2\/product\/236609\/revisions"}],"wp:featuredmedia":[{"embeddable":true,"href":"https:\/\/aromasentia.com\/de\/wp-json\/wp\/v2\/media\/308180"}],"wp:attachment":[{"href":"https:\/\/aromasentia.com\/de\/wp-json\/wp\/v2\/media?parent=236609"}],"wp:term":[{"taxonomy":"product_brand","embeddable":true,"href":"https:\/\/aromasentia.com\/de\/wp-json\/wp\/v2\/product_brand?post=236609"},{"taxonomy":"product_cat","embeddable":true,"href":"https:\/\/aromasentia.com\/de\/wp-json\/wp\/v2\/product_cat?post=236609"},{"taxonomy":"product_tag","embeddable":true,"href":"https:\/\/aromasentia.com\/de\/wp-json\/wp\/v2\/product_tag?post=236609"}],"curies":[{"name":"wp","href":"https:\/\/api.w.org\/{rel}","templated":true}]}}