{"id":236605,"date":"2025-03-21T11:28:36","date_gmt":"2025-03-21T11:28:36","guid":{"rendered":"https:\/\/aromasentia.com\/product\/mango-wood-candle-stand-hamsa-small-18x11cm\/"},"modified":"2025-12-30T20:23:28","modified_gmt":"2025-12-30T20:23:28","slug":"kerzenstaender-aus-mangoholz-hamsa-klein-18x11cm","status":"publish","type":"product","link":"https:\/\/aromasentia.com\/de\/kerzenstaender-aus-mangoholz-hamsa-klein-18x11cm\/","title":{"rendered":"Kerzenst\u00e4nder aus Mangoholz &#8211; Hamsa &#8211; Klein 18x11cm"},"content":{"rendered":"<p><strong>Gro\u00dfhandel Mangoholz Kerzenst\u00e4nder &#8211; Hamsa&nbsp;<\/strong><\/p>\n<p>Hergestellt aus umweltfreundlichem, langlebigem<strong>&nbsp;Mangoholz<\/strong>, zeigt jedes St\u00fcck nat\u00fcrliche Holzmaserungen und einzigartigen Charakter.<\/p>\n<p><strong>Das geschnitzte Hamsa-Symbol&nbsp;<\/strong>auf der Vorderseite ist wundersch\u00f6n detailliert und stellt ein bedeutungsvolles und dekoratives Element dar. Die Hamsa Hand ist bekannt f\u00fcr Schutz und Gl\u00fcck.<\/p>\n<p>Mit den Ma\u00dfen 18x11cm ist dieser Kerzenst\u00e4nder ideal f\u00fcr kleinere R\u00e4ume und macht dennoch eine eindrucksvolle Aussage in jedem Raum.<\/p>\n<p>Stock up heute und bringen Sie dieses atemberaubende St\u00fcck zu Ihrem store&rsquo;s Sammlung!<\/p>\n","protected":false},"excerpt":{"rendered":"<p>Gro\u00dfhandel Mangoholz Kerzenst\u00e4nder &#8211; Hamsa&nbsp; Hergestellt aus umweltfreundlichem, langlebigem&nbsp;Mangoholz, zeigt jedes St\u00fcck nat\u00fcrliche Holzmaserungen und einzigartigen Charakter. Das geschnitzte Hamsa-Symbol&nbsp;auf der Vorderseite ist wundersch\u00f6n detailliert und stellt ein bedeutungsvolles und dekoratives Element dar. Die Hamsa Hand ist bekannt f\u00fcr Schutz und Gl\u00fcck. Mit den Ma\u00dfen 18x11cm ist dieser Kerzenst\u00e4nder ideal f\u00fcr kleinere R\u00e4ume und macht [&hellip;]<\/p>\n","protected":false},"featured_media":308139,"comment_status":"closed","ping_status":"open","template":"","meta":{"_angie_page":false},"product_brand":[],"product_cat":[17465,17466],"product_tag":[],"class_list":{"0":"post-236605","1":"product","2":"type-product","3":"status-publish","4":"has-post-thumbnail","6":"product_cat-kerzenhalter","7":"product_cat-kerzenhalter-und-kerzen","8":"pa_collection-wooden-candle-holders-de","9":"pa_made-in-indien","11":"first","12":"instock","13":"purchasable","14":"product-type-simple"},"supplier_id":null,"supplier_sku":"MWCS-01","barcode":null,"atum_controlled":true,"out_stock_date":null,"out_stock_threshold":null,"inheritable":false,"inbound_stock":null,"stock_on_hold":0,"sold_today":0,"sales_last_days":0,"reserved_stock":null,"customer_returns":null,"warehouse_damage":null,"lost_in_post":null,"other_logs":null,"out_stock_days":0,"lost_sales":0,"has_location":null,"update_date":"2026-04-27T07:14:23","atum_locations":[],"atum_stock_status":"instock","restock_status":false,"low_stock_amount":"","sales_update_date":"2026-02-06T00:00:50","calc_backorders":null,"_links":{"self":[{"href":"https:\/\/aromasentia.com\/de\/wp-json\/wp\/v2\/product\/236605","targetHints":{"allow":["GET"]}}],"collection":[{"href":"https:\/\/aromasentia.com\/de\/wp-json\/wp\/v2\/product"}],"about":[{"href":"https:\/\/aromasentia.com\/de\/wp-json\/wp\/v2\/types\/product"}],"replies":[{"embeddable":true,"href":"https:\/\/aromasentia.com\/de\/wp-json\/wp\/v2\/comments?post=236605"}],"version-history":[{"count":0,"href":"https:\/\/aromasentia.com\/de\/wp-json\/wp\/v2\/product\/236605\/revisions"}],"wp:featuredmedia":[{"embeddable":true,"href":"https:\/\/aromasentia.com\/de\/wp-json\/wp\/v2\/media\/308139"}],"wp:attachment":[{"href":"https:\/\/aromasentia.com\/de\/wp-json\/wp\/v2\/media?parent=236605"}],"wp:term":[{"taxonomy":"product_brand","embeddable":true,"href":"https:\/\/aromasentia.com\/de\/wp-json\/wp\/v2\/product_brand?post=236605"},{"taxonomy":"product_cat","embeddable":true,"href":"https:\/\/aromasentia.com\/de\/wp-json\/wp\/v2\/product_cat?post=236605"},{"taxonomy":"product_tag","embeddable":true,"href":"https:\/\/aromasentia.com\/de\/wp-json\/wp\/v2\/product_tag?post=236605"}],"curies":[{"name":"wp","href":"https:\/\/api.w.org\/{rel}","templated":true}]}}