{"id":236577,"date":"2025-03-21T11:28:36","date_gmt":"2025-03-21T11:28:36","guid":{"rendered":"https:\/\/aromasentia.com\/product\/magic-spell-candle-sweet-revenge\/"},"modified":"2025-12-30T20:23:21","modified_gmt":"2025-12-30T20:23:21","slug":"zauberkerze-suesse-rache","status":"publish","type":"product","link":"https:\/\/aromasentia.com\/de\/zauberkerze-suesse-rache\/","title":{"rendered":"Zauberkerze &#8211; S\u00fc\u00dfe Rache"},"content":{"rendered":"<p><strong>Aroma Sentia-ping Zauberkerze &#8211; Rache<\/strong><strong>wird durch das reine Element Feuer angetrieben, das Transformation repr\u00e4sentiert.<\/p>\n<p>Erkennen Sie, dass die bescheidene Flamme alles ver\u00e4ndern kann. Sie kann einen Liebesbrief in Asche verwandeln, beim Kochen helfen, um Leben zu erhalten, oder ein bezauberndes romantisches Flackern erzeugen, um ein Herz zu erobern.<\/p>\n<p>Diese transformative Energie kanalisieren Sie und erm\u00f6glichen so die Ver\u00e4nderungen, die Sie sich in Ihrem Leben w\u00fcnschen.<\/p>\n<p>Brenndauer: <strong>50 Stunden<\/strong><\/p>\n<p>Gewicht: <strong>280 g<\/strong><\/p>\n","protected":false},"excerpt":{"rendered":"<p>Aroma Sentia-ping Zauberkerze &#8211; Rachewird durch das reine Element Feuer angetrieben, das Transformation repr\u00e4sentiert. Erkennen Sie, dass die bescheidene Flamme alles ver\u00e4ndern kann. Sie kann einen Liebesbrief in Asche verwandeln, beim Kochen helfen, um Leben zu erhalten, oder ein bezauberndes romantisches Flackern erzeugen, um ein Herz zu erobern. Diese transformative Energie kanalisieren Sie und erm\u00f6glichen [&hellip;]<\/p>\n","protected":false},"featured_media":307972,"comment_status":"closed","ping_status":"open","template":"","meta":{"_angie_page":false},"product_brand":[],"product_cat":[19992,20266,17466],"product_tag":[],"class_list":{"0":"post-236577","1":"product","2":"type-product","3":"status-publish","4":"has-post-thumbnail","6":"product_cat-duftkerzen-und-sojawachskerzen","7":"product_cat-edelsteinkerzen","8":"product_cat-kerzenhalter-und-kerzen","9":"pa_collection-magic-spell-candles-de","10":"pa_made-in-china","12":"first","13":"instock","14":"purchasable","15":"product-type-simple"},"supplier_id":null,"supplier_sku":"MSC-11","barcode":null,"atum_controlled":true,"out_stock_date":null,"out_stock_threshold":null,"inheritable":false,"inbound_stock":null,"stock_on_hold":0,"sold_today":0,"sales_last_days":0,"reserved_stock":null,"customer_returns":null,"warehouse_damage":null,"lost_in_post":null,"other_logs":null,"out_stock_days":0,"lost_sales":0,"has_location":null,"update_date":"2026-05-04T00:03:58","atum_locations":[],"atum_stock_status":"instock","restock_status":false,"low_stock_amount":"","sales_update_date":"2025-09-05T00:21:49","calc_backorders":null,"_links":{"self":[{"href":"https:\/\/aromasentia.com\/de\/wp-json\/wp\/v2\/product\/236577","targetHints":{"allow":["GET"]}}],"collection":[{"href":"https:\/\/aromasentia.com\/de\/wp-json\/wp\/v2\/product"}],"about":[{"href":"https:\/\/aromasentia.com\/de\/wp-json\/wp\/v2\/types\/product"}],"replies":[{"embeddable":true,"href":"https:\/\/aromasentia.com\/de\/wp-json\/wp\/v2\/comments?post=236577"}],"version-history":[{"count":0,"href":"https:\/\/aromasentia.com\/de\/wp-json\/wp\/v2\/product\/236577\/revisions"}],"wp:featuredmedia":[{"embeddable":true,"href":"https:\/\/aromasentia.com\/de\/wp-json\/wp\/v2\/media\/307972"}],"wp:attachment":[{"href":"https:\/\/aromasentia.com\/de\/wp-json\/wp\/v2\/media?parent=236577"}],"wp:term":[{"taxonomy":"product_brand","embeddable":true,"href":"https:\/\/aromasentia.com\/de\/wp-json\/wp\/v2\/product_brand?post=236577"},{"taxonomy":"product_cat","embeddable":true,"href":"https:\/\/aromasentia.com\/de\/wp-json\/wp\/v2\/product_cat?post=236577"},{"taxonomy":"product_tag","embeddable":true,"href":"https:\/\/aromasentia.com\/de\/wp-json\/wp\/v2\/product_tag?post=236577"}],"curies":[{"name":"wp","href":"https:\/\/api.w.org\/{rel}","templated":true}]}}