{"id":236409,"date":"2025-03-21T11:31:49","date_gmt":"2025-03-21T11:31:49","guid":{"rendered":"https:\/\/aromasentia.com\/product\/petrified-wood-candle-holder-double\/"},"modified":"2025-12-30T20:22:51","modified_gmt":"2025-12-30T20:22:51","slug":"steinkerzenhalter-doppelt","status":"publish","type":"product","link":"https:\/\/aromasentia.com\/de\/steinkerzenhalter-doppelt\/","title":{"rendered":"Steinkerzenhalter &#8211; Doppelt"},"content":{"rendered":"<p>Entdecken Sie diese Kerzenhalter aus versteinertem Holz, die in Indonesien von erfahrenen Kunsthandwerkern liebevoll handgefertigt werden. Jedes St\u00fcck ist ein Unikat und kann als Kunstwerk betrachtet werden. Dieses einzigartige Naturmaterial entsteht, wenn Holz in Sediment vergraben und anschlie\u00dfend mineralisiert wird. Sie eignen sich hervorragend f\u00fcr ein gem\u00fctliches Ambiente und eignen sich besonders gut als Tischdekoration. Ein stilvolles, rustikales Accessoire, ganz nat\u00fcrlich und elegant, das in viele Interieurs passt und garantiert die Blicke auf sich zieht. Je nach Modell bieten die in tollen Farbvarianten erh\u00e4ltlichen Kerzenhalter Platz f\u00fcr 1 bis 3 Teelichter. BITTE BEACHTEN: Farben und Muster k\u00f6nnen von den Abbildungen abweichen. Jeder Kerzenhalter ist auch aufgrund der beim Versteinerungsprozess entstehenden Risse einzigartig.<\/p>\n","protected":false},"excerpt":{"rendered":"<p>Entdecken Sie diese Kerzenhalter aus versteinertem Holz, die in Indonesien von erfahrenen Kunsthandwerkern liebevoll handgefertigt werden. Jedes St\u00fcck ist ein Unikat und kann als Kunstwerk betrachtet werden. Dieses einzigartige Naturmaterial entsteht, wenn Holz in Sediment vergraben und anschlie\u00dfend mineralisiert wird. Sie eignen sich hervorragend f\u00fcr ein gem\u00fctliches Ambiente und eignen sich besonders gut als Tischdekoration. [&hellip;]<\/p>\n","protected":false},"featured_media":310088,"comment_status":"closed","ping_status":"open","template":"","meta":{"_angie_page":false},"product_brand":[],"product_cat":[25223,17465,17466,25715],"product_tag":[],"class_list":{"0":"post-236409","1":"product","2":"type-product","3":"status-publish","4":"has-post-thumbnail","6":"product_cat-edelsteine-mineralien","7":"product_cat-kerzenhalter","8":"product_cat-kerzenhalter-und-kerzen","9":"product_cat-versteinertes-holz","10":"pa_collection-petrified-wood-candle-holders-de","11":"pa_made-in-indonesien","13":"first","14":"instock","15":"purchasable","16":"product-type-simple"},"supplier_id":null,"supplier_sku":"PetW-03","barcode":null,"atum_controlled":true,"out_stock_date":null,"out_stock_threshold":null,"inheritable":false,"inbound_stock":null,"stock_on_hold":0,"sold_today":0,"sales_last_days":0,"reserved_stock":null,"customer_returns":null,"warehouse_damage":null,"lost_in_post":null,"other_logs":null,"out_stock_days":0,"lost_sales":0,"has_location":null,"update_date":"2026-04-27T07:17:53","atum_locations":[],"atum_stock_status":"instock","restock_status":false,"low_stock_amount":"","sales_update_date":"2026-01-30T01:25:31","calc_backorders":null,"_links":{"self":[{"href":"https:\/\/aromasentia.com\/de\/wp-json\/wp\/v2\/product\/236409","targetHints":{"allow":["GET"]}}],"collection":[{"href":"https:\/\/aromasentia.com\/de\/wp-json\/wp\/v2\/product"}],"about":[{"href":"https:\/\/aromasentia.com\/de\/wp-json\/wp\/v2\/types\/product"}],"replies":[{"embeddable":true,"href":"https:\/\/aromasentia.com\/de\/wp-json\/wp\/v2\/comments?post=236409"}],"version-history":[{"count":0,"href":"https:\/\/aromasentia.com\/de\/wp-json\/wp\/v2\/product\/236409\/revisions"}],"wp:featuredmedia":[{"embeddable":true,"href":"https:\/\/aromasentia.com\/de\/wp-json\/wp\/v2\/media\/310088"}],"wp:attachment":[{"href":"https:\/\/aromasentia.com\/de\/wp-json\/wp\/v2\/media?parent=236409"}],"wp:term":[{"taxonomy":"product_brand","embeddable":true,"href":"https:\/\/aromasentia.com\/de\/wp-json\/wp\/v2\/product_brand?post=236409"},{"taxonomy":"product_cat","embeddable":true,"href":"https:\/\/aromasentia.com\/de\/wp-json\/wp\/v2\/product_cat?post=236409"},{"taxonomy":"product_tag","embeddable":true,"href":"https:\/\/aromasentia.com\/de\/wp-json\/wp\/v2\/product_tag?post=236409"}],"curies":[{"name":"wp","href":"https:\/\/api.w.org\/{rel}","templated":true}]}}