{"id":236321,"date":"2025-03-21T11:33:11","date_gmt":"2025-03-21T11:33:11","guid":{"rendered":"https:\/\/aromasentia.com\/product\/set-of-10-spell-candles-good-energy\/"},"modified":"2025-12-30T20:22:37","modified_gmt":"2025-12-30T20:22:37","slug":"stabkerzen-10-stueck-gute-energie","status":"publish","type":"product","link":"https:\/\/aromasentia.com\/de\/stabkerzen-10-stueck-gute-energie\/","title":{"rendered":"Stabkerzen 10 St\u00fcck &#8211; Gute Energie"},"content":{"rendered":"<p>Orangene Kerzen werden oft in verschiedenen Ritualen und Zeremonien verwendet, aufgrund der guten Energie, die mit ihnen verbunden ist.<\/p>\n<p>Orangene Ritualkerzen k\u00f6nnen verwendet werden, um Freude, Gl\u00fcck, Enthusiasmus, Kreativit\u00e4t zu manifestieren und um spirituelle und emotionale Reife zu entwickeln. Sie k\u00f6nnen auch verwendet werden, um sexuelle und Beziehungsprobleme zu heilen.<\/p>\n<p><em>Gr\u00f6\u00dfe einer Kerze: 12,5x1cm<\/em><\/p>\n","protected":false},"excerpt":{"rendered":"<p>Orangene Kerzen werden oft in verschiedenen Ritualen und Zeremonien verwendet, aufgrund der guten Energie, die mit ihnen verbunden ist. Orangene Ritualkerzen k\u00f6nnen verwendet werden, um Freude, Gl\u00fcck, Enthusiasmus, Kreativit\u00e4t zu manifestieren und um spirituelle und emotionale Reife zu entwickeln. Sie k\u00f6nnen auch verwendet werden, um sexuelle und Beziehungsprobleme zu heilen. Gr\u00f6\u00dfe einer Kerze: 12,5x1cm<\/p>\n","protected":false},"featured_media":310674,"comment_status":"closed","ping_status":"open","template":"","meta":[],"product_brand":[],"product_cat":[17466],"product_tag":[],"class_list":{"0":"post-236321","1":"product","2":"type-product","3":"status-publish","4":"has-post-thumbnail","6":"product_cat-kerzenhalter-und-kerzen","7":"pa_made-in-indien","9":"first","10":"outofstock","11":"purchasable","12":"product-type-simple"},"supplier_id":null,"supplier_sku":"SCand-02","barcode":null,"atum_controlled":true,"out_stock_date":"2025-10-09 12:47:10","out_stock_threshold":null,"inheritable":false,"inbound_stock":null,"stock_on_hold":0,"sold_today":0,"sales_last_days":0,"reserved_stock":null,"customer_returns":null,"warehouse_damage":null,"lost_in_post":null,"other_logs":null,"out_stock_days":112,"lost_sales":0,"has_location":null,"update_date":"2026-01-30T01:25:13","atum_locations":[],"atum_stock_status":"outofstock","restock_status":false,"low_stock_amount":"","sales_update_date":"2026-01-30T01:25:13","calc_backorders":null,"_links":{"self":[{"href":"https:\/\/aromasentia.com\/de\/wp-json\/wp\/v2\/product\/236321","targetHints":{"allow":["GET"]}}],"collection":[{"href":"https:\/\/aromasentia.com\/de\/wp-json\/wp\/v2\/product"}],"about":[{"href":"https:\/\/aromasentia.com\/de\/wp-json\/wp\/v2\/types\/product"}],"replies":[{"embeddable":true,"href":"https:\/\/aromasentia.com\/de\/wp-json\/wp\/v2\/comments?post=236321"}],"version-history":[{"count":0,"href":"https:\/\/aromasentia.com\/de\/wp-json\/wp\/v2\/product\/236321\/revisions"}],"wp:featuredmedia":[{"embeddable":true,"href":"https:\/\/aromasentia.com\/de\/wp-json\/wp\/v2\/media\/310674"}],"wp:attachment":[{"href":"https:\/\/aromasentia.com\/de\/wp-json\/wp\/v2\/media?parent=236321"}],"wp:term":[{"taxonomy":"product_brand","embeddable":true,"href":"https:\/\/aromasentia.com\/de\/wp-json\/wp\/v2\/product_brand?post=236321"},{"taxonomy":"product_cat","embeddable":true,"href":"https:\/\/aromasentia.com\/de\/wp-json\/wp\/v2\/product_cat?post=236321"},{"taxonomy":"product_tag","embeddable":true,"href":"https:\/\/aromasentia.com\/de\/wp-json\/wp\/v2\/product_tag?post=236321"}],"curies":[{"name":"wp","href":"https:\/\/api.w.org\/{rel}","templated":true}]}}