{"id":236305,"date":"2025-03-21T11:33:11","date_gmt":"2025-03-21T11:33:11","guid":{"rendered":"https:\/\/aromasentia.com\/product\/no-0-granite-candle-holder\/"},"modified":"2025-12-30T20:22:37","modified_gmt":"2025-12-30T20:22:37","slug":"no-0-granite-candle-holder","status":"publish","type":"product","link":"https:\/\/aromasentia.com\/de\/no-0-granite-candle-holder\/","title":{"rendered":"No.0 Granite Candle Holder"},"content":{"rendered":"<p><strong>Gro\u00dfhandel Granit Zahlen<\/strong> <strong>Kerzenhalter &#8211; No. 0&nbsp;<\/strong>werden jede passende Kerze einfach perfekt anzeigen und f\u00fcgen den modernen Touch zu jedem Wohnbereich hinzu.<\/p>\n<p>Inspirieren Sie Ihre Kunden, sie als Dekoration f\u00fcr Hochzeitstische oder in Geburtstagsfeiern zu verwenden.<\/p>\n<p>Sorgf\u00e4ltig und mit viel Liebe zum Detail in Indonesien von einem kleinen Familienbetrieb handgefertigt.<\/p>\n<p>Diese Designs aus Sandstein und Granit erm\u00f6glichen es Ihnen, ein hervorragendes Display zu kreieren, dass sicherlich die Zahlen zu Ihren Gunsten ausfallen lassen wird. &nbsp;<\/p>\n<p><strong>Bestellen Sie jetzt und geben Sie dem Wohnraum Ihrer Kunden den letzten Schliff.<\/strong><\/p>\n","protected":false},"excerpt":{"rendered":"<p>Gro\u00dfhandel Granit Zahlen Kerzenhalter &#8211; No. 0&nbsp;werden jede passende Kerze einfach perfekt anzeigen und f\u00fcgen den modernen Touch zu jedem Wohnbereich hinzu. Inspirieren Sie Ihre Kunden, sie als Dekoration f\u00fcr Hochzeitstische oder in Geburtstagsfeiern zu verwenden. Sorgf\u00e4ltig und mit viel Liebe zum Detail in Indonesien von einem kleinen Familienbetrieb handgefertigt. Diese Designs aus Sandstein und [&hellip;]<\/p>\n","protected":false},"featured_media":310486,"comment_status":"closed","ping_status":"open","template":"","meta":[],"product_brand":[],"product_cat":[17466],"product_tag":[],"class_list":{"0":"post-236305","1":"product","2":"type-product","3":"status-publish","4":"has-post-thumbnail","6":"product_cat-kerzenhalter-und-kerzen","7":"pa_made-in-indonesien","9":"first","10":"outofstock","11":"purchasable","12":"product-type-simple"},"supplier_id":null,"supplier_sku":"SBN-10S","barcode":null,"atum_controlled":true,"out_stock_date":"2025-10-09 12:47:23","out_stock_threshold":null,"inheritable":false,"inbound_stock":null,"stock_on_hold":0,"sold_today":0,"sales_last_days":0,"reserved_stock":null,"customer_returns":null,"warehouse_damage":null,"lost_in_post":null,"other_logs":null,"out_stock_days":112,"lost_sales":0,"has_location":null,"update_date":"2026-01-30T01:25:13","atum_locations":[],"atum_stock_status":"outofstock","restock_status":false,"low_stock_amount":"","sales_update_date":"2026-01-30T01:25:13","calc_backorders":null,"_links":{"self":[{"href":"https:\/\/aromasentia.com\/de\/wp-json\/wp\/v2\/product\/236305","targetHints":{"allow":["GET"]}}],"collection":[{"href":"https:\/\/aromasentia.com\/de\/wp-json\/wp\/v2\/product"}],"about":[{"href":"https:\/\/aromasentia.com\/de\/wp-json\/wp\/v2\/types\/product"}],"replies":[{"embeddable":true,"href":"https:\/\/aromasentia.com\/de\/wp-json\/wp\/v2\/comments?post=236305"}],"version-history":[{"count":0,"href":"https:\/\/aromasentia.com\/de\/wp-json\/wp\/v2\/product\/236305\/revisions"}],"wp:featuredmedia":[{"embeddable":true,"href":"https:\/\/aromasentia.com\/de\/wp-json\/wp\/v2\/media\/310486"}],"wp:attachment":[{"href":"https:\/\/aromasentia.com\/de\/wp-json\/wp\/v2\/media?parent=236305"}],"wp:term":[{"taxonomy":"product_brand","embeddable":true,"href":"https:\/\/aromasentia.com\/de\/wp-json\/wp\/v2\/product_brand?post=236305"},{"taxonomy":"product_cat","embeddable":true,"href":"https:\/\/aromasentia.com\/de\/wp-json\/wp\/v2\/product_cat?post=236305"},{"taxonomy":"product_tag","embeddable":true,"href":"https:\/\/aromasentia.com\/de\/wp-json\/wp\/v2\/product_tag?post=236305"}],"curies":[{"name":"wp","href":"https:\/\/api.w.org\/{rel}","templated":true}]}}