{"id":236293,"date":"2025-03-21T11:33:11","date_gmt":"2025-03-21T11:33:11","guid":{"rendered":"https:\/\/aromasentia.com\/product\/no-5-granite-candle-holder\/"},"modified":"2025-12-30T20:22:29","modified_gmt":"2025-12-30T20:22:29","slug":"no-5-granite-candle-holder","status":"publish","type":"product","link":"https:\/\/aromasentia.com\/de\/no-5-granite-candle-holder\/","title":{"rendered":"No.5 Granite Candle Holder"},"content":{"rendered":"<p><strong>Kerzenhalter aus Granit mit Zahlen<\/strong> \u2013 eine wundersch\u00f6ne Kerzenpr\u00e4sentation. Ein klassisches Design, das in jedem Raum gut aussieht. Sie k\u00f6nnen sich vorstellen, wie Ihre Kunden ihn bei Geburtstagsfeiern oder als Tischdekoration f\u00fcr Hochzeiten verwenden.<\/p>\n<p>Dieser Kerzenhalter mit Zahlen wird in Indonesien von einem kleinen Familienunternehmen sorgf\u00e4ltig handgefertigt, um dem Produkt besondere Aufmerksamkeit und Details zu verleihen.<\/p>\n<p>Mit diesen Designs aus Sandstein und Granit gestalten Sie eine au\u00dfergew\u00f6hnliche Pr\u00e4sentation, bei der die Zahlen sicherlich zu Ihren Gunsten wirken.<\/p>\n","protected":false},"excerpt":{"rendered":"<p>Kerzenhalter aus Granit mit Zahlen \u2013 eine wundersch\u00f6ne Kerzenpr\u00e4sentation. Ein klassisches Design, das in jedem Raum gut aussieht. Sie k\u00f6nnen sich vorstellen, wie Ihre Kunden ihn bei Geburtstagsfeiern oder als Tischdekoration f\u00fcr Hochzeiten verwenden. Dieser Kerzenhalter mit Zahlen wird in Indonesien von einem kleinen Familienunternehmen sorgf\u00e4ltig handgefertigt, um dem Produkt besondere Aufmerksamkeit und Details zu [&hellip;]<\/p>\n","protected":false},"featured_media":310355,"comment_status":"closed","ping_status":"open","template":"","meta":[],"product_brand":[],"product_cat":[17466],"product_tag":[],"class_list":{"0":"post-236293","1":"product","2":"type-product","3":"status-publish","4":"has-post-thumbnail","6":"product_cat-kerzenhalter-und-kerzen","7":"pa_made-in-indonesien","9":"first","10":"instock","11":"purchasable","12":"product-type-simple"},"supplier_id":null,"supplier_sku":"SBN-05S","barcode":null,"atum_controlled":true,"out_stock_date":null,"out_stock_threshold":null,"inheritable":false,"inbound_stock":null,"stock_on_hold":0,"sold_today":0,"sales_last_days":0,"reserved_stock":null,"customer_returns":null,"warehouse_damage":null,"lost_in_post":null,"other_logs":null,"out_stock_days":0,"lost_sales":0,"has_location":null,"update_date":"2026-02-11T09:34:02","atum_locations":[],"atum_stock_status":"instock","restock_status":false,"low_stock_amount":"","sales_update_date":"2025-09-05T00:22:01","calc_backorders":null,"_links":{"self":[{"href":"https:\/\/aromasentia.com\/de\/wp-json\/wp\/v2\/product\/236293","targetHints":{"allow":["GET"]}}],"collection":[{"href":"https:\/\/aromasentia.com\/de\/wp-json\/wp\/v2\/product"}],"about":[{"href":"https:\/\/aromasentia.com\/de\/wp-json\/wp\/v2\/types\/product"}],"replies":[{"embeddable":true,"href":"https:\/\/aromasentia.com\/de\/wp-json\/wp\/v2\/comments?post=236293"}],"version-history":[{"count":0,"href":"https:\/\/aromasentia.com\/de\/wp-json\/wp\/v2\/product\/236293\/revisions"}],"wp:featuredmedia":[{"embeddable":true,"href":"https:\/\/aromasentia.com\/de\/wp-json\/wp\/v2\/media\/310355"}],"wp:attachment":[{"href":"https:\/\/aromasentia.com\/de\/wp-json\/wp\/v2\/media?parent=236293"}],"wp:term":[{"taxonomy":"product_brand","embeddable":true,"href":"https:\/\/aromasentia.com\/de\/wp-json\/wp\/v2\/product_brand?post=236293"},{"taxonomy":"product_cat","embeddable":true,"href":"https:\/\/aromasentia.com\/de\/wp-json\/wp\/v2\/product_cat?post=236293"},{"taxonomy":"product_tag","embeddable":true,"href":"https:\/\/aromasentia.com\/de\/wp-json\/wp\/v2\/product_tag?post=236293"}],"curies":[{"name":"wp","href":"https:\/\/api.w.org\/{rel}","templated":true}]}}