{"id":236269,"date":"2025-03-21T11:36:29","date_gmt":"2025-03-21T11:36:29","guid":{"rendered":"https:\/\/aromasentia.com\/product\/soybean-jar-candle-bamboo\/"},"modified":"2025-12-30T20:22:29","modified_gmt":"2025-12-30T20:22:29","slug":"sojawachskerze-in-glas-bambus","status":"publish","type":"product","link":"https:\/\/aromasentia.com\/de\/sojawachskerze-in-glas-bambus\/","title":{"rendered":"Sojawachskerze in Glas &#8222;Bambus&#8220;"},"content":{"rendered":"<p>Die <strong>Bambus-Sojabohnen-Glaskerze<\/strong> ist ein sch\u00f6nes und aufmerksames Geschenk und die perfekte Erg\u00e4nzung f\u00fcr Ihre Sammlung.&nbsp;<\/p>\n<p>Diese Kerze wird aus geh\u00e4rtetem Soja\u00f6l hergestellt und ist daher frei von synthetischem Wachs oder Paraffin. Diese sch\u00f6ne Kerze wird in einem dicken Recyclingglas pr\u00e4sentiert, kann wiederverwendet werden und ist h\u00fcbsch verpackt mit einer speziellen Staubschutzh\u00fclle. Und wenn Sie die sch\u00f6ne Verpackung nicht anspricht, dann wird es der aromatische Bambusduft auf jeden Fall tun.&nbsp;<\/p>\n<p>Sojawachs ist so viel sch\u00f6ner, sauberer und nat\u00fcrlicher als Paraffinkerzen. Etwas teurer, aber es lohnt sich. Sojabohnen-Glaskerzen brennen sauberer und k\u00fchler und hinterlassen nur minimale Wachsr\u00fcckst\u00e4nde.&nbsp;<\/p>\n<p>Ja, teurer als Paraffinwachs, aber vergleichen Sie unsere Preise f\u00fcr Sojawachs \u2013 hergestellt in unserer eigenen Fabrik, um Reinheit und Qualit\u00e4t zu gew\u00e4hrleisten \u2013 ein gro\u00dfartiges Preis-Leistungs-Verh\u00e4ltnis im Vergleich zu bestehenden Produkten. &nbsp;Garantierter Duftgehalt von 3 %, lange Brenndauer und sehr umweltfreundlich.&nbsp;<\/p>\n<p>Hohe Qualit\u00e4t, tolles Preis-Leistungs-Verh\u00e4ltnis, sieht fantastisch aus und riecht fantastisch \u2026 wie k\u00f6nnen Sie da widerstehen?<\/p>\n<p>Bestellen Sie noch heute, um dieses wundersch\u00f6ne Produkt zu erhalten.<\/p>\n","protected":false},"excerpt":{"rendered":"<p>Die Bambus-Sojabohnen-Glaskerze ist ein sch\u00f6nes und aufmerksames Geschenk und die perfekte Erg\u00e4nzung f\u00fcr Ihre Sammlung.&nbsp; Diese Kerze wird aus geh\u00e4rtetem Soja\u00f6l hergestellt und ist daher frei von synthetischem Wachs oder Paraffin. Diese sch\u00f6ne Kerze wird in einem dicken Recyclingglas pr\u00e4sentiert, kann wiederverwendet werden und ist h\u00fcbsch verpackt mit einer speziellen Staubschutzh\u00fclle. Und wenn Sie die [&hellip;]<\/p>\n","protected":false},"featured_media":311351,"comment_status":"closed","ping_status":"open","template":"","meta":[],"product_brand":[],"product_cat":[19992,17466,19993],"product_tag":[],"class_list":{"0":"post-236269","1":"product","2":"type-product","3":"status-publish","4":"has-post-thumbnail","6":"product_cat-duftkerzen-und-sojawachskerzen","7":"product_cat-kerzenhalter-und-kerzen","8":"product_cat-sojawachskerzen","9":"pa_collection-soy-wax-jar-candle-de","10":"pa_made-in-china","12":"first","13":"outofstock","14":"purchasable","15":"product-type-simple"},"supplier_id":null,"supplier_sku":"SoyC-07","barcode":null,"atum_controlled":true,"out_stock_date":"2025-10-09 12:45:21","out_stock_threshold":null,"inheritable":false,"inbound_stock":null,"stock_on_hold":0,"sold_today":0,"sales_last_days":0,"reserved_stock":null,"customer_returns":null,"warehouse_damage":null,"lost_in_post":null,"other_logs":null,"out_stock_days":112,"lost_sales":0,"has_location":null,"update_date":"2026-01-30T01:25:12","atum_locations":[],"atum_stock_status":"outofstock","restock_status":false,"low_stock_amount":"","sales_update_date":"2026-01-30T01:25:12","calc_backorders":null,"_links":{"self":[{"href":"https:\/\/aromasentia.com\/de\/wp-json\/wp\/v2\/product\/236269","targetHints":{"allow":["GET"]}}],"collection":[{"href":"https:\/\/aromasentia.com\/de\/wp-json\/wp\/v2\/product"}],"about":[{"href":"https:\/\/aromasentia.com\/de\/wp-json\/wp\/v2\/types\/product"}],"replies":[{"embeddable":true,"href":"https:\/\/aromasentia.com\/de\/wp-json\/wp\/v2\/comments?post=236269"}],"version-history":[{"count":0,"href":"https:\/\/aromasentia.com\/de\/wp-json\/wp\/v2\/product\/236269\/revisions"}],"wp:featuredmedia":[{"embeddable":true,"href":"https:\/\/aromasentia.com\/de\/wp-json\/wp\/v2\/media\/311351"}],"wp:attachment":[{"href":"https:\/\/aromasentia.com\/de\/wp-json\/wp\/v2\/media?parent=236269"}],"wp:term":[{"taxonomy":"product_brand","embeddable":true,"href":"https:\/\/aromasentia.com\/de\/wp-json\/wp\/v2\/product_brand?post=236269"},{"taxonomy":"product_cat","embeddable":true,"href":"https:\/\/aromasentia.com\/de\/wp-json\/wp\/v2\/product_cat?post=236269"},{"taxonomy":"product_tag","embeddable":true,"href":"https:\/\/aromasentia.com\/de\/wp-json\/wp\/v2\/product_tag?post=236269"}],"curies":[{"name":"wp","href":"https:\/\/api.w.org\/{rel}","templated":true}]}}