{"id":236205,"date":"2025-03-21T11:38:53","date_gmt":"2025-03-21T11:38:53","guid":{"rendered":"https:\/\/aromasentia.com\/product\/set-of-6-scented-tealights-strawberry\/"},"modified":"2025-12-30T20:22:15","modified_gmt":"2025-12-30T20:22:15","slug":"6-duftteelichter-strawberry","status":"publish","type":"product","link":"https:\/\/aromasentia.com\/de\/6-duftteelichter-strawberry\/","title":{"rendered":"6 Duftteelichter &#8211; Strawberry"},"content":{"rendered":"<p><strong><span style=\"color: rgb(75, 80, 88);\">Mit diesem 6er-Set Duftteelichter &#8211; Erdbeere<\/span><\/strong><span style=\"color: rgb(75, 80, 88);\">schaffen Sie schnell und einfach eine stimmungsvolle Atmosph\u00e4re. W\u00e4hlen Sie aus verschiedenen fantastischen D\u00fcften.<\/span><\/p>\n<p><span style=\"color: rgb(75, 80, 88);\">Diese Duftteelichter k\u00f6nnen in verschiedenen Kerzenhaltern und Laternen verwendet werden. Sie eignen sich perfekt f\u00fcr kleinere R\u00e4ume. Schachtel mit 15 Sets mit je 6 Teelichtern.&nbsp;<\/span><\/p>\n<p><span style=\"color: rgb(75, 80, 88);\">Brennt bis zu 4 Stunden.&nbsp;<\/span><\/p>\n<p><span style=\"color: rgb(75, 80, 88);\">Kerzengr\u00f6\u00dfe: 3,7 x 1,2 cm (10 g) Schachtelgr\u00f6\u00dfe: 12 x 8 x 1,7 cm Schachtel (70 g) Bestellen Sie noch heute, um wiederholt Beleuchtungsk\u00e4ufe zu t\u00e4tigen.<\/span><\/p>\n","protected":false},"excerpt":{"rendered":"<p>Mit diesem 6er-Set Duftteelichter &#8211; Erdbeereschaffen Sie schnell und einfach eine stimmungsvolle Atmosph\u00e4re. W\u00e4hlen Sie aus verschiedenen fantastischen D\u00fcften. Diese Duftteelichter k\u00f6nnen in verschiedenen Kerzenhaltern und Laternen verwendet werden. Sie eignen sich perfekt f\u00fcr kleinere R\u00e4ume. Schachtel mit 15 Sets mit je 6 Teelichtern.&nbsp; Brennt bis zu 4 Stunden.&nbsp; Kerzengr\u00f6\u00dfe: 3,7 x 1,2 cm (10 [&hellip;]<\/p>\n","protected":false},"featured_media":312376,"comment_status":"closed","ping_status":"open","template":"","meta":{"_angie_page":false},"product_brand":[],"product_cat":[25841,19992,26529,26847,17466,20050],"product_tag":[],"class_list":{"0":"post-236205","1":"product","2":"type-product","3":"status-publish","4":"has-post-thumbnail","6":"product_cat-dufte-aromen","7":"product_cat-duftkerzen-und-sojawachskerzen","8":"product_cat-erdbeere","9":"product_cat-fruchtig","10":"product_cat-kerzenhalter-und-kerzen","11":"product_cat-stumpenkerzen","12":"pa_collection-set-of-6-scented-tealights-de","13":"pa_made-in-polen","15":"first","16":"instock","17":"purchasable","18":"product-type-simple"},"supplier_id":null,"supplier_sku":"STL-16","barcode":null,"atum_controlled":true,"out_stock_date":null,"out_stock_threshold":null,"inheritable":false,"inbound_stock":null,"stock_on_hold":0,"sold_today":0,"sales_last_days":0,"reserved_stock":null,"customer_returns":null,"warehouse_damage":null,"lost_in_post":null,"other_logs":null,"out_stock_days":0,"lost_sales":0,"has_location":null,"update_date":"2026-04-27T07:23:47","atum_locations":[],"atum_stock_status":"instock","restock_status":false,"low_stock_amount":"","sales_update_date":"2026-02-06T00:02:38","calc_backorders":null,"_links":{"self":[{"href":"https:\/\/aromasentia.com\/de\/wp-json\/wp\/v2\/product\/236205","targetHints":{"allow":["GET"]}}],"collection":[{"href":"https:\/\/aromasentia.com\/de\/wp-json\/wp\/v2\/product"}],"about":[{"href":"https:\/\/aromasentia.com\/de\/wp-json\/wp\/v2\/types\/product"}],"replies":[{"embeddable":true,"href":"https:\/\/aromasentia.com\/de\/wp-json\/wp\/v2\/comments?post=236205"}],"version-history":[{"count":0,"href":"https:\/\/aromasentia.com\/de\/wp-json\/wp\/v2\/product\/236205\/revisions"}],"wp:featuredmedia":[{"embeddable":true,"href":"https:\/\/aromasentia.com\/de\/wp-json\/wp\/v2\/media\/312376"}],"wp:attachment":[{"href":"https:\/\/aromasentia.com\/de\/wp-json\/wp\/v2\/media?parent=236205"}],"wp:term":[{"taxonomy":"product_brand","embeddable":true,"href":"https:\/\/aromasentia.com\/de\/wp-json\/wp\/v2\/product_brand?post=236205"},{"taxonomy":"product_cat","embeddable":true,"href":"https:\/\/aromasentia.com\/de\/wp-json\/wp\/v2\/product_cat?post=236205"},{"taxonomy":"product_tag","embeddable":true,"href":"https:\/\/aromasentia.com\/de\/wp-json\/wp\/v2\/product_tag?post=236205"}],"curies":[{"name":"wp","href":"https:\/\/api.w.org\/{rel}","templated":true}]}}