{"id":236165,"date":"2025-03-21T11:38:53","date_gmt":"2025-03-21T11:38:53","guid":{"rendered":"https:\/\/aromasentia.com\/product\/midnight-rose-soy-pot-of-fragrance-candle\/"},"modified":"2025-12-30T20:22:08","modified_gmt":"2025-12-30T20:22:08","slug":"sojawachskerze-in-glas-mit-korkdeckel-mitternachtsrose","status":"publish","type":"product","link":"https:\/\/aromasentia.com\/de\/sojawachskerze-in-glas-mit-korkdeckel-mitternachtsrose\/","title":{"rendered":"Sojawachskerze in Glas mit Korkdeckel &#8222;Mitternachtsrose&#8220;"},"content":{"rendered":"<p>Dieses Sortiment von <strong>Gro\u00dfhandel Midnight Rose Sojakerzen<\/strong> wird in Glasgef\u00e4\u00dfen mit Korkdeckel pr\u00e4sentiert. Jede Kerze hat ein nat\u00fcrliches Etikett, das mit Juteschnur befestigt ist. Jede Schachtel enth\u00e4lt 6 Sojabohnenkerzen, die sofort in Ihrem Gesch\u00e4ft verkauft werden k\u00f6nnen.<\/p>\n<p>Die Soja-Duftkerzen werden in unserer Fabrik in Yiwu hergestellt, um Reinheit und Qualit\u00e4t zu gew\u00e4hrleisten, und sind im Vergleich zu bestehenden Sojaprodukten sehr preiswert. Garantiert 3% Duftgehalt, lange Brenndauer und sehr umweltfreundlich.<\/p>\n<p>Die Brenndauer dieser Sojakerze betr\u00e4gt ca. 20 Stunden. Wenn Sie versuchen, Ihre Sojawachskerze l\u00e4nger brennen zu lassen, ist es wichtig, die Kerze zu Beginn ca. 2 Stunden brennen zu lassen, damit Ihre Kerze ihren ersten Memory-Brand entwickeln kann. Dies erh\u00f6ht die Duftausbreitung und sorgt f\u00fcr ein volles Schmelzbad des Wachses. Halten Sie den Docht immer in der Mitte.<\/p>\n<p>Um zu verhindern, dass Ihre Sojawachskerze schwarzen Ru\u00df bildet, schneiden Sie den Docht immer auf &frac14; zu, bevor Sie die Kerze anz\u00fcnden. Brennen Sie Ihre Kerze immer auf einer stabilen und hitzebest\u00e4ndigen Oberfl\u00e4che ab. Sch\u00fctzen Sie sich vor Zugluft. Brennen Sie die Kerze nicht ab, wenn das Wachs weniger als &frac12; Zoll vom Boden entfernt ist. Ber\u00fchren oder bewegen Sie die Kerze nicht, w\u00e4hrend sie brennt oder wenn das Wachs hei\u00df ist. Au\u00dferhalb der Reichweite von Kindern und Haustieren aufbewahren. Lassen Sie die Kerze nicht unbeaufsichtigt, w\u00e4hrend sie brennt.<\/p>\n<p><strong>Bitte brennen Sie die Kerze nicht ununterbrochen \u00fcber einen l\u00e4ngeren Zeitraum.<\/strong><\/p>\n<p><strong>Bitte vergewissern Sie sich, dass der Docht nicht l\u00e4nger als 5-10mm ist, bevor Sie die Kerze benutzen (bitte schneiden Sie ihn vor jedem Gebrauch ab, falls n\u00f6tig)<\/strong><\/p>\n","protected":false},"excerpt":{"rendered":"<p>Dieses Sortiment von Gro\u00dfhandel Midnight Rose Sojakerzen wird in Glasgef\u00e4\u00dfen mit Korkdeckel pr\u00e4sentiert. Jede Kerze hat ein nat\u00fcrliches Etikett, das mit Juteschnur befestigt ist. Jede Schachtel enth\u00e4lt 6 Sojabohnenkerzen, die sofort in Ihrem Gesch\u00e4ft verkauft werden k\u00f6nnen. Die Soja-Duftkerzen werden in unserer Fabrik in Yiwu hergestellt, um Reinheit und Qualit\u00e4t zu gew\u00e4hrleisten, und sind im [&hellip;]<\/p>\n","protected":false},"featured_media":312126,"comment_status":"closed","ping_status":"open","template":"","meta":{"_angie_page":false},"product_brand":[],"product_cat":[26833,25841,17466,26370,19993],"product_tag":[],"class_list":{"0":"post-236165","1":"product","2":"type-product","3":"status-publish","4":"has-post-thumbnail","6":"product_cat-blumig","7":"product_cat-dufte-aromen","8":"product_cat-kerzenhalter-und-kerzen","9":"product_cat-rosen","10":"product_cat-sojawachskerzen","11":"pa_collection-soy-wax-candle-pots-de","12":"pa_made-in-china","14":"first","15":"instock","16":"purchasable","17":"product-type-simple"},"supplier_id":null,"supplier_sku":"SoyP-10","barcode":null,"atum_controlled":true,"out_stock_date":null,"out_stock_threshold":null,"inheritable":false,"inbound_stock":null,"stock_on_hold":0,"sold_today":0,"sales_last_days":0,"reserved_stock":null,"customer_returns":null,"warehouse_damage":null,"lost_in_post":null,"other_logs":null,"out_stock_days":0,"lost_sales":0,"has_location":null,"update_date":"2026-04-27T07:22:02","atum_locations":[],"atum_stock_status":"instock","restock_status":false,"low_stock_amount":"","sales_update_date":"2025-09-05T00:22:12","calc_backorders":null,"_links":{"self":[{"href":"https:\/\/aromasentia.com\/de\/wp-json\/wp\/v2\/product\/236165","targetHints":{"allow":["GET"]}}],"collection":[{"href":"https:\/\/aromasentia.com\/de\/wp-json\/wp\/v2\/product"}],"about":[{"href":"https:\/\/aromasentia.com\/de\/wp-json\/wp\/v2\/types\/product"}],"replies":[{"embeddable":true,"href":"https:\/\/aromasentia.com\/de\/wp-json\/wp\/v2\/comments?post=236165"}],"version-history":[{"count":0,"href":"https:\/\/aromasentia.com\/de\/wp-json\/wp\/v2\/product\/236165\/revisions"}],"wp:featuredmedia":[{"embeddable":true,"href":"https:\/\/aromasentia.com\/de\/wp-json\/wp\/v2\/media\/312126"}],"wp:attachment":[{"href":"https:\/\/aromasentia.com\/de\/wp-json\/wp\/v2\/media?parent=236165"}],"wp:term":[{"taxonomy":"product_brand","embeddable":true,"href":"https:\/\/aromasentia.com\/de\/wp-json\/wp\/v2\/product_brand?post=236165"},{"taxonomy":"product_cat","embeddable":true,"href":"https:\/\/aromasentia.com\/de\/wp-json\/wp\/v2\/product_cat?post=236165"},{"taxonomy":"product_tag","embeddable":true,"href":"https:\/\/aromasentia.com\/de\/wp-json\/wp\/v2\/product_tag?post=236165"}],"curies":[{"name":"wp","href":"https:\/\/api.w.org\/{rel}","templated":true}]}}