{"id":236149,"date":"2025-03-21T11:39:37","date_gmt":"2025-03-21T11:39:37","guid":{"rendered":"https:\/\/aromasentia.com\/product\/taper-candle-burgundy\/"},"modified":"2025-12-30T20:22:08","modified_gmt":"2025-12-30T20:22:08","slug":"leuchterkerzen-burgunder","status":"publish","type":"product","link":"https:\/\/aromasentia.com\/de\/leuchterkerzen-burgunder\/","title":{"rendered":"Leuchterkerzen &#8211; Burgunder"},"content":{"rendered":"<p>Licht des Augenblicks mit <strong>AWGfits-Stabkerzen \u2013 Burgunderrot<\/strong><\/p>\n<p>Dieses Produkt ist ein Muss f\u00fcr jeden Geschenkartikel-Onlineshop. Ideal auch f\u00fcr Restaurants, Catering und Veranstaltungen. Perfekt f\u00fcr stimmungsvolle Beleuchtung am Esstisch oder im Wohnzimmer Ihrer Kunden.<\/p>\n<p>Stabkerzen haben eine Brenndauer von ca. 7 Stunden mit einer sauberen, gleichm\u00e4\u00dfigen Flamme, rauchen und tropfen nicht und sind geruchs- und schmutzfrei. Hergestellt in Polen.<\/p>\n<p>Verkauft im Karton mit 10 Kerzen. W\u00e4hlen Sie aus verschiedenen Farben. Die Kerzen sind farbgetr\u00e4nkt und bestehen aus Paraffinwachs.<\/p>\n<p>* <strong>H\u00f6he:<\/strong> 24,5 cm * <strong>Durchmesser<\/strong>: 2,3 cm * <strong>Gewicht einer Kerze<\/strong>: 0,53 g * <strong>Brenndauer<\/strong>: 7 Stunden<\/p>\n<p>Hinweis: Bitte vor Gebrauch das Etikett lesen.<\/p>\n<p><strong>Diese Kerzen sind fast zu sch\u00f6n, um sie anzuz\u00fcnden. Erweitern Sie Ihr Produktportfolio noch heute und gewinnen Sie neue Kunden und mehr Umsatz.<\/strong><\/p>\n","protected":false},"excerpt":{"rendered":"<p>Licht des Augenblicks mit AWGfits-Stabkerzen \u2013 Burgunderrot Dieses Produkt ist ein Muss f\u00fcr jeden Geschenkartikel-Onlineshop. Ideal auch f\u00fcr Restaurants, Catering und Veranstaltungen. Perfekt f\u00fcr stimmungsvolle Beleuchtung am Esstisch oder im Wohnzimmer Ihrer Kunden. Stabkerzen haben eine Brenndauer von ca. 7 Stunden mit einer sauberen, gleichm\u00e4\u00dfigen Flamme, rauchen und tropfen nicht und sind geruchs- und schmutzfrei. [&hellip;]<\/p>\n","protected":false},"featured_media":312500,"comment_status":"closed","ping_status":"open","template":"","meta":{"_angie_page":false},"product_brand":[],"product_cat":[17466,20050],"product_tag":[],"class_list":{"0":"post-236149","1":"product","2":"type-product","3":"status-publish","4":"has-post-thumbnail","6":"product_cat-kerzenhalter-und-kerzen","7":"product_cat-stumpenkerzen","8":"pa_collection-pack-of-10-taper-candles-de","9":"pa_made-in-polen","11":"first","12":"outofstock","13":"purchasable","14":"product-type-simple"},"supplier_id":null,"supplier_sku":"TCand-04","barcode":null,"atum_controlled":true,"out_stock_date":"2025-09-05 16:26:28","out_stock_threshold":null,"inheritable":false,"inbound_stock":null,"stock_on_hold":0,"sold_today":0,"sales_last_days":0,"reserved_stock":null,"customer_returns":null,"warehouse_damage":null,"lost_in_post":null,"other_logs":null,"out_stock_days":0,"lost_sales":0,"has_location":null,"update_date":"2026-04-27T07:24:05","atum_locations":[],"atum_stock_status":"outofstock","restock_status":false,"low_stock_amount":"","sales_update_date":"2025-09-05T00:22:16","calc_backorders":null,"_links":{"self":[{"href":"https:\/\/aromasentia.com\/de\/wp-json\/wp\/v2\/product\/236149","targetHints":{"allow":["GET"]}}],"collection":[{"href":"https:\/\/aromasentia.com\/de\/wp-json\/wp\/v2\/product"}],"about":[{"href":"https:\/\/aromasentia.com\/de\/wp-json\/wp\/v2\/types\/product"}],"replies":[{"embeddable":true,"href":"https:\/\/aromasentia.com\/de\/wp-json\/wp\/v2\/comments?post=236149"}],"version-history":[{"count":0,"href":"https:\/\/aromasentia.com\/de\/wp-json\/wp\/v2\/product\/236149\/revisions"}],"wp:featuredmedia":[{"embeddable":true,"href":"https:\/\/aromasentia.com\/de\/wp-json\/wp\/v2\/media\/312500"}],"wp:attachment":[{"href":"https:\/\/aromasentia.com\/de\/wp-json\/wp\/v2\/media?parent=236149"}],"wp:term":[{"taxonomy":"product_brand","embeddable":true,"href":"https:\/\/aromasentia.com\/de\/wp-json\/wp\/v2\/product_brand?post=236149"},{"taxonomy":"product_cat","embeddable":true,"href":"https:\/\/aromasentia.com\/de\/wp-json\/wp\/v2\/product_cat?post=236149"},{"taxonomy":"product_tag","embeddable":true,"href":"https:\/\/aromasentia.com\/de\/wp-json\/wp\/v2\/product_tag?post=236149"}],"curies":[{"name":"wp","href":"https:\/\/api.w.org\/{rel}","templated":true}]}}