{"id":236093,"date":"2025-03-21T11:39:59","date_gmt":"2025-03-21T11:39:59","guid":{"rendered":"https:\/\/aromasentia.com\/product\/citronella-tealight-18x38-4hrs\/"},"modified":"2025-12-30T20:21:53","modified_gmt":"2025-12-30T20:21:53","slug":"citronella-tealight-18x38-4hrs","status":"publish","type":"product","link":"https:\/\/aromasentia.com\/de\/citronella-tealight-18x38-4hrs\/","title":{"rendered":"Citronella Tealight 18&#215;38 &#8211; 4hrs"},"content":{"rendered":"<p>Halten Sie sich l\u00e4stige Insekten mit diesem Citronella-Teelicht vom Leib, das etwa 4 Stunden lang Schutz bietet. Dieses Teelicht ist mit nat\u00fcrlichem Citronella-\u00d6l versetzt, das f\u00fcr seine insektenabwehrenden Eigenschaften bekannt ist, und eignet sich perfekt f\u00fcr Versammlungen im Freien, auf der Terrasse oder beim Camping. W\u00e4hrend es ein sanftes Licht spendet, verstr\u00f6mt es einen frischen, zitronigen Duft, den M\u00fccken und andere fliegende Insekten nicht m\u00f6gen. Mit diesem praktischen und angenehm duftenden Teelicht k\u00f6nnen Sie Ihre Zeit im Freien genie\u00dfen, ohne sich von M\u00fccken bel\u00e4stigen zu lassen.<\/p>\n","protected":false},"excerpt":{"rendered":"<p>Halten Sie sich l\u00e4stige Insekten mit diesem Citronella-Teelicht vom Leib, das etwa 4 Stunden lang Schutz bietet. Dieses Teelicht ist mit nat\u00fcrlichem Citronella-\u00d6l versetzt, das f\u00fcr seine insektenabwehrenden Eigenschaften bekannt ist, und eignet sich perfekt f\u00fcr Versammlungen im Freien, auf der Terrasse oder beim Camping. W\u00e4hrend es ein sanftes Licht spendet, verstr\u00f6mt es einen frischen, [&hellip;]<\/p>\n","protected":false},"featured_media":312680,"comment_status":"closed","ping_status":"open","template":"","meta":{"_angie_page":false},"product_brand":[],"product_cat":[26138,25841,17466,20050,26819],"product_tag":[],"class_list":{"0":"post-236093","1":"product","2":"type-product","3":"status-publish","4":"has-post-thumbnail","6":"product_cat-citronella","7":"product_cat-dufte-aromen","8":"product_cat-kerzenhalter-und-kerzen","9":"product_cat-stumpenkerzen","10":"product_cat-zitrus","11":"pa_collection-bulk-tea-lights-de","12":"pa_made-in-deutschland","14":"first","15":"outofstock","16":"purchasable","17":"product-type-simple"},"supplier_id":null,"supplier_sku":"TLS-13","barcode":null,"atum_controlled":true,"out_stock_date":"2025-09-05 16:36:56","out_stock_threshold":null,"inheritable":false,"inbound_stock":null,"stock_on_hold":0,"sold_today":0,"sales_last_days":0,"reserved_stock":null,"customer_returns":null,"warehouse_damage":null,"lost_in_post":null,"other_logs":null,"out_stock_days":0,"lost_sales":0,"has_location":null,"update_date":"2026-04-27T07:25:05","atum_locations":[],"atum_stock_status":"outofstock","restock_status":false,"low_stock_amount":"","sales_update_date":"2025-09-05T00:22:19","calc_backorders":null,"_links":{"self":[{"href":"https:\/\/aromasentia.com\/de\/wp-json\/wp\/v2\/product\/236093","targetHints":{"allow":["GET"]}}],"collection":[{"href":"https:\/\/aromasentia.com\/de\/wp-json\/wp\/v2\/product"}],"about":[{"href":"https:\/\/aromasentia.com\/de\/wp-json\/wp\/v2\/types\/product"}],"replies":[{"embeddable":true,"href":"https:\/\/aromasentia.com\/de\/wp-json\/wp\/v2\/comments?post=236093"}],"version-history":[{"count":0,"href":"https:\/\/aromasentia.com\/de\/wp-json\/wp\/v2\/product\/236093\/revisions"}],"wp:featuredmedia":[{"embeddable":true,"href":"https:\/\/aromasentia.com\/de\/wp-json\/wp\/v2\/media\/312680"}],"wp:attachment":[{"href":"https:\/\/aromasentia.com\/de\/wp-json\/wp\/v2\/media?parent=236093"}],"wp:term":[{"taxonomy":"product_brand","embeddable":true,"href":"https:\/\/aromasentia.com\/de\/wp-json\/wp\/v2\/product_brand?post=236093"},{"taxonomy":"product_cat","embeddable":true,"href":"https:\/\/aromasentia.com\/de\/wp-json\/wp\/v2\/product_cat?post=236093"},{"taxonomy":"product_tag","embeddable":true,"href":"https:\/\/aromasentia.com\/de\/wp-json\/wp\/v2\/product_tag?post=236093"}],"curies":[{"name":"wp","href":"https:\/\/api.w.org\/{rel}","templated":true}]}}