{"id":236077,"date":"2025-03-21T11:39:59","date_gmt":"2025-03-21T11:39:59","guid":{"rendered":"https:\/\/aromasentia.com\/product\/unscented-tealight-4hr\/"},"modified":"2025-12-30T20:21:53","modified_gmt":"2025-12-30T20:21:53","slug":"teelichter-4-stunden","status":"publish","type":"product","link":"https:\/\/aromasentia.com\/de\/teelichter-4-stunden\/","title":{"rendered":"Teelichter (4 Stunden)"},"content":{"rendered":"<p>Teelichter sind vielseitig einsetzbar und finden im Haus vielf\u00e4ltige Verwendungsm\u00f6glichkeiten. Sie k\u00f6nnen im Esszimmer als Tischdekoration, im Wohnzimmer als Blickfang vor dem Kamin, im Badezimmer zur Entspannung oder im Schlafzimmer f\u00fcr Romantik sorgen. Im Sommer k\u00f6nnen sie sogar im Freien f\u00fcr eine zauberhafte Atmosph\u00e4re sorgen, und mit Citronella-Nachtlichtern halten Sie Insekten fern. Ob Sie ein Gesch\u00e4ft, einen eBay-Shop, einen Marktstand, Online-H\u00e4ndler oder Autoverk\u00e4ufer betreiben, profitieren Sie von unseren g\u00fcnstigen Kerzen-Restposten.<\/p>\n","protected":false},"excerpt":{"rendered":"<p>Teelichter sind vielseitig einsetzbar und finden im Haus vielf\u00e4ltige Verwendungsm\u00f6glichkeiten. Sie k\u00f6nnen im Esszimmer als Tischdekoration, im Wohnzimmer als Blickfang vor dem Kamin, im Badezimmer zur Entspannung oder im Schlafzimmer f\u00fcr Romantik sorgen. Im Sommer k\u00f6nnen sie sogar im Freien f\u00fcr eine zauberhafte Atmosph\u00e4re sorgen, und mit Citronella-Nachtlichtern halten Sie Insekten fern. Ob Sie ein [&hellip;]<\/p>\n","protected":false},"featured_media":312644,"comment_status":"closed","ping_status":"open","template":"","meta":{"_angie_page":false},"product_brand":[],"product_cat":[17466,20050],"product_tag":[],"class_list":{"0":"post-236077","1":"product","2":"type-product","3":"status-publish","4":"has-post-thumbnail","6":"product_cat-kerzenhalter-und-kerzen","7":"product_cat-stumpenkerzen","8":"pa_collection-bulk-tea-lights-de","9":"pa_made-in-polen","11":"first","12":"outofstock","13":"purchasable","14":"product-type-simple"},"supplier_id":null,"supplier_sku":"TLS-07","barcode":null,"atum_controlled":true,"out_stock_date":"2025-09-05 16:36:42","out_stock_threshold":null,"inheritable":false,"inbound_stock":null,"stock_on_hold":0,"sold_today":0,"sales_last_days":0,"reserved_stock":null,"customer_returns":null,"warehouse_damage":null,"lost_in_post":null,"other_logs":null,"out_stock_days":0,"lost_sales":0,"has_location":null,"update_date":"2026-04-27T07:24:59","atum_locations":[],"atum_stock_status":"outofstock","restock_status":false,"low_stock_amount":"","sales_update_date":"2025-09-05T00:22:19","calc_backorders":null,"_links":{"self":[{"href":"https:\/\/aromasentia.com\/de\/wp-json\/wp\/v2\/product\/236077","targetHints":{"allow":["GET"]}}],"collection":[{"href":"https:\/\/aromasentia.com\/de\/wp-json\/wp\/v2\/product"}],"about":[{"href":"https:\/\/aromasentia.com\/de\/wp-json\/wp\/v2\/types\/product"}],"replies":[{"embeddable":true,"href":"https:\/\/aromasentia.com\/de\/wp-json\/wp\/v2\/comments?post=236077"}],"version-history":[{"count":0,"href":"https:\/\/aromasentia.com\/de\/wp-json\/wp\/v2\/product\/236077\/revisions"}],"wp:featuredmedia":[{"embeddable":true,"href":"https:\/\/aromasentia.com\/de\/wp-json\/wp\/v2\/media\/312644"}],"wp:attachment":[{"href":"https:\/\/aromasentia.com\/de\/wp-json\/wp\/v2\/media?parent=236077"}],"wp:term":[{"taxonomy":"product_brand","embeddable":true,"href":"https:\/\/aromasentia.com\/de\/wp-json\/wp\/v2\/product_brand?post=236077"},{"taxonomy":"product_cat","embeddable":true,"href":"https:\/\/aromasentia.com\/de\/wp-json\/wp\/v2\/product_cat?post=236077"},{"taxonomy":"product_tag","embeddable":true,"href":"https:\/\/aromasentia.com\/de\/wp-json\/wp\/v2\/product_tag?post=236077"}],"curies":[{"name":"wp","href":"https:\/\/api.w.org\/{rel}","templated":true}]}}