{"id":236033,"date":"2025-03-21T11:40:23","date_gmt":"2025-03-21T11:40:23","guid":{"rendered":"https:\/\/aromasentia.com\/product\/small-candle-stand-turquois-gold\/"},"modified":"2025-12-30T20:21:46","modified_gmt":"2025-12-30T20:21:46","slug":"kleiner-kerzenstaender-tuerkis-gold","status":"publish","type":"product","link":"https:\/\/aromasentia.com\/de\/kleiner-kerzenstaender-tuerkis-gold\/","title":{"rendered":"Kleiner Kerzenst\u00e4nder &#8211; T\u00fcrkis Gold"},"content":{"rendered":"<p>Holzkerzenst\u00e4nder im Vintage-Stil, perfekte, stilvolle handgefertigte Kerzenst\u00e4nder aus Holz. Sie sind ein echter Hingucker und ein Blickfang in jedem Zuhause. Hervorragende Qualit\u00e4t und modernes Design.<\/p>\n<p>Diese romantischen Kerzenst\u00e4nder sind aus nachhaltigem Albesia-Holz gefertigt und handgeschnitzt. Ideal f\u00fcr Kirchenkerzen.<\/p>\n","protected":false},"excerpt":{"rendered":"<p>Holzkerzenst\u00e4nder im Vintage-Stil, perfekte, stilvolle handgefertigte Kerzenst\u00e4nder aus Holz. Sie sind ein echter Hingucker und ein Blickfang in jedem Zuhause. Hervorragende Qualit\u00e4t und modernes Design. Diese romantischen Kerzenst\u00e4nder sind aus nachhaltigem Albesia-Holz gefertigt und handgeschnitzt. Ideal f\u00fcr Kirchenkerzen.<\/p>\n","protected":false},"featured_media":313120,"comment_status":"closed","ping_status":"open","template":"","meta":{"_angie_page":false},"product_brand":[],"product_cat":[17465,17466],"product_tag":[],"class_list":{"0":"post-236033","1":"product","2":"type-product","3":"status-publish","4":"has-post-thumbnail","6":"product_cat-kerzenhalter","7":"product_cat-kerzenhalter-und-kerzen","8":"pa_collection-vintage-candle-stands-de","9":"pa_made-in-indonesien","11":"first","12":"instock","13":"purchasable","14":"product-type-simple"},"supplier_id":null,"supplier_sku":"Vinstics-06","barcode":null,"atum_controlled":true,"out_stock_date":null,"out_stock_threshold":null,"inheritable":false,"inbound_stock":null,"stock_on_hold":0,"sold_today":0,"sales_last_days":0,"reserved_stock":null,"customer_returns":null,"warehouse_damage":null,"lost_in_post":null,"other_logs":null,"out_stock_days":0,"lost_sales":0,"has_location":null,"update_date":"2026-04-27T07:26:15","atum_locations":[],"atum_stock_status":"instock","restock_status":false,"low_stock_amount":"","sales_update_date":"2025-09-05T00:22:22","calc_backorders":null,"_links":{"self":[{"href":"https:\/\/aromasentia.com\/de\/wp-json\/wp\/v2\/product\/236033","targetHints":{"allow":["GET"]}}],"collection":[{"href":"https:\/\/aromasentia.com\/de\/wp-json\/wp\/v2\/product"}],"about":[{"href":"https:\/\/aromasentia.com\/de\/wp-json\/wp\/v2\/types\/product"}],"replies":[{"embeddable":true,"href":"https:\/\/aromasentia.com\/de\/wp-json\/wp\/v2\/comments?post=236033"}],"version-history":[{"count":0,"href":"https:\/\/aromasentia.com\/de\/wp-json\/wp\/v2\/product\/236033\/revisions"}],"wp:featuredmedia":[{"embeddable":true,"href":"https:\/\/aromasentia.com\/de\/wp-json\/wp\/v2\/media\/313120"}],"wp:attachment":[{"href":"https:\/\/aromasentia.com\/de\/wp-json\/wp\/v2\/media?parent=236033"}],"wp:term":[{"taxonomy":"product_brand","embeddable":true,"href":"https:\/\/aromasentia.com\/de\/wp-json\/wp\/v2\/product_brand?post=236033"},{"taxonomy":"product_cat","embeddable":true,"href":"https:\/\/aromasentia.com\/de\/wp-json\/wp\/v2\/product_cat?post=236033"},{"taxonomy":"product_tag","embeddable":true,"href":"https:\/\/aromasentia.com\/de\/wp-json\/wp\/v2\/product_tag?post=236033"}],"curies":[{"name":"wp","href":"https:\/\/api.w.org\/{rel}","templated":true}]}}