{"id":235993,"date":"2025-03-21T11:41:09","date_gmt":"2025-03-21T11:41:09","guid":{"rendered":"https:\/\/aromasentia.com\/product\/white-label-soy-wax-jar-candle-vanilla-shortbread\/"},"modified":"2025-12-30T20:21:38","modified_gmt":"2025-12-30T20:21:38","slug":"sojawachskerze-in-glas-ohne-etikett-vanille-butterkeks","status":"publish","type":"product","link":"https:\/\/aromasentia.com\/de\/sojawachskerze-in-glas-ohne-etikett-vanille-butterkeks\/","title":{"rendered":"Sojawachskerze in Glas &#8211; Ohne Etikett &#8222;Vanille Butterkeks&#8220;"},"content":{"rendered":"<p>Ihre Marke verdient es, \u00fcberall pr\u00e4sent zu sein! Kerzen sind zeitlose Dekorationsst\u00fccke, die Ihre Marke, Idee oder Ihr Engagement f\u00f6rdern und Ihre Anliegen unterst\u00fctzen. Deshalb pr\u00e4sentieren wir Ihnen die neue Reihe der White Label Sojawachskerzen, mit denen Sie Ihre eigenen Markenkerzen herstellen k\u00f6nnen, ohne ein Verm\u00f6gen auszugeben.<\/p>\n<p>Gestalten Sie jetzt Ihre eigenen Kerzen f\u00fcr Ihr Gesch\u00e4ft, Restaurant, Ihre Bar, Ihr B&#038;B oder f\u00fcr besondere Anl\u00e4sse f\u00fcr Ihre Lieben. Oder f\u00fcr jeden anderen, der Ihnen einf\u00e4llt. Ob Hochzeit, Valentinstag, Weihnachten oder einfach als Kundengeschenk \u2013 mit einer Private Label Kerze denkt der Empf\u00e4nger jedes Mal an Sie oder den besonderen Tag, wenn er den Docht anz\u00fcndet.<\/p>\n<p>Diese personalisierten Sojawachskerzen werden in robusten Recyclinggl\u00e4sern mit spezieller Staubschutzh\u00fclle und einem Warnschild mit Barcode am Boden pr\u00e4sentiert. F\u00fcgen Sie einfach Ihr Logo oder Design hinzu und machen Sie sie zu Ihrer eigenen. Seien Sie kreativ.<\/p>\n<p>Mit diesen wundersch\u00f6nen Sojawachskerzen k\u00f6nnen Sie Ihren Kunden eine hochwertige Kerzenoption zu einem vern\u00fcnftigen Preis anbieten.<br \/>Brenndauer: 30\u201335 Stunden. H: 8 cm, B: 7 cm, T: 7 cm.<\/p>\n<p><strong>Werden Sie kreativ, personalisieren Sie Ihre Kerze und sorgen Sie f\u00fcr zus\u00e4tzliche Verk\u00e4ufe. Bestellen Sie noch heute!<\/strong><\/p>\n","protected":false},"excerpt":{"rendered":"<p>Ihre Marke verdient es, \u00fcberall pr\u00e4sent zu sein! Kerzen sind zeitlose Dekorationsst\u00fccke, die Ihre Marke, Idee oder Ihr Engagement f\u00f6rdern und Ihre Anliegen unterst\u00fctzen. Deshalb pr\u00e4sentieren wir Ihnen die neue Reihe der White Label Sojawachskerzen, mit denen Sie Ihre eigenen Markenkerzen herstellen k\u00f6nnen, ohne ein Verm\u00f6gen auszugeben. Gestalten Sie jetzt Ihre eigenen Kerzen f\u00fcr Ihr [&hellip;]<\/p>\n","protected":false},"featured_media":667840,"comment_status":"closed","ping_status":"open","template":"","meta":[],"product_brand":[],"product_cat":[19992,17466,19993],"product_tag":[],"class_list":{"0":"post-235993","1":"product","2":"type-product","3":"status-publish","4":"has-post-thumbnail","6":"product_cat-duftkerzen-und-sojawachskerzen","7":"product_cat-kerzenhalter-und-kerzen","8":"product_cat-sojawachskerzen","9":"pa_collection-white-label-unbranded-soy-wax-jar-candles-de","10":"pa_made-in-china","12":"first","13":"outofstock","14":"purchasable","15":"product-type-simple"},"supplier_id":null,"supplier_sku":"WLSoyC-02","barcode":null,"atum_controlled":true,"out_stock_date":"2025-12-16 14:37:01","out_stock_threshold":null,"inheritable":false,"inbound_stock":null,"stock_on_hold":0,"sold_today":0,"sales_last_days":0,"reserved_stock":null,"customer_returns":null,"warehouse_damage":null,"lost_in_post":null,"other_logs":null,"out_stock_days":44,"lost_sales":0,"has_location":null,"update_date":"2026-01-30T01:26:31","atum_locations":[],"atum_stock_status":"outofstock","restock_status":false,"low_stock_amount":"","sales_update_date":"2026-01-30T01:26:31","calc_backorders":null,"_links":{"self":[{"href":"https:\/\/aromasentia.com\/de\/wp-json\/wp\/v2\/product\/235993","targetHints":{"allow":["GET"]}}],"collection":[{"href":"https:\/\/aromasentia.com\/de\/wp-json\/wp\/v2\/product"}],"about":[{"href":"https:\/\/aromasentia.com\/de\/wp-json\/wp\/v2\/types\/product"}],"replies":[{"embeddable":true,"href":"https:\/\/aromasentia.com\/de\/wp-json\/wp\/v2\/comments?post=235993"}],"version-history":[{"count":0,"href":"https:\/\/aromasentia.com\/de\/wp-json\/wp\/v2\/product\/235993\/revisions"}],"wp:featuredmedia":[{"embeddable":true,"href":"https:\/\/aromasentia.com\/de\/wp-json\/wp\/v2\/media\/667840"}],"wp:attachment":[{"href":"https:\/\/aromasentia.com\/de\/wp-json\/wp\/v2\/media?parent=235993"}],"wp:term":[{"taxonomy":"product_brand","embeddable":true,"href":"https:\/\/aromasentia.com\/de\/wp-json\/wp\/v2\/product_brand?post=235993"},{"taxonomy":"product_cat","embeddable":true,"href":"https:\/\/aromasentia.com\/de\/wp-json\/wp\/v2\/product_cat?post=235993"},{"taxonomy":"product_tag","embeddable":true,"href":"https:\/\/aromasentia.com\/de\/wp-json\/wp\/v2\/product_tag?post=235993"}],"curies":[{"name":"wp","href":"https:\/\/api.w.org\/{rel}","templated":true}]}}