{"id":235973,"date":"2025-03-21T11:41:09","date_gmt":"2025-03-21T11:41:09","guid":{"rendered":"https:\/\/aromasentia.com\/product\/wooden-birthday-number-no-7\/"},"modified":"2025-12-30T20:21:31","modified_gmt":"2025-12-30T20:21:31","slug":"wooden-birthday-number-no-7","status":"publish","type":"product","link":"https:\/\/aromasentia.com\/de\/wooden-birthday-number-no-7\/","title":{"rendered":"Wooden Birthday Number &#8211; No.7"},"content":{"rendered":"<p>Diese Holzzahlen sind aus Albesia-Holz handgeschnitzt und f\u00fcr den trendigen Look wei\u00df get\u00fcncht. Ein ganzes Dorf am Ufer des Mount Agung ist mit der Herstellung unserer Bestellungen besch\u00e4ftigt.<\/p>\n<p>Ich habe Ihnen bereits von dem netten Paar erz\u00e4hlt, das dieses Gesch\u00e4ft betreibt. Er ist der Dorfvorsteher und freut sich, dass sein ganzes Dorf Arbeit hat.<\/p>\n<p>Warum Zahlen? Also, ich habe vor einiger Zeit einen alten Freund besucht, sa\u00df in seinem Wohnzimmer, trank Wein und redete \u00fcber alte Zeiten. Auf einem B\u00fccherregal neben dem Fernseher stand eine h\u00fcbsch geschnitzte Zahl 60, umgeben von Bildern von seiner Feier zum 60. Geburtstag.<\/p>\n<p>\u201eDas hat meine Frau f\u00fcr mich gemacht\u201c, erkl\u00e4rte er. Was f\u00fcr ein sch\u00f6nes Geschenk, dachte ich, und kam auf die Idee mit den Holzzahlen. Dann dachte ich, was w\u00e4re, wenn oben in den Buchstaben Platz f\u00fcr eine Nachtlichtkerze w\u00e4re.<\/p>\n<p>Toll, jetzt k\u00f6nnen die Buchstaben als eine Art Geburtstagstorte verwendet werden \u2013 Sie k\u00f6nnen die Kerzen ausblasen. Sie k\u00f6nnten sogar auf eine Torte oder in ein Blumenarrangement passen. Ein perfektes Geburtstagsgeschenk und auch als einfacher, stilvoller Kerzenhalter n\u00fctzlich.<\/p>\n","protected":false},"excerpt":{"rendered":"<p>Diese Holzzahlen sind aus Albesia-Holz handgeschnitzt und f\u00fcr den trendigen Look wei\u00df get\u00fcncht. Ein ganzes Dorf am Ufer des Mount Agung ist mit der Herstellung unserer Bestellungen besch\u00e4ftigt. Ich habe Ihnen bereits von dem netten Paar erz\u00e4hlt, das dieses Gesch\u00e4ft betreibt. Er ist der Dorfvorsteher und freut sich, dass sein ganzes Dorf Arbeit hat. Warum [&hellip;]<\/p>\n","protected":false},"featured_media":313302,"comment_status":"closed","ping_status":"open","template":"","meta":{"_angie_page":false},"product_brand":[],"product_cat":[17466],"product_tag":[],"class_list":{"0":"post-235973","1":"product","2":"type-product","3":"status-publish","4":"has-post-thumbnail","6":"product_cat-kerzenhalter-und-kerzen","7":"pa_made-in-indonesien","9":"first","10":"instock","11":"purchasable","12":"product-type-simple"},"supplier_id":null,"supplier_sku":"WBN-07","barcode":null,"atum_controlled":true,"out_stock_date":null,"out_stock_threshold":null,"inheritable":false,"inbound_stock":null,"stock_on_hold":0,"sold_today":0,"sales_last_days":0,"reserved_stock":null,"customer_returns":null,"warehouse_damage":null,"lost_in_post":null,"other_logs":null,"out_stock_days":0,"lost_sales":0,"has_location":null,"update_date":"2026-04-27T07:26:52","atum_locations":[],"atum_stock_status":"instock","restock_status":false,"low_stock_amount":"","sales_update_date":"2026-01-30T01:26:09","calc_backorders":null,"_links":{"self":[{"href":"https:\/\/aromasentia.com\/de\/wp-json\/wp\/v2\/product\/235973","targetHints":{"allow":["GET"]}}],"collection":[{"href":"https:\/\/aromasentia.com\/de\/wp-json\/wp\/v2\/product"}],"about":[{"href":"https:\/\/aromasentia.com\/de\/wp-json\/wp\/v2\/types\/product"}],"replies":[{"embeddable":true,"href":"https:\/\/aromasentia.com\/de\/wp-json\/wp\/v2\/comments?post=235973"}],"version-history":[{"count":0,"href":"https:\/\/aromasentia.com\/de\/wp-json\/wp\/v2\/product\/235973\/revisions"}],"wp:featuredmedia":[{"embeddable":true,"href":"https:\/\/aromasentia.com\/de\/wp-json\/wp\/v2\/media\/313302"}],"wp:attachment":[{"href":"https:\/\/aromasentia.com\/de\/wp-json\/wp\/v2\/media?parent=235973"}],"wp:term":[{"taxonomy":"product_brand","embeddable":true,"href":"https:\/\/aromasentia.com\/de\/wp-json\/wp\/v2\/product_brand?post=235973"},{"taxonomy":"product_cat","embeddable":true,"href":"https:\/\/aromasentia.com\/de\/wp-json\/wp\/v2\/product_cat?post=235973"},{"taxonomy":"product_tag","embeddable":true,"href":"https:\/\/aromasentia.com\/de\/wp-json\/wp\/v2\/product_tag?post=235973"}],"curies":[{"name":"wp","href":"https:\/\/api.w.org\/{rel}","templated":true}]}}