{"id":235949,"date":"2025-03-21T11:42:30","date_gmt":"2025-03-21T11:42:30","guid":{"rendered":"https:\/\/aromasentia.com\/product\/zodiac-crystal-candle-with-gemstone-bracelet-gemini\/"},"modified":"2025-12-30T20:21:31","modified_gmt":"2025-12-30T20:21:31","slug":"sternzeichen-kristallkerze-mit-edelstein-armband-zwillinge","status":"publish","type":"product","link":"https:\/\/aromasentia.com\/de\/sternzeichen-kristallkerze-mit-edelstein-armband-zwillinge\/","title":{"rendered":"Sternzeichen Kristallkerze mit Edelstein Armband &#8211; Zwillinge"},"content":{"rendered":"<p><span style=\"color: rgb(75, 80, 88);\">Verk\u00f6rpern Sie die dynamische und anpassungsf\u00e4hige Energie der Zwillinge mit dieser Sternzeichen Kristallkerze. Der einzigartige Duft des orientalischen Tigerauges bringt W\u00e4rme und Ausgeglichenheit und erg\u00e4nzt perfekt die neugierige und lebhafte Natur dieses Luftzeichens.&nbsp;<\/span><\/p>\n<p><span style=\"color: rgb(75, 80, 88);\"><strong>Das Set enth\u00e4lt ein atemberaubendes Edelstein Armband aus Citrin, Rosenquarz und Mondstein, das passend zu den vielseitigen Eigenschaften der Zwillinge ausgew\u00e4hlt wurde:&nbsp;<\/strong><\/span><\/p>\n<p><span style=\"color: rgb(75, 80, 88);\"><strong>Citrin f\u00f6rdert Kreativit\u00e4t und Selbstvertrauen. Rosenquarz f\u00f6rdert Liebe, Mitgef\u00fchl und Harmonie. Mondstein st\u00e4rkt Intuition und emotionale Ausgeglichenheit.<\/strong><\/span><\/p>\n<p><span style=\"color: rgb(75, 80, 88);\">Diese lebendige Kombination aus Kerze und Armband ist ein aufmerksames Geschenk oder eine perfekte Erg\u00e4nzung zum eigenen Selbstpflegeritual und hilft Zwillingen, ihre duale Natur.&nbsp;<\/span><\/p>\n<p><span style=\"color: rgb(75, 80, 88);\"><em><strong>Kopfnoten: Bergamotte, Pfirsich<\/strong><\/em><\/span><\/p>\n<p><em><strong><span style=\"color: rgb(75, 80, 88);\">Herznoten: Orangenbl\u00fcte, Rose, Heliotrop, Lilie, Orchidee, Iris, Gardenie<\/span><\/strong><\/em><\/p>\n<p><span style=\"color: rgb(75, 80, 88);\"><strong><em>Basisnoten: Zedernholz, Amber, Moschus, Vetiver, Moos, Benzoe<\/em><\/strong><\/span><\/p>\n","protected":false},"excerpt":{"rendered":"<p>Verk\u00f6rpern Sie die dynamische und anpassungsf\u00e4hige Energie der Zwillinge mit dieser Sternzeichen Kristallkerze. Der einzigartige Duft des orientalischen Tigerauges bringt W\u00e4rme und Ausgeglichenheit und erg\u00e4nzt perfekt die neugierige und lebhafte Natur dieses Luftzeichens.&nbsp; Das Set enth\u00e4lt ein atemberaubendes Edelstein Armband aus Citrin, Rosenquarz und Mondstein, das passend zu den vielseitigen Eigenschaften der Zwillinge ausgew\u00e4hlt wurde:&nbsp; [&hellip;]<\/p>\n","protected":false},"featured_media":314090,"comment_status":"closed","ping_status":"open","template":"","meta":{"_angie_page":false},"product_brand":[],"product_cat":[25210,17466],"product_tag":[],"class_list":{"0":"post-235949","1":"product","2":"type-product","3":"status-publish","4":"has-post-thumbnail","6":"product_cat-armbaender","7":"product_cat-kerzenhalter-und-kerzen","8":"pa_collection-zodiac-crystal-candles-with-gemstone-bracelet-de","9":"pa_made-in-china","11":"first","12":"instock","13":"purchasable","14":"product-type-simple"},"supplier_id":null,"supplier_sku":"ZCC-05","barcode":null,"atum_controlled":true,"out_stock_date":null,"out_stock_threshold":null,"inheritable":false,"inbound_stock":null,"stock_on_hold":0,"sold_today":0,"sales_last_days":0,"reserved_stock":null,"customer_returns":null,"warehouse_damage":null,"lost_in_post":null,"other_logs":null,"out_stock_days":0,"lost_sales":0,"has_location":null,"update_date":"2026-04-27T07:27:29","atum_locations":[],"atum_stock_status":"instock","restock_status":false,"low_stock_amount":"","sales_update_date":"2025-09-05T00:22:27","calc_backorders":null,"_links":{"self":[{"href":"https:\/\/aromasentia.com\/de\/wp-json\/wp\/v2\/product\/235949","targetHints":{"allow":["GET"]}}],"collection":[{"href":"https:\/\/aromasentia.com\/de\/wp-json\/wp\/v2\/product"}],"about":[{"href":"https:\/\/aromasentia.com\/de\/wp-json\/wp\/v2\/types\/product"}],"replies":[{"embeddable":true,"href":"https:\/\/aromasentia.com\/de\/wp-json\/wp\/v2\/comments?post=235949"}],"version-history":[{"count":0,"href":"https:\/\/aromasentia.com\/de\/wp-json\/wp\/v2\/product\/235949\/revisions"}],"wp:featuredmedia":[{"embeddable":true,"href":"https:\/\/aromasentia.com\/de\/wp-json\/wp\/v2\/media\/314090"}],"wp:attachment":[{"href":"https:\/\/aromasentia.com\/de\/wp-json\/wp\/v2\/media?parent=235949"}],"wp:term":[{"taxonomy":"product_brand","embeddable":true,"href":"https:\/\/aromasentia.com\/de\/wp-json\/wp\/v2\/product_brand?post=235949"},{"taxonomy":"product_cat","embeddable":true,"href":"https:\/\/aromasentia.com\/de\/wp-json\/wp\/v2\/product_cat?post=235949"},{"taxonomy":"product_tag","embeddable":true,"href":"https:\/\/aromasentia.com\/de\/wp-json\/wp\/v2\/product_tag?post=235949"}],"curies":[{"name":"wp","href":"https:\/\/api.w.org\/{rel}","templated":true}]}}