{"id":235941,"date":"2025-03-21T11:42:30","date_gmt":"2025-03-21T11:42:30","guid":{"rendered":"https:\/\/aromasentia.com\/product\/zodiac-crystal-candle-with-gemstone-bracelet-aries\/"},"modified":"2025-12-30T20:21:31","modified_gmt":"2025-12-30T20:21:31","slug":"sternzeichen-kristallkerze-mit-edelstein-armband-widder","status":"publish","type":"product","link":"https:\/\/aromasentia.com\/de\/sternzeichen-kristallkerze-mit-edelstein-armband-widder\/","title":{"rendered":"Sternzeichen Kristallkerze mit Edelstein Armband &#8211; Widder"},"content":{"rendered":"<p><span style=\"color: rgb(75, 80, 88);\">Entfachen Sie die mutige und furchtlose Energie des Widders mit dieser Sternzeichen Kristallkerze. Der belebende Duft von Clear Quartz Freshness spiegelt den dynamischen und selbstbewussten Geist dieses feurigen Zeichens wider und schafft eine erhebende Atmosph\u00e4re f\u00fcr Neuanf\u00e4nge.&nbsp;<\/span><\/p>\n<p><span style=\"color: rgb(75, 80, 88);\"><strong>Im Set enthalten ist ein kraftvolles Edelstein Armband mit rotem Jaspis, Blutstein und H\u00e4matit, sorgf\u00e4ltig ausgew\u00e4hlt, um den Widder zu unterst\u00fctzen. St\u00e4rke und Entschlossenheit:<\/strong><\/span><\/p>\n<p><span style=\"color: rgb(75, 80, 88);\">Roter Jaspis st\u00e4rkt Mut und Vitalit\u00e4t. Blutstein verbessert Belastbarkeit und Konzentration. H\u00e4matit erdet Energie und f\u00f6rdert das Gleichgewicht. Dieses Set aus Kerze und Armband ist perfekt, um die unaufhaltsame Natur des Widders zu feiern. Es ist ein bedeutungsvolles Geschenk oder ein pers\u00f6nliches Ritual zur St\u00e4rkung.<\/span><\/p>\n<p><span style=\"color: rgb(75, 80, 88);\"><em><strong>Kopfnoten: Kiefer, Eukalyptus, Salbei, Thymian, Meersalz, Ozon<\/strong><\/em><\/span><\/p>\n<p><span style=\"color: rgb(75, 80, 88);\"><em><strong>Herznoten: Rose, Lilie, Jasmin, Flieder, Veilchen<\/strong><\/em><\/span><\/p>\n<p><span style=\"color: rgb(75, 80, 88);\"><strong><em>Basisnoten: Zedernholz, Ambe<\/em><\/strong>r<\/span><\/p>\n","protected":false},"excerpt":{"rendered":"<p>Entfachen Sie die mutige und furchtlose Energie des Widders mit dieser Sternzeichen Kristallkerze. Der belebende Duft von Clear Quartz Freshness spiegelt den dynamischen und selbstbewussten Geist dieses feurigen Zeichens wider und schafft eine erhebende Atmosph\u00e4re f\u00fcr Neuanf\u00e4nge.&nbsp; Im Set enthalten ist ein kraftvolles Edelstein Armband mit rotem Jaspis, Blutstein und H\u00e4matit, sorgf\u00e4ltig ausgew\u00e4hlt, um den [&hellip;]<\/p>\n","protected":false},"featured_media":314024,"comment_status":"closed","ping_status":"open","template":"","meta":{"_angie_page":false},"product_brand":[],"product_cat":[25210,17466],"product_tag":[],"class_list":{"0":"post-235941","1":"product","2":"type-product","3":"status-publish","4":"has-post-thumbnail","6":"product_cat-armbaender","7":"product_cat-kerzenhalter-und-kerzen","8":"pa_collection-zodiac-crystal-candles-with-gemstone-bracelet-de","9":"pa_made-in-china","11":"first","12":"instock","13":"purchasable","14":"product-type-simple"},"supplier_id":null,"supplier_sku":"ZCC-03","barcode":null,"atum_controlled":true,"out_stock_date":null,"out_stock_threshold":null,"inheritable":false,"inbound_stock":null,"stock_on_hold":0,"sold_today":0,"sales_last_days":0,"reserved_stock":null,"customer_returns":null,"warehouse_damage":null,"lost_in_post":null,"other_logs":null,"out_stock_days":0,"lost_sales":0,"has_location":null,"update_date":"2026-04-27T07:27:29","atum_locations":[],"atum_stock_status":"instock","restock_status":false,"low_stock_amount":"","sales_update_date":"2025-09-05T00:22:27","calc_backorders":null,"_links":{"self":[{"href":"https:\/\/aromasentia.com\/de\/wp-json\/wp\/v2\/product\/235941","targetHints":{"allow":["GET"]}}],"collection":[{"href":"https:\/\/aromasentia.com\/de\/wp-json\/wp\/v2\/product"}],"about":[{"href":"https:\/\/aromasentia.com\/de\/wp-json\/wp\/v2\/types\/product"}],"replies":[{"embeddable":true,"href":"https:\/\/aromasentia.com\/de\/wp-json\/wp\/v2\/comments?post=235941"}],"version-history":[{"count":0,"href":"https:\/\/aromasentia.com\/de\/wp-json\/wp\/v2\/product\/235941\/revisions"}],"wp:featuredmedia":[{"embeddable":true,"href":"https:\/\/aromasentia.com\/de\/wp-json\/wp\/v2\/media\/314024"}],"wp:attachment":[{"href":"https:\/\/aromasentia.com\/de\/wp-json\/wp\/v2\/media?parent=235941"}],"wp:term":[{"taxonomy":"product_brand","embeddable":true,"href":"https:\/\/aromasentia.com\/de\/wp-json\/wp\/v2\/product_brand?post=235941"},{"taxonomy":"product_cat","embeddable":true,"href":"https:\/\/aromasentia.com\/de\/wp-json\/wp\/v2\/product_cat?post=235941"},{"taxonomy":"product_tag","embeddable":true,"href":"https:\/\/aromasentia.com\/de\/wp-json\/wp\/v2\/product_tag?post=235941"}],"curies":[{"name":"wp","href":"https:\/\/api.w.org\/{rel}","templated":true}]}}