{"id":235893,"date":"2025-03-21T11:43:56","date_gmt":"2025-03-21T11:43:56","guid":{"rendered":"https:\/\/aromasentia.com\/product\/zodiac-crystal-candle-with-gemstone-bracelet-sagittarius\/"},"modified":"2025-12-30T20:21:16","modified_gmt":"2025-12-30T20:21:16","slug":"sternzeichen-kristallkerze-mit-edelstein-armband-schuetze","status":"publish","type":"product","link":"https:\/\/aromasentia.com\/de\/sternzeichen-kristallkerze-mit-edelstein-armband-schuetze\/","title":{"rendered":"Sternzeichen Kristallkerze mit Edelstein Armband &#8211; Sch\u00fctze"},"content":{"rendered":"<p>Genie\u00dfen Sie die abenteuerliche und freigeistige Energie des Sch\u00fctzen mit dieser Sternzeichen Kristallkerze. Der frische und belebende Duft von Turquoise Dewiness schafft eine erhebende Atmosph\u00e4re und spiegelt den Optimismus und die Reiselust dieses Feuerzeichens wider.<\/p>\n<p><strong>Das Set enth\u00e4lt ein Edelstein Armband aus Amethyst, Sodalith und schwarzem Obsidian, das passend zum Sternzeichen Sch\u00fctze ausgew\u00e4hlt wurde. neugierige und expansive Natur:<\/strong><\/p>\n<p>Amethyst f\u00f6rdert spirituelles Wachstum und Klarheit. Sodalith f\u00f6rdert Wahrheit und Kommunikation. Schwarzer Obsidian bietet Schutz und Erdung.<\/p>\n<p>Diese lebendige Kombination aus Kerze und Armband ist perfekt f\u00fcr alle, die Inspiration oder Abenteuer suchen, oder als aufmerksames Geschenk f\u00fcr den Sch\u00fctzen.<\/p>\n<p><em><strong>Kopfnoten: Zitrone, Bergamotte, Grapefruit, Orange<\/strong><\/em><\/p>\n<p><em><strong>Herznoten: Jasmin, Rose, ozonische Noten<\/strong><\/em><\/p>\n<p><strong><em>Basisnoten: Amber, Moschus, Zedernholz, Sandelholz<\/em><\/strong><\/p>\n","protected":false},"excerpt":{"rendered":"<p>Genie\u00dfen Sie die abenteuerliche und freigeistige Energie des Sch\u00fctzen mit dieser Sternzeichen Kristallkerze. Der frische und belebende Duft von Turquoise Dewiness schafft eine erhebende Atmosph\u00e4re und spiegelt den Optimismus und die Reiselust dieses Feuerzeichens wider. Das Set enth\u00e4lt ein Edelstein Armband aus Amethyst, Sodalith und schwarzem Obsidian, das passend zum Sternzeichen Sch\u00fctze ausgew\u00e4hlt wurde. neugierige [&hellip;]<\/p>\n","protected":false},"featured_media":314264,"comment_status":"closed","ping_status":"open","template":"","meta":{"_angie_page":false},"product_brand":[],"product_cat":[25210,17466],"product_tag":[],"class_list":{"0":"post-235893","1":"product","2":"type-product","3":"status-publish","4":"has-post-thumbnail","6":"product_cat-armbaender","7":"product_cat-kerzenhalter-und-kerzen","8":"pa_collection-zodiac-crystal-candles-with-gemstone-bracelet-de","9":"pa_made-in-china","11":"first","12":"instock","13":"purchasable","14":"product-type-simple"},"supplier_id":null,"supplier_sku":"ZCC-11","barcode":null,"atum_controlled":true,"out_stock_date":null,"out_stock_threshold":null,"inheritable":false,"inbound_stock":null,"stock_on_hold":0,"sold_today":0,"sales_last_days":0,"reserved_stock":null,"customer_returns":null,"warehouse_damage":null,"lost_in_post":null,"other_logs":null,"out_stock_days":0,"lost_sales":0,"has_location":null,"update_date":"2026-04-27T07:27:30","atum_locations":[],"atum_stock_status":"instock","restock_status":false,"low_stock_amount":"","sales_update_date":"2025-09-05T00:22:28","calc_backorders":null,"_links":{"self":[{"href":"https:\/\/aromasentia.com\/de\/wp-json\/wp\/v2\/product\/235893","targetHints":{"allow":["GET"]}}],"collection":[{"href":"https:\/\/aromasentia.com\/de\/wp-json\/wp\/v2\/product"}],"about":[{"href":"https:\/\/aromasentia.com\/de\/wp-json\/wp\/v2\/types\/product"}],"replies":[{"embeddable":true,"href":"https:\/\/aromasentia.com\/de\/wp-json\/wp\/v2\/comments?post=235893"}],"version-history":[{"count":0,"href":"https:\/\/aromasentia.com\/de\/wp-json\/wp\/v2\/product\/235893\/revisions"}],"wp:featuredmedia":[{"embeddable":true,"href":"https:\/\/aromasentia.com\/de\/wp-json\/wp\/v2\/media\/314264"}],"wp:attachment":[{"href":"https:\/\/aromasentia.com\/de\/wp-json\/wp\/v2\/media?parent=235893"}],"wp:term":[{"taxonomy":"product_brand","embeddable":true,"href":"https:\/\/aromasentia.com\/de\/wp-json\/wp\/v2\/product_brand?post=235893"},{"taxonomy":"product_cat","embeddable":true,"href":"https:\/\/aromasentia.com\/de\/wp-json\/wp\/v2\/product_cat?post=235893"},{"taxonomy":"product_tag","embeddable":true,"href":"https:\/\/aromasentia.com\/de\/wp-json\/wp\/v2\/product_tag?post=235893"}],"curies":[{"name":"wp","href":"https:\/\/api.w.org\/{rel}","templated":true}]}}