{"id":235885,"date":"2025-03-21T11:43:56","date_gmt":"2025-03-21T11:43:56","guid":{"rendered":"https:\/\/aromasentia.com\/product\/zodiac-crystal-candle-with-gemstone-bracelet-libra\/"},"modified":"2025-12-30T20:21:16","modified_gmt":"2025-12-30T20:21:16","slug":"sternzeichen-kristallkerze-mit-edelstein-armband-waage","status":"publish","type":"product","link":"https:\/\/aromasentia.com\/de\/sternzeichen-kristallkerze-mit-edelstein-armband-waage\/","title":{"rendered":"Sternzeichen Kristallkerze mit Edelstein Armband &#8211; Waage"},"content":{"rendered":"<p><span style=\"color: rgb(75, 80, 88);\">Waage, finde dein Gleichgewicht im kosmischen Tanz. Der k\u00fchle Duft von Jade und Eichenmoos, ein harmonisches Echo der Anmut der Venus, wird deinen Geist beruhigen. Titanstein, eine perfekt ausbalancierte Waage, verk\u00f6rpert dein Streben nach Gleichgewicht. Tanzen Sie, Waage, und lassen Sie Ihre Tr\u00e4ume auf den Fl\u00fcgeln perfekter Balance abheben.<\/span><\/p>\n<p><span style=\"color: rgb(75, 80, 88);\"><strong>Das Set enth\u00e4lt ein Edelstein Armband aus gr\u00fcnem Aventurin, Opal und Rosenquarz, die ausgew\u00e4hlt wurden, um mit dem diplomatischen Geist der Waage zu harmonieren, ihren Charme zu verst\u00e4rken und Ausgeglichenheit in ihren Beziehungen zu f\u00f6rdern.<\/strong><\/span><\/p>\n<p><span style=\"color: rgb(75, 80, 88);\">Gr\u00fcner Aventurin hilft, Klarheit und Ausgeglichenheit bei Entscheidungen zu finden. Opal verst\u00e4rkt den nat\u00fcrlichen Charme und die Kreativit\u00e4t der Waage. Rosenquarz hilft ihnen, Harmonie in Beziehungen zu bewahren.<\/span><\/p>\n<p><span style=\"color: rgb(75, 80, 88);\">Waagen, die diplomatischen Charmeure, suchen Harmonie in allen Dingen und meistern Situationen mit Anmut, ausgeglichenem Temperament und einem ausgepr\u00e4gten Sinn f\u00fcr Fairness. Ihre Liebe zu Sch\u00f6nheit und Ausgeglichenheit macht sie zu geselligen Schmetterlingen.<\/span><\/p>\n<p><span style=\"color: rgb(75, 80, 88);\"><em><strong>Kopfnoten: Kr\u00e4uter, Gew\u00fcrze, Zitrusfr\u00fcchte.<\/strong><\/em><\/span><\/p>\n<p><em><strong><span style=\"color: rgb(75, 80, 88);\">Herznoten: Rose, Geranie.<\/span><\/strong><\/em><\/p>\n<p><span style=\"color: rgb(75, 80, 88);\"><strong><em>Basisnoten: Eichenmoos, Vanille, Moschus.<\/em><\/strong><\/span><\/p>\n","protected":false},"excerpt":{"rendered":"<p>Waage, finde dein Gleichgewicht im kosmischen Tanz. Der k\u00fchle Duft von Jade und Eichenmoos, ein harmonisches Echo der Anmut der Venus, wird deinen Geist beruhigen. Titanstein, eine perfekt ausbalancierte Waage, verk\u00f6rpert dein Streben nach Gleichgewicht. Tanzen Sie, Waage, und lassen Sie Ihre Tr\u00e4ume auf den Fl\u00fcgeln perfekter Balance abheben. Das Set enth\u00e4lt ein Edelstein Armband [&hellip;]<\/p>\n","protected":false},"featured_media":314222,"comment_status":"closed","ping_status":"open","template":"","meta":{"_angie_page":false},"product_brand":[],"product_cat":[25210,17466],"product_tag":[],"class_list":{"0":"post-235885","1":"product","2":"type-product","3":"status-publish","4":"has-post-thumbnail","6":"product_cat-armbaender","7":"product_cat-kerzenhalter-und-kerzen","8":"pa_collection-zodiac-crystal-candles-with-gemstone-bracelet-de","9":"pa_made-in-china","11":"first","12":"instock","13":"purchasable","14":"product-type-simple"},"supplier_id":null,"supplier_sku":"ZCC-09","barcode":null,"atum_controlled":true,"out_stock_date":null,"out_stock_threshold":null,"inheritable":false,"inbound_stock":null,"stock_on_hold":0,"sold_today":0,"sales_last_days":0,"reserved_stock":null,"customer_returns":null,"warehouse_damage":null,"lost_in_post":null,"other_logs":null,"out_stock_days":0,"lost_sales":0,"has_location":null,"update_date":"2026-04-27T07:27:30","atum_locations":[],"atum_stock_status":"instock","restock_status":false,"low_stock_amount":"","sales_update_date":"2025-09-05T00:22:28","calc_backorders":null,"_links":{"self":[{"href":"https:\/\/aromasentia.com\/de\/wp-json\/wp\/v2\/product\/235885","targetHints":{"allow":["GET"]}}],"collection":[{"href":"https:\/\/aromasentia.com\/de\/wp-json\/wp\/v2\/product"}],"about":[{"href":"https:\/\/aromasentia.com\/de\/wp-json\/wp\/v2\/types\/product"}],"replies":[{"embeddable":true,"href":"https:\/\/aromasentia.com\/de\/wp-json\/wp\/v2\/comments?post=235885"}],"version-history":[{"count":0,"href":"https:\/\/aromasentia.com\/de\/wp-json\/wp\/v2\/product\/235885\/revisions"}],"wp:featuredmedia":[{"embeddable":true,"href":"https:\/\/aromasentia.com\/de\/wp-json\/wp\/v2\/media\/314222"}],"wp:attachment":[{"href":"https:\/\/aromasentia.com\/de\/wp-json\/wp\/v2\/media?parent=235885"}],"wp:term":[{"taxonomy":"product_brand","embeddable":true,"href":"https:\/\/aromasentia.com\/de\/wp-json\/wp\/v2\/product_brand?post=235885"},{"taxonomy":"product_cat","embeddable":true,"href":"https:\/\/aromasentia.com\/de\/wp-json\/wp\/v2\/product_cat?post=235885"},{"taxonomy":"product_tag","embeddable":true,"href":"https:\/\/aromasentia.com\/de\/wp-json\/wp\/v2\/product_tag?post=235885"}],"curies":[{"name":"wp","href":"https:\/\/api.w.org\/{rel}","templated":true}]}}