{"id":235877,"date":"2025-03-21T11:43:56","date_gmt":"2025-03-21T11:43:56","guid":{"rendered":"https:\/\/aromasentia.com\/product\/zodiac-crystal-candle-with-gemstone-bracelet-leo\/"},"modified":"2025-12-30T20:21:16","modified_gmt":"2025-12-30T20:21:16","slug":"sternzeichen-kristallkerze-mit-edelstein-armband-loewe","status":"publish","type":"product","link":"https:\/\/aromasentia.com\/de\/sternzeichen-kristallkerze-mit-edelstein-armband-loewe\/","title":{"rendered":"Sternzeichen Kristallkerze mit Edelstein Armband &#8211; L\u00f6we"},"content":{"rendered":"<p><span style=\"color: rgb(75, 80, 88);\">Entfesseln Sie die kr\u00e4ftige und strahlende Energie des L\u00f6wen mit dieser Sternzeichen Kristallkerze. Der warme, belebende Duft von Frosted Citrine und Ingwer erf\u00fcllt die Luft und passt perfekt zum lebendigen und selbstbewussten Geist dieses Feuerzeichens.&nbsp;<\/span><\/p>\n<p><span style=\"color: rgb(75, 80, 88);\"><strong>Das Set enth\u00e4lt ein kraftvolles Edelstein Armband aus Tigerauge und Karneol, sorgf\u00e4ltig ausgew\u00e4hlt, um die St\u00e4rken des L\u00f6wen zu verst\u00e4rken:<\/strong><\/span><\/p>\n<p><span style=\"color: rgb(75, 80, 88);\">Tigerauge st\u00e4rkt Mut und pers\u00f6nliche Kraft. Karneol f\u00f6rdert Kreativit\u00e4t und Motivation.&nbsp;<\/span><\/p>\n<p><span style=\"color: rgb(75, 80, 88);\">Diese mutige Kombination aus Kerze und Armband ist perfekt, um den L\u00f6wen in sich zu st\u00e4rken und ist somit ein ideales Geschenk oder eine pers\u00f6nliche Erg\u00e4nzung des Selbstpflegerituals.&nbsp;<\/span><\/p>\n<p><span style=\"color: rgb(75, 80, 88);\"><em><strong>Kopfnoten: Nektarine, Zitrusfr\u00fcchte, gr\u00fcne Noten<\/strong><\/em><\/span><\/p>\n<p><em><strong><span style=\"color: rgb(75, 80, 88);\">Herznoten: Rosenbl\u00e4tter, Maigl\u00f6ckchen, Ingwer<\/span><\/strong><\/em><\/p>\n<p><span style=\"color: rgb(75, 80, 88);\"><strong><em>Basisnoten: Moschus, H\u00f6lzer<\/em><\/strong><\/span><\/p>\n","protected":false},"excerpt":{"rendered":"<p>Entfesseln Sie die kr\u00e4ftige und strahlende Energie des L\u00f6wen mit dieser Sternzeichen Kristallkerze. Der warme, belebende Duft von Frosted Citrine und Ingwer erf\u00fcllt die Luft und passt perfekt zum lebendigen und selbstbewussten Geist dieses Feuerzeichens.&nbsp; Das Set enth\u00e4lt ein kraftvolles Edelstein Armband aus Tigerauge und Karneol, sorgf\u00e4ltig ausgew\u00e4hlt, um die St\u00e4rken des L\u00f6wen zu verst\u00e4rken: [&hellip;]<\/p>\n","protected":false},"featured_media":314156,"comment_status":"closed","ping_status":"open","template":"","meta":{"_angie_page":false},"product_brand":[],"product_cat":[25210,17466],"product_tag":[],"class_list":{"0":"post-235877","1":"product","2":"type-product","3":"status-publish","4":"has-post-thumbnail","6":"product_cat-armbaender","7":"product_cat-kerzenhalter-und-kerzen","8":"pa_collection-zodiac-crystal-candles-with-gemstone-bracelet-de","9":"pa_made-in-china","11":"first","12":"instock","13":"purchasable","14":"product-type-simple"},"supplier_id":null,"supplier_sku":"ZCC-07","barcode":null,"atum_controlled":true,"out_stock_date":null,"out_stock_threshold":null,"inheritable":false,"inbound_stock":null,"stock_on_hold":0,"sold_today":0,"sales_last_days":0,"reserved_stock":null,"customer_returns":null,"warehouse_damage":null,"lost_in_post":null,"other_logs":null,"out_stock_days":0,"lost_sales":0,"has_location":null,"update_date":"2026-04-27T07:27:30","atum_locations":[],"atum_stock_status":"instock","restock_status":false,"low_stock_amount":"","sales_update_date":"2025-09-05T00:22:28","calc_backorders":null,"_links":{"self":[{"href":"https:\/\/aromasentia.com\/de\/wp-json\/wp\/v2\/product\/235877","targetHints":{"allow":["GET"]}}],"collection":[{"href":"https:\/\/aromasentia.com\/de\/wp-json\/wp\/v2\/product"}],"about":[{"href":"https:\/\/aromasentia.com\/de\/wp-json\/wp\/v2\/types\/product"}],"replies":[{"embeddable":true,"href":"https:\/\/aromasentia.com\/de\/wp-json\/wp\/v2\/comments?post=235877"}],"version-history":[{"count":0,"href":"https:\/\/aromasentia.com\/de\/wp-json\/wp\/v2\/product\/235877\/revisions"}],"wp:featuredmedia":[{"embeddable":true,"href":"https:\/\/aromasentia.com\/de\/wp-json\/wp\/v2\/media\/314156"}],"wp:attachment":[{"href":"https:\/\/aromasentia.com\/de\/wp-json\/wp\/v2\/media?parent=235877"}],"wp:term":[{"taxonomy":"product_brand","embeddable":true,"href":"https:\/\/aromasentia.com\/de\/wp-json\/wp\/v2\/product_brand?post=235877"},{"taxonomy":"product_cat","embeddable":true,"href":"https:\/\/aromasentia.com\/de\/wp-json\/wp\/v2\/product_cat?post=235877"},{"taxonomy":"product_tag","embeddable":true,"href":"https:\/\/aromasentia.com\/de\/wp-json\/wp\/v2\/product_tag?post=235877"}],"curies":[{"name":"wp","href":"https:\/\/api.w.org\/{rel}","templated":true}]}}