{"id":235853,"date":"2025-03-21T14:37:32","date_gmt":"2025-03-21T14:37:32","guid":{"rendered":"https:\/\/aromasentia.com\/product\/all-natural-bag-blue-stonewash-mandala-harmony\/"},"modified":"2025-12-30T20:21:09","modified_gmt":"2025-12-30T20:21:09","slug":"ganz-natuerliche-tasche-blue-stonewash-mandala-harmonie","status":"publish","type":"product","link":"https:\/\/aromasentia.com\/de\/ganz-natuerliche-tasche-blue-stonewash-mandala-harmonie\/","title":{"rendered":"Ganz nat\u00fcrliche Tasche &#8211; Blue Stonewash &#8211; Mandala &#8211; Harmonie"},"content":{"rendered":"<p><span style=\"color: rgb(75, 80, 88);\"><strong>Bringen Sie Balance in Ihren Tag mit der All Natural Bag \u2013 Blue Stonewash \u2013 Mandala \u2013 Harmony.<\/strong><\/span><\/p>\n<p><span style=\"color: rgb(75, 80, 88);\">Verleihen Sie Ihrem Tag Balance und Harmonie mit unserer Harmony Bag, die wundersch\u00f6n mit einem komplizierten Mandala in beruhigendem Blau verziert ist.&nbsp;<\/span><\/p>\n<p><span style=\"color: rgb(75, 80, 88);\">Das Mandala ist ein spirituelles und rituelles Symbol, das das Universum repr\u00e4sentiert und diese Tasche zu einem Symbol der Einheit und Vollst\u00e4ndigkeit macht.&nbsp;<\/span><\/p>\n<p><span style=\"color: rgb(75, 80, 88);\">Diese umweltfreundliche Tragetasche ist ideal f\u00fcr alle, die ihre Mitte im t\u00e4glichen Chaos finden m\u00f6chten. Sie kombiniert Stil mit Funktionalit\u00e4t und bietet viel Platz und eine robuste Konstruktion f\u00fcr den Alltag verwenden.<\/span><\/p>\n","protected":false},"excerpt":{"rendered":"<p>Bringen Sie Balance in Ihren Tag mit der All Natural Bag \u2013 Blue Stonewash \u2013 Mandala \u2013 Harmony. Verleihen Sie Ihrem Tag Balance und Harmonie mit unserer Harmony Bag, die wundersch\u00f6n mit einem komplizierten Mandala in beruhigendem Blau verziert ist.&nbsp; Das Mandala ist ein spirituelles und rituelles Symbol, das das Universum repr\u00e4sentiert und diese Tasche [&hellip;]<\/p>\n","protected":false},"featured_media":314431,"comment_status":"closed","ping_status":"open","template":"","meta":{"_angie_page":false},"product_brand":[],"product_cat":[19654,19655],"product_tag":[],"class_list":{"0":"post-235853","1":"product","2":"type-product","3":"status-publish","4":"has-post-thumbnail","6":"product_cat-oekologische-taschen","7":"product_cat-taschen-und-rucksaecke","8":"pa_collection-all-natural-bags-de","9":"pa_made-in-indien","11":"first","12":"instock","13":"purchasable","14":"product-type-simple"},"supplier_id":null,"supplier_sku":"ANB-04","barcode":null,"atum_controlled":true,"out_stock_date":null,"out_stock_threshold":null,"inheritable":false,"inbound_stock":null,"stock_on_hold":0,"sold_today":0,"sales_last_days":0,"reserved_stock":null,"customer_returns":null,"warehouse_damage":null,"lost_in_post":null,"other_logs":null,"out_stock_days":0,"lost_sales":0,"has_location":null,"update_date":"2026-04-27T06:50:22","atum_locations":[],"atum_stock_status":"instock","restock_status":false,"low_stock_amount":"","sales_update_date":"2026-01-30T01:25:50","calc_backorders":null,"_links":{"self":[{"href":"https:\/\/aromasentia.com\/de\/wp-json\/wp\/v2\/product\/235853","targetHints":{"allow":["GET"]}}],"collection":[{"href":"https:\/\/aromasentia.com\/de\/wp-json\/wp\/v2\/product"}],"about":[{"href":"https:\/\/aromasentia.com\/de\/wp-json\/wp\/v2\/types\/product"}],"replies":[{"embeddable":true,"href":"https:\/\/aromasentia.com\/de\/wp-json\/wp\/v2\/comments?post=235853"}],"version-history":[{"count":0,"href":"https:\/\/aromasentia.com\/de\/wp-json\/wp\/v2\/product\/235853\/revisions"}],"wp:featuredmedia":[{"embeddable":true,"href":"https:\/\/aromasentia.com\/de\/wp-json\/wp\/v2\/media\/314431"}],"wp:attachment":[{"href":"https:\/\/aromasentia.com\/de\/wp-json\/wp\/v2\/media?parent=235853"}],"wp:term":[{"taxonomy":"product_brand","embeddable":true,"href":"https:\/\/aromasentia.com\/de\/wp-json\/wp\/v2\/product_brand?post=235853"},{"taxonomy":"product_cat","embeddable":true,"href":"https:\/\/aromasentia.com\/de\/wp-json\/wp\/v2\/product_cat?post=235853"},{"taxonomy":"product_tag","embeddable":true,"href":"https:\/\/aromasentia.com\/de\/wp-json\/wp\/v2\/product_tag?post=235853"}],"curies":[{"name":"wp","href":"https:\/\/api.w.org\/{rel}","templated":true}]}}