{"id":235837,"date":"2025-03-21T14:37:32","date_gmt":"2025-03-21T14:37:32","guid":{"rendered":"https:\/\/aromasentia.com\/product\/agnes-and-cat-cotton-bag-6oz-35x30-cm-naturally-artisan\/"},"modified":"2025-12-30T20:21:09","modified_gmt":"2025-12-30T20:21:09","slug":"agnes-and-cat-baumwolltasche-6oz-35x30-cm-naturally-artisan","status":"publish","type":"product","link":"https:\/\/aromasentia.com\/de\/agnes-and-cat-baumwolltasche-6oz-35x30-cm-naturally-artisan\/","title":{"rendered":"Agnes and Cat Baumwolltasche 6oz &#8211; 35&#215;30 cm &#8211; Naturally Artisan"},"content":{"rendered":"<p>Diese <strong>Agnes and Cat Baumwolltasche 6oz &#8211; 35&#215;30 cm &#8211; Naturally Artisan<\/strong><\/p>\n<p>wurde<strong>&nbsp;<\/strong>wundersch\u00f6n aus Baumwolle in Indien hergestellt.<\/p>\n<p>Sie sind mit unserem Logo &#8211; Agnes+Cat &#8211; aufgedruckt und haben starke schwarze Riemen. Sie eignen sich ideal zum Verpacken unserer Produkte und zum Mitnehmen f\u00fcr Kunden.<\/p>\n<p>Diese Tragetaschen sind eine weitere einfache M\u00f6glichkeit f\u00fcr Ihre Kunden, umweltfreundlich zu sein und eine sch\u00f6ne Tasche zu haben, die sie verwenden und wiederverwenden k\u00f6nnen!<\/p>\n<p><strong><span style=\"color: rgb(184, 49, 47);\">Bestellen Sie jetzt \u00fcber Aroma Sentia-ping. Verwenden und wiederverwenden! Tragen Sie mehr Umweltfreundlichkeit.<\/span><\/strong><\/p>\n","protected":false},"excerpt":{"rendered":"<p>Diese Agnes and Cat Baumwolltasche 6oz &#8211; 35&#215;30 cm &#8211; Naturally Artisan wurde&nbsp;wundersch\u00f6n aus Baumwolle in Indien hergestellt. Sie sind mit unserem Logo &#8211; Agnes+Cat &#8211; aufgedruckt und haben starke schwarze Riemen. Sie eignen sich ideal zum Verpacken unserer Produkte und zum Mitnehmen f\u00fcr Kunden. Diese Tragetaschen sind eine weitere einfache M\u00f6glichkeit f\u00fcr Ihre Kunden, [&hellip;]<\/p>\n","protected":false},"featured_media":314339,"comment_status":"closed","ping_status":"open","template":"","meta":{"_angie_page":false},"product_brand":[27086],"product_cat":[19724,19654,19655],"product_tag":[],"class_list":{"0":"post-235837","1":"product","2":"type-product","3":"status-publish","4":"has-post-thumbnail","6":"product_brand-agnes-and-cat","7":"product_cat-baumwolltaschen-und-slingtaschen-nepal","8":"product_cat-oekologische-taschen","9":"product_cat-taschen-und-rucksaecke","10":"pa_collection-agnes-cat-cotton-tote-bags-de","11":"pa_made-in-indien","13":"first","14":"instock","15":"purchasable","16":"product-type-simple"},"supplier_id":null,"supplier_sku":"ACCBag-02","barcode":null,"atum_controlled":true,"out_stock_date":null,"out_stock_threshold":null,"inheritable":false,"inbound_stock":null,"stock_on_hold":0,"sold_today":0,"sales_last_days":0,"reserved_stock":null,"customer_returns":null,"warehouse_damage":null,"lost_in_post":null,"other_logs":null,"out_stock_days":0,"lost_sales":0,"has_location":null,"update_date":"2026-04-27T06:49:08","atum_locations":[],"atum_stock_status":"instock","restock_status":false,"low_stock_amount":"","sales_update_date":"2026-02-06T00:01:45","calc_backorders":null,"_links":{"self":[{"href":"https:\/\/aromasentia.com\/de\/wp-json\/wp\/v2\/product\/235837","targetHints":{"allow":["GET"]}}],"collection":[{"href":"https:\/\/aromasentia.com\/de\/wp-json\/wp\/v2\/product"}],"about":[{"href":"https:\/\/aromasentia.com\/de\/wp-json\/wp\/v2\/types\/product"}],"replies":[{"embeddable":true,"href":"https:\/\/aromasentia.com\/de\/wp-json\/wp\/v2\/comments?post=235837"}],"version-history":[{"count":0,"href":"https:\/\/aromasentia.com\/de\/wp-json\/wp\/v2\/product\/235837\/revisions"}],"wp:featuredmedia":[{"embeddable":true,"href":"https:\/\/aromasentia.com\/de\/wp-json\/wp\/v2\/media\/314339"}],"wp:attachment":[{"href":"https:\/\/aromasentia.com\/de\/wp-json\/wp\/v2\/media?parent=235837"}],"wp:term":[{"taxonomy":"product_brand","embeddable":true,"href":"https:\/\/aromasentia.com\/de\/wp-json\/wp\/v2\/product_brand?post=235837"},{"taxonomy":"product_cat","embeddable":true,"href":"https:\/\/aromasentia.com\/de\/wp-json\/wp\/v2\/product_cat?post=235837"},{"taxonomy":"product_tag","embeddable":true,"href":"https:\/\/aromasentia.com\/de\/wp-json\/wp\/v2\/product_tag?post=235837"}],"curies":[{"name":"wp","href":"https:\/\/api.w.org\/{rel}","templated":true}]}}