{"id":235769,"date":"2025-03-21T14:37:36","date_gmt":"2025-03-21T14:37:36","guid":{"rendered":"https:\/\/aromasentia.com\/product\/hop-hare-bamboo-socks-36-40-tree-of-life\/"},"modified":"2025-12-30T20:20:54","modified_gmt":"2025-12-30T20:20:54","slug":"hop-hare-bambussocken-36-40-baum-des-lebens","status":"publish","type":"product","link":"https:\/\/aromasentia.com\/de\/hop-hare-bambussocken-36-40-baum-des-lebens\/","title":{"rendered":"Hop Hare Bambussocken (36-40) &#8211; Baum des Lebens"},"content":{"rendered":"<p>Diese Socken sind das perfekte Geschenk f\u00fcr Menschen, die sich f\u00fcr die Symbolik des Lebensbaums interessieren oder einen Bezug zu diesem Symbol im Alltag suchen.<\/p>\n<p>Der Baum des Lebens taucht in vielen Kulturen und Religionen auf der ganzen Welt auf. Er wird oft als Baum dargestellt, dessen Wurzeln bis zum Boden reichen und dessen \u00c4ste sich in den Himmel verzweigen. In vielen Traditionen symbolisiert der Baum des Lebens Unsterblichkeit, Fruchtbarkeit und Erneuerung.<\/p>\n<p>Die Hop Hare Socken sind in zwei Gr\u00f6\u00dfen erh\u00e4ltlich: 3,5-6,5 UK (36-40 EU) und 7,5-11,5 UK (41-46 EU). Hergestellt aus hochwertigem Bambusgarn, das die F\u00fc\u00dfe atmen l\u00e4sst.<\/p>\n<p>Hergestellt in der T\u00fcrkei. Zusammensetzung: 70% Bambus, 28,5% Polyamid, 1,5% Elasthan.<\/p>\n<p><strong>Warum Bambussocken?<\/strong><\/p>\n<p>&#8211; atmungsaktiv<\/p>\n<p>&#8211; antibakteriell<\/p>\n<p>&#8211; thermoregulierend<\/p>\n<p>&#8211; feuchtigkeitsableitend<\/p>\n<p>&#8211; glatte Zehennaht<\/p>\n<p>&#8211; umweltfreundliche Bambusfasern<\/p>\n","protected":false},"excerpt":{"rendered":"<p>Diese Socken sind das perfekte Geschenk f\u00fcr Menschen, die sich f\u00fcr die Symbolik des Lebensbaums interessieren oder einen Bezug zu diesem Symbol im Alltag suchen. Der Baum des Lebens taucht in vielen Kulturen und Religionen auf der ganzen Welt auf. Er wird oft als Baum dargestellt, dessen Wurzeln bis zum Boden reichen und dessen \u00c4ste [&hellip;]<\/p>\n","protected":false},"featured_media":315058,"comment_status":"closed","ping_status":"open","template":"","meta":{"_angie_page":false},"product_brand":[27112],"product_cat":[25835,26618],"product_tag":[],"class_list":{"0":"post-235769","1":"product","2":"type-product","3":"status-publish","4":"has-post-thumbnail","6":"product_brand-hop-hare","7":"product_cat-kleidung","8":"product_cat-socken-und-strumpfe","9":"pa_collection-hop-hare-bamboo-socks-de","10":"pa_made-in-tuerkei","12":"first","13":"instock","14":"purchasable","15":"product-type-simple"},"supplier_id":null,"supplier_sku":"BamS-04F","barcode":null,"atum_controlled":true,"out_stock_date":null,"out_stock_threshold":null,"inheritable":false,"inbound_stock":null,"stock_on_hold":0,"sold_today":0,"sales_last_days":0,"reserved_stock":null,"customer_returns":null,"warehouse_damage":null,"lost_in_post":null,"other_logs":null,"out_stock_days":0,"lost_sales":0,"has_location":null,"update_date":"2026-05-08T05:04:56","atum_locations":[],"atum_stock_status":"instock","restock_status":false,"low_stock_amount":"","sales_update_date":"2026-01-30T01:24:35","calc_backorders":null,"_links":{"self":[{"href":"https:\/\/aromasentia.com\/de\/wp-json\/wp\/v2\/product\/235769","targetHints":{"allow":["GET"]}}],"collection":[{"href":"https:\/\/aromasentia.com\/de\/wp-json\/wp\/v2\/product"}],"about":[{"href":"https:\/\/aromasentia.com\/de\/wp-json\/wp\/v2\/types\/product"}],"replies":[{"embeddable":true,"href":"https:\/\/aromasentia.com\/de\/wp-json\/wp\/v2\/comments?post=235769"}],"version-history":[{"count":0,"href":"https:\/\/aromasentia.com\/de\/wp-json\/wp\/v2\/product\/235769\/revisions"}],"wp:featuredmedia":[{"embeddable":true,"href":"https:\/\/aromasentia.com\/de\/wp-json\/wp\/v2\/media\/315058"}],"wp:attachment":[{"href":"https:\/\/aromasentia.com\/de\/wp-json\/wp\/v2\/media?parent=235769"}],"wp:term":[{"taxonomy":"product_brand","embeddable":true,"href":"https:\/\/aromasentia.com\/de\/wp-json\/wp\/v2\/product_brand?post=235769"},{"taxonomy":"product_cat","embeddable":true,"href":"https:\/\/aromasentia.com\/de\/wp-json\/wp\/v2\/product_cat?post=235769"},{"taxonomy":"product_tag","embeddable":true,"href":"https:\/\/aromasentia.com\/de\/wp-json\/wp\/v2\/product_tag?post=235769"}],"curies":[{"name":"wp","href":"https:\/\/api.w.org\/{rel}","templated":true}]}}