{"id":235601,"date":"2025-03-21T14:37:45","date_gmt":"2025-03-21T14:37:45","guid":{"rendered":"https:\/\/aromasentia.com\/product\/m-l-hop-hare-bamboo-socks-low-41-46-flowers-of-life\/"},"modified":"2025-12-30T20:20:25","modified_gmt":"2025-12-30T20:20:25","slug":"m-l-hop-hare-bambussocken-niedrig-41-46-blumen-des-lebens","status":"publish","type":"product","link":"https:\/\/aromasentia.com\/de\/m-l-hop-hare-bambussocken-niedrig-41-46-blumen-des-lebens\/","title":{"rendered":"M\/L Hop Hare Bambussocken Niedrig (41-46) \u2013 Blumen des Lebens"},"content":{"rendered":"<p>Schm\u00fccken Sie Ihre Kn\u00f6chel mit heiliger Geometrie in M\/L Hop Hare Bamboo Socks Low (41-46) &#8211; Flowers of Life. Diese niedrig geschnittenen Bambussocken (Gr\u00f6\u00dfe 41-46) zeigen das verschlungene Muster der Blume des Lebens, ein Symbol f\u00fcr Sch\u00f6pfung und Verbundenheit. Sie sind aus luxuri\u00f6sem, weichem und atmungsaktivem Bambus gefertigt und bieten einen angenehmen, diskreten Tragekomfort. Eine stilvolle Art und Weise, uralte Symbolik und achtsame Sch\u00f6nheit in die t\u00e4gliche Kleidung zu integrieren und Harmonie von Grund auf zu f\u00f6rdern.<\/p>\n","protected":false},"excerpt":{"rendered":"<p>Schm\u00fccken Sie Ihre Kn\u00f6chel mit heiliger Geometrie in M\/L Hop Hare Bamboo Socks Low (41-46) &#8211; Flowers of Life. Diese niedrig geschnittenen Bambussocken (Gr\u00f6\u00dfe 41-46) zeigen das verschlungene Muster der Blume des Lebens, ein Symbol f\u00fcr Sch\u00f6pfung und Verbundenheit. Sie sind aus luxuri\u00f6sem, weichem und atmungsaktivem Bambus gefertigt und bieten einen angenehmen, diskreten Tragekomfort. Eine [&hellip;]<\/p>\n","protected":false},"featured_media":316287,"comment_status":"closed","ping_status":"open","template":"","meta":[],"product_brand":[27112],"product_cat":[25835,26618],"product_tag":[],"class_list":{"0":"post-235601","1":"product","2":"type-product","3":"status-publish","4":"has-post-thumbnail","6":"product_brand-hop-hare","7":"product_cat-kleidung","8":"product_cat-socken-und-strumpfe","9":"pa_collection-hop-hore-bamboo-low-trainer-socks-de","10":"pa_made-in-tuerkei","12":"first","13":"instock","14":"purchasable","15":"product-type-simple"},"supplier_id":null,"supplier_sku":"BamSL-02M","barcode":null,"atum_controlled":true,"out_stock_date":null,"out_stock_threshold":null,"inheritable":false,"inbound_stock":null,"stock_on_hold":0,"sold_today":0,"sales_last_days":0,"reserved_stock":null,"customer_returns":null,"warehouse_damage":null,"lost_in_post":null,"other_logs":null,"out_stock_days":0,"lost_sales":0,"has_location":null,"update_date":"2026-01-30T01:25:43","atum_locations":[],"atum_stock_status":"instock","restock_status":false,"low_stock_amount":"","sales_update_date":"2026-01-30T01:25:43","calc_backorders":null,"_links":{"self":[{"href":"https:\/\/aromasentia.com\/de\/wp-json\/wp\/v2\/product\/235601","targetHints":{"allow":["GET"]}}],"collection":[{"href":"https:\/\/aromasentia.com\/de\/wp-json\/wp\/v2\/product"}],"about":[{"href":"https:\/\/aromasentia.com\/de\/wp-json\/wp\/v2\/types\/product"}],"replies":[{"embeddable":true,"href":"https:\/\/aromasentia.com\/de\/wp-json\/wp\/v2\/comments?post=235601"}],"version-history":[{"count":0,"href":"https:\/\/aromasentia.com\/de\/wp-json\/wp\/v2\/product\/235601\/revisions"}],"wp:featuredmedia":[{"embeddable":true,"href":"https:\/\/aromasentia.com\/de\/wp-json\/wp\/v2\/media\/316287"}],"wp:attachment":[{"href":"https:\/\/aromasentia.com\/de\/wp-json\/wp\/v2\/media?parent=235601"}],"wp:term":[{"taxonomy":"product_brand","embeddable":true,"href":"https:\/\/aromasentia.com\/de\/wp-json\/wp\/v2\/product_brand?post=235601"},{"taxonomy":"product_cat","embeddable":true,"href":"https:\/\/aromasentia.com\/de\/wp-json\/wp\/v2\/product_cat?post=235601"},{"taxonomy":"product_tag","embeddable":true,"href":"https:\/\/aromasentia.com\/de\/wp-json\/wp\/v2\/product_tag?post=235601"}],"curies":[{"name":"wp","href":"https:\/\/api.w.org\/{rel}","templated":true}]}}