{"id":235561,"date":"2025-03-21T14:37:49","date_gmt":"2025-03-21T14:37:49","guid":{"rendered":"https:\/\/aromasentia.com\/product\/m-l-hop-hare-bamboo-socks-low-41-46-evil-eye-hamsa\/"},"modified":"2025-12-30T20:20:18","modified_gmt":"2025-12-30T20:20:18","slug":"m-l-hop-hare-bambussocken-niedrig-41-46-boeser-blick-und-hamsa","status":"publish","type":"product","link":"https:\/\/aromasentia.com\/de\/m-l-hop-hare-bambussocken-niedrig-41-46-boeser-blick-und-hamsa\/","title":{"rendered":"M\/L Hop Hare Bambussocken Niedrig (41\u201346) \u2013 b\u00f6ser Blick und Hamsa"},"content":{"rendered":"<p>Kombiniere kraftvollen Schutz mit den M\/L Hop Hare Bamboo Socks Low (41-46) &#8211; Evil Eye &#038; Hamsa. Diese kraftvollen, niedrig geschnittenen Bambussocken (Gr\u00f6\u00dfe 41-46) zeigen sowohl das sch\u00fctzende B\u00f6se Auge als auch das sch\u00fctzende Hamsa Handsymbol. Sie sind aus unglaublich weichem und umweltfreundlichem Bambus hergestellt und bieten au\u00dfergew\u00f6hnlichen Komfort und eine doppelte Dosis spirituellen Schutzes. Eine stilvolle und sinnvolle Wahl f\u00fcr alle, die auf diskrete und doch modische Weise Segen anziehen und Negativit\u00e4t abwehren wollen.<\/p>\n","protected":false},"excerpt":{"rendered":"<p>Kombiniere kraftvollen Schutz mit den M\/L Hop Hare Bamboo Socks Low (41-46) &#8211; Evil Eye &#038; Hamsa. Diese kraftvollen, niedrig geschnittenen Bambussocken (Gr\u00f6\u00dfe 41-46) zeigen sowohl das sch\u00fctzende B\u00f6se Auge als auch das sch\u00fctzende Hamsa Handsymbol. Sie sind aus unglaublich weichem und umweltfreundlichem Bambus hergestellt und bieten au\u00dfergew\u00f6hnlichen Komfort und eine doppelte Dosis spirituellen Schutzes. [&hellip;]<\/p>\n","protected":false},"featured_media":316943,"comment_status":"closed","ping_status":"open","template":"","meta":{"_angie_page":false},"product_brand":[27112],"product_cat":[25835,26618],"product_tag":[],"class_list":{"0":"post-235561","1":"product","2":"type-product","3":"status-publish","4":"has-post-thumbnail","6":"product_brand-hop-hare","7":"product_cat-kleidung","8":"product_cat-socken-und-strumpfe","9":"pa_collection-hop-hore-bamboo-low-trainer-socks-de","10":"pa_made-in-tuerkei","12":"first","13":"instock","14":"purchasable","15":"product-type-simple"},"supplier_id":null,"supplier_sku":"BamSL-18M","barcode":null,"atum_controlled":true,"out_stock_date":null,"out_stock_threshold":null,"inheritable":false,"inbound_stock":null,"stock_on_hold":0,"sold_today":0,"sales_last_days":0,"reserved_stock":null,"customer_returns":null,"warehouse_damage":null,"lost_in_post":null,"other_logs":null,"out_stock_days":0,"lost_sales":0,"has_location":null,"update_date":"2026-01-30T01:25:46","atum_locations":[],"atum_stock_status":"instock","restock_status":false,"low_stock_amount":"","sales_update_date":"2026-01-30T01:25:46","calc_backorders":null,"_links":{"self":[{"href":"https:\/\/aromasentia.com\/de\/wp-json\/wp\/v2\/product\/235561","targetHints":{"allow":["GET"]}}],"collection":[{"href":"https:\/\/aromasentia.com\/de\/wp-json\/wp\/v2\/product"}],"about":[{"href":"https:\/\/aromasentia.com\/de\/wp-json\/wp\/v2\/types\/product"}],"replies":[{"embeddable":true,"href":"https:\/\/aromasentia.com\/de\/wp-json\/wp\/v2\/comments?post=235561"}],"version-history":[{"count":0,"href":"https:\/\/aromasentia.com\/de\/wp-json\/wp\/v2\/product\/235561\/revisions"}],"wp:featuredmedia":[{"embeddable":true,"href":"https:\/\/aromasentia.com\/de\/wp-json\/wp\/v2\/media\/316943"}],"wp:attachment":[{"href":"https:\/\/aromasentia.com\/de\/wp-json\/wp\/v2\/media?parent=235561"}],"wp:term":[{"taxonomy":"product_brand","embeddable":true,"href":"https:\/\/aromasentia.com\/de\/wp-json\/wp\/v2\/product_brand?post=235561"},{"taxonomy":"product_cat","embeddable":true,"href":"https:\/\/aromasentia.com\/de\/wp-json\/wp\/v2\/product_cat?post=235561"},{"taxonomy":"product_tag","embeddable":true,"href":"https:\/\/aromasentia.com\/de\/wp-json\/wp\/v2\/product_tag?post=235561"}],"curies":[{"name":"wp","href":"https:\/\/api.w.org\/{rel}","templated":true}]}}