{"id":235545,"date":"2025-03-21T14:37:49","date_gmt":"2025-03-21T14:37:49","guid":{"rendered":"https:\/\/aromasentia.com\/product\/m-l-hop-hare-bamboo-socks-low-41-46-moonlight-wolfs\/"},"modified":"2025-12-30T20:20:18","modified_gmt":"2025-12-30T20:20:18","slug":"m-l-hop-hare-bambussocken-niedrig-41-46-moonlight-wolf","status":"publish","type":"product","link":"https:\/\/aromasentia.com\/de\/m-l-hop-hare-bambussocken-niedrig-41-46-moonlight-wolf\/","title":{"rendered":"M\/L Hop Hare Bambussocken Niedrig (41-46) \u2013 Moonlight Wolf"},"content":{"rendered":"<p>Umarme den wilden Geist mit den M\/L Hop Hare Bamboo Socks Low (41-46) &#8211; Moonlight Wolfs. Diese bezaubernden, niedrig geschnittenen Bambussocken (Gr\u00f6\u00dfe 41-46) zeigen ein mystisches Design von W\u00f6lfen im Mondlicht, die Intuition, Freiheit und Loyalit\u00e4t symbolisieren. Sie sind aus unglaublich weichem und umweltfreundlichem Bambus gefertigt und bieten h\u00f6chsten Komfort. Ein perfektes Accessoire f\u00fcr alle, die sich von der ungez\u00e4hmten Sch\u00f6nheit der Natur und der r\u00e4tselhaften Anziehungskraft des Wolfs angezogen f\u00fchlen und ihrem Stil einen Hauch von Wildnis verleihen.<\/p>\n","protected":false},"excerpt":{"rendered":"<p>Umarme den wilden Geist mit den M\/L Hop Hare Bamboo Socks Low (41-46) &#8211; Moonlight Wolfs. Diese bezaubernden, niedrig geschnittenen Bambussocken (Gr\u00f6\u00dfe 41-46) zeigen ein mystisches Design von W\u00f6lfen im Mondlicht, die Intuition, Freiheit und Loyalit\u00e4t symbolisieren. Sie sind aus unglaublich weichem und umweltfreundlichem Bambus gefertigt und bieten h\u00f6chsten Komfort. Ein perfektes Accessoire f\u00fcr alle, [&hellip;]<\/p>\n","protected":false},"featured_media":316787,"comment_status":"closed","ping_status":"open","template":"","meta":{"_angie_page":false},"product_brand":[27112],"product_cat":[25835,26618],"product_tag":[],"class_list":{"0":"post-235545","1":"product","2":"type-product","3":"status-publish","4":"has-post-thumbnail","6":"product_brand-hop-hare","7":"product_cat-kleidung","8":"product_cat-socken-und-strumpfe","9":"pa_collection-hop-hore-bamboo-low-trainer-socks-de","10":"pa_made-in-tuerkei","12":"first","13":"instock","14":"purchasable","15":"product-type-simple"},"supplier_id":null,"supplier_sku":"BamSL-14M","barcode":null,"atum_controlled":true,"out_stock_date":null,"out_stock_threshold":null,"inheritable":false,"inbound_stock":null,"stock_on_hold":0,"sold_today":0,"sales_last_days":0,"reserved_stock":null,"customer_returns":null,"warehouse_damage":null,"lost_in_post":null,"other_logs":null,"out_stock_days":0,"lost_sales":0,"has_location":null,"update_date":"2026-01-30T01:25:43","atum_locations":[],"atum_stock_status":"instock","restock_status":false,"low_stock_amount":"","sales_update_date":"2026-01-30T01:25:43","calc_backorders":null,"_links":{"self":[{"href":"https:\/\/aromasentia.com\/de\/wp-json\/wp\/v2\/product\/235545","targetHints":{"allow":["GET"]}}],"collection":[{"href":"https:\/\/aromasentia.com\/de\/wp-json\/wp\/v2\/product"}],"about":[{"href":"https:\/\/aromasentia.com\/de\/wp-json\/wp\/v2\/types\/product"}],"replies":[{"embeddable":true,"href":"https:\/\/aromasentia.com\/de\/wp-json\/wp\/v2\/comments?post=235545"}],"version-history":[{"count":0,"href":"https:\/\/aromasentia.com\/de\/wp-json\/wp\/v2\/product\/235545\/revisions"}],"wp:featuredmedia":[{"embeddable":true,"href":"https:\/\/aromasentia.com\/de\/wp-json\/wp\/v2\/media\/316787"}],"wp:attachment":[{"href":"https:\/\/aromasentia.com\/de\/wp-json\/wp\/v2\/media?parent=235545"}],"wp:term":[{"taxonomy":"product_brand","embeddable":true,"href":"https:\/\/aromasentia.com\/de\/wp-json\/wp\/v2\/product_brand?post=235545"},{"taxonomy":"product_cat","embeddable":true,"href":"https:\/\/aromasentia.com\/de\/wp-json\/wp\/v2\/product_cat?post=235545"},{"taxonomy":"product_tag","embeddable":true,"href":"https:\/\/aromasentia.com\/de\/wp-json\/wp\/v2\/product_tag?post=235545"}],"curies":[{"name":"wp","href":"https:\/\/api.w.org\/{rel}","templated":true}]}}