{"id":235525,"date":"2025-03-21T14:37:49","date_gmt":"2025-03-21T14:37:49","guid":{"rendered":"https:\/\/aromasentia.com\/product\/m-l-hop-hare-bamboo-socks-low-41-46-ouija-board\/"},"modified":"2025-12-30T20:20:10","modified_gmt":"2025-12-30T20:20:10","slug":"m-l-hop-hare-bambussocken-niedrig-41-46-ouija-brett","status":"publish","type":"product","link":"https:\/\/aromasentia.com\/de\/m-l-hop-hare-bambussocken-niedrig-41-46-ouija-brett\/","title":{"rendered":"M\/L Hop Hare Bambussocken Niedrig (41\u201346) \u2013 Ouija-Brett"},"content":{"rendered":"<p>Entdecke das Geheimnisvolle mit den M\/L Hop Hare Bamboo Socks Low (41-46) &#8211; Ouija Board. Diese faszinierenden, niedrig geschnittenen Bambussocken f\u00fcr die Gr\u00f6\u00dfen 41-46 weisen Elemente des klassischen Ouija-Brett-Designs auf und verleihen ihnen einen Hauch von Spiritismus und spielerischer Gruseligkeit. Sie sind aus weichem, atmungsaktivem Bambus gefertigt und bieten Komfort f\u00fcr Ihre t\u00e4glichen Abenteuer im Unbekannten. Ein einzigartiges Accessoire f\u00fcr alle, die von der Esoterik fasziniert sind oder einen Hauch von mystischem Spa\u00df in ihrem Stil m\u00f6gen.<\/p>\n","protected":false},"excerpt":{"rendered":"<p>Entdecke das Geheimnisvolle mit den M\/L Hop Hare Bamboo Socks Low (41-46) &#8211; Ouija Board. Diese faszinierenden, niedrig geschnittenen Bambussocken f\u00fcr die Gr\u00f6\u00dfen 41-46 weisen Elemente des klassischen Ouija-Brett-Designs auf und verleihen ihnen einen Hauch von Spiritismus und spielerischer Gruseligkeit. Sie sind aus weichem, atmungsaktivem Bambus gefertigt und bieten Komfort f\u00fcr Ihre t\u00e4glichen Abenteuer im [&hellip;]<\/p>\n","protected":false},"featured_media":316574,"comment_status":"closed","ping_status":"open","template":"","meta":{"_angie_page":false},"product_brand":[27112],"product_cat":[25835,26618],"product_tag":[],"class_list":{"0":"post-235525","1":"product","2":"type-product","3":"status-publish","4":"has-post-thumbnail","6":"product_brand-hop-hare","7":"product_cat-kleidung","8":"product_cat-socken-und-strumpfe","9":"pa_collection-hop-hore-bamboo-low-trainer-socks-de","10":"pa_made-in-tuerkei","12":"first","13":"instock","14":"purchasable","15":"product-type-simple"},"supplier_id":null,"supplier_sku":"BamSL-09M","barcode":null,"atum_controlled":true,"out_stock_date":null,"out_stock_threshold":null,"inheritable":false,"inbound_stock":null,"stock_on_hold":0,"sold_today":0,"sales_last_days":0,"reserved_stock":null,"customer_returns":null,"warehouse_damage":null,"lost_in_post":null,"other_logs":null,"out_stock_days":0,"lost_sales":0,"has_location":null,"update_date":"2026-01-30T01:25:59","atum_locations":[],"atum_stock_status":"instock","restock_status":false,"low_stock_amount":"","sales_update_date":"2026-01-30T01:25:59","calc_backorders":null,"_links":{"self":[{"href":"https:\/\/aromasentia.com\/de\/wp-json\/wp\/v2\/product\/235525","targetHints":{"allow":["GET"]}}],"collection":[{"href":"https:\/\/aromasentia.com\/de\/wp-json\/wp\/v2\/product"}],"about":[{"href":"https:\/\/aromasentia.com\/de\/wp-json\/wp\/v2\/types\/product"}],"replies":[{"embeddable":true,"href":"https:\/\/aromasentia.com\/de\/wp-json\/wp\/v2\/comments?post=235525"}],"version-history":[{"count":0,"href":"https:\/\/aromasentia.com\/de\/wp-json\/wp\/v2\/product\/235525\/revisions"}],"wp:featuredmedia":[{"embeddable":true,"href":"https:\/\/aromasentia.com\/de\/wp-json\/wp\/v2\/media\/316574"}],"wp:attachment":[{"href":"https:\/\/aromasentia.com\/de\/wp-json\/wp\/v2\/media?parent=235525"}],"wp:term":[{"taxonomy":"product_brand","embeddable":true,"href":"https:\/\/aromasentia.com\/de\/wp-json\/wp\/v2\/product_brand?post=235525"},{"taxonomy":"product_cat","embeddable":true,"href":"https:\/\/aromasentia.com\/de\/wp-json\/wp\/v2\/product_cat?post=235525"},{"taxonomy":"product_tag","embeddable":true,"href":"https:\/\/aromasentia.com\/de\/wp-json\/wp\/v2\/product_tag?post=235525"}],"curies":[{"name":"wp","href":"https:\/\/api.w.org\/{rel}","templated":true}]}}