{"id":235521,"date":"2025-03-21T14:37:49","date_gmt":"2025-03-21T14:37:49","guid":{"rendered":"https:\/\/aromasentia.com\/product\/m-l-hop-hare-bamboo-socks-low-41-46-lucky-elephant\/"},"modified":"2025-12-30T20:20:10","modified_gmt":"2025-12-30T20:20:10","slug":"m-l-hop-hare-bambussocken-niedrig-41-46-lucky-elephant","status":"publish","type":"product","link":"https:\/\/aromasentia.com\/de\/m-l-hop-hare-bambussocken-niedrig-41-46-lucky-elephant\/","title":{"rendered":"M\/L Hop Hare Bambussocken Niedrig (41-46) \u2013 Lucky Elephant"},"content":{"rendered":"<p>Laden Sie das Gl\u00fcck ein mit den M\/L Hop Hare Bamboo Socks Low (41-46) &#8211; Lucky Elephant. Diese charmanten, niedrig geschnittenen Bambussocken (Gr\u00f6\u00dfe 41-46) zeigen das verhei\u00dfungsvolle Elefantenmotiv, das Weisheit, St\u00e4rke und Gl\u00fcck symbolisiert. Sie werden aus nachhaltigem und luxuri\u00f6s weichem Bambus hergestellt und bieten au\u00dfergew\u00f6hnlichen Komfort und Atmungsaktivit\u00e4t mit einem diskreten Profil. Eine wunderbare Art, positive Energie und einen Hauch von sanfter Majest\u00e4t durch den Tag zu tragen und Ihre Schritte mit subtilem Gl\u00fcck zu bereichern.<\/p>\n","protected":false},"excerpt":{"rendered":"<p>Laden Sie das Gl\u00fcck ein mit den M\/L Hop Hare Bamboo Socks Low (41-46) &#8211; Lucky Elephant. Diese charmanten, niedrig geschnittenen Bambussocken (Gr\u00f6\u00dfe 41-46) zeigen das verhei\u00dfungsvolle Elefantenmotiv, das Weisheit, St\u00e4rke und Gl\u00fcck symbolisiert. Sie werden aus nachhaltigem und luxuri\u00f6s weichem Bambus hergestellt und bieten au\u00dfergew\u00f6hnlichen Komfort und Atmungsaktivit\u00e4t mit einem diskreten Profil. Eine wunderbare [&hellip;]<\/p>\n","protected":false},"featured_media":316533,"comment_status":"closed","ping_status":"open","template":"","meta":[],"product_brand":[27112],"product_cat":[25835,26618],"product_tag":[],"class_list":{"0":"post-235521","1":"product","2":"type-product","3":"status-publish","4":"has-post-thumbnail","6":"product_brand-hop-hare","7":"product_cat-kleidung","8":"product_cat-socken-und-strumpfe","9":"pa_collection-hop-hore-bamboo-low-trainer-socks-de","10":"pa_made-in-tuerkei","12":"first","13":"outofstock","14":"purchasable","15":"product-type-simple"},"supplier_id":null,"supplier_sku":"BamSL-08M","barcode":null,"atum_controlled":true,"out_stock_date":"2026-01-05 15:25:34","out_stock_threshold":null,"inheritable":false,"inbound_stock":null,"stock_on_hold":0,"sold_today":0,"sales_last_days":0,"reserved_stock":null,"customer_returns":null,"warehouse_damage":null,"lost_in_post":null,"other_logs":null,"out_stock_days":0,"lost_sales":0,"has_location":null,"update_date":"2026-02-12T05:42:04","atum_locations":[],"atum_stock_status":"outofstock","restock_status":false,"low_stock_amount":"","sales_update_date":"2025-10-09T03:25:15","calc_backorders":null,"_links":{"self":[{"href":"https:\/\/aromasentia.com\/de\/wp-json\/wp\/v2\/product\/235521","targetHints":{"allow":["GET"]}}],"collection":[{"href":"https:\/\/aromasentia.com\/de\/wp-json\/wp\/v2\/product"}],"about":[{"href":"https:\/\/aromasentia.com\/de\/wp-json\/wp\/v2\/types\/product"}],"replies":[{"embeddable":true,"href":"https:\/\/aromasentia.com\/de\/wp-json\/wp\/v2\/comments?post=235521"}],"version-history":[{"count":0,"href":"https:\/\/aromasentia.com\/de\/wp-json\/wp\/v2\/product\/235521\/revisions"}],"wp:featuredmedia":[{"embeddable":true,"href":"https:\/\/aromasentia.com\/de\/wp-json\/wp\/v2\/media\/316533"}],"wp:attachment":[{"href":"https:\/\/aromasentia.com\/de\/wp-json\/wp\/v2\/media?parent=235521"}],"wp:term":[{"taxonomy":"product_brand","embeddable":true,"href":"https:\/\/aromasentia.com\/de\/wp-json\/wp\/v2\/product_brand?post=235521"},{"taxonomy":"product_cat","embeddable":true,"href":"https:\/\/aromasentia.com\/de\/wp-json\/wp\/v2\/product_cat?post=235521"},{"taxonomy":"product_tag","embeddable":true,"href":"https:\/\/aromasentia.com\/de\/wp-json\/wp\/v2\/product_tag?post=235521"}],"curies":[{"name":"wp","href":"https:\/\/api.w.org\/{rel}","templated":true}]}}