{"id":235509,"date":"2025-03-21T14:37:49","date_gmt":"2025-03-21T14:37:49","guid":{"rendered":"https:\/\/aromasentia.com\/product\/m-l-hop-hare-bamboo-socks-low-41-46-om-and-evil-eye\/"},"modified":"2025-12-30T20:20:10","modified_gmt":"2025-12-30T20:20:10","slug":"m-l-hop-hare-bambussocken-niedrig-41-46-om-und-boeser-blick","status":"publish","type":"product","link":"https:\/\/aromasentia.com\/de\/m-l-hop-hare-bambussocken-niedrig-41-46-om-und-boeser-blick\/","title":{"rendered":"M\/L Hop Hare Bambussocken Niedrig (41\u201346) \u2013 Om und b\u00f6ser Blick"},"content":{"rendered":"<p>Kanalisieren Sie sch\u00fctzende Energien mit den M\/L Hop Hare Bamboo Socks Low (41-46) &#8211; Om und Evil Eye. Diese einzigartigen, niedrig geschnittenen Bambussocken, passend f\u00fcr die Gr\u00f6\u00dfen 41-46, kombinieren das heilige Om-Symbol, das f\u00fcr das universelle Bewusstsein steht, mit dem sch\u00fctzenden Amulett des B\u00f6sen Auges. Sie sind aus weichem, atmungsaktivem Bambus gefertigt und bieten Komfort und eine Schicht spiritueller Absicht. Eine sinnvolle und stilvolle Wahl f\u00fcr alle, die in ihrer t\u00e4glichen Kleidung nach Gleichgewicht, Achtsamkeit und Schutz vor Negativit\u00e4t suchen.<\/p>\n","protected":false},"excerpt":{"rendered":"<p>Kanalisieren Sie sch\u00fctzende Energien mit den M\/L Hop Hare Bamboo Socks Low (41-46) &#8211; Om und Evil Eye. Diese einzigartigen, niedrig geschnittenen Bambussocken, passend f\u00fcr die Gr\u00f6\u00dfen 41-46, kombinieren das heilige Om-Symbol, das f\u00fcr das universelle Bewusstsein steht, mit dem sch\u00fctzenden Amulett des B\u00f6sen Auges. Sie sind aus weichem, atmungsaktivem Bambus gefertigt und bieten Komfort [&hellip;]<\/p>\n","protected":false},"featured_media":316410,"comment_status":"closed","ping_status":"open","template":"","meta":[],"product_brand":[27112],"product_cat":[25835,26618],"product_tag":[],"class_list":{"0":"post-235509","1":"product","2":"type-product","3":"status-publish","4":"has-post-thumbnail","6":"product_brand-hop-hare","7":"product_cat-kleidung","8":"product_cat-socken-und-strumpfe","9":"pa_collection-hop-hore-bamboo-low-trainer-socks-de","10":"pa_made-in-tuerkei","12":"first","13":"instock","14":"purchasable","15":"product-type-simple"},"supplier_id":null,"supplier_sku":"BamSL-05M","barcode":null,"atum_controlled":true,"out_stock_date":null,"out_stock_threshold":null,"inheritable":false,"inbound_stock":null,"stock_on_hold":0,"sold_today":0,"sales_last_days":0,"reserved_stock":null,"customer_returns":null,"warehouse_damage":null,"lost_in_post":null,"other_logs":null,"out_stock_days":0,"lost_sales":0,"has_location":null,"update_date":"2026-01-30T01:25:22","atum_locations":[],"atum_stock_status":"instock","restock_status":false,"low_stock_amount":"","sales_update_date":"2026-01-30T01:25:22","calc_backorders":null,"_links":{"self":[{"href":"https:\/\/aromasentia.com\/de\/wp-json\/wp\/v2\/product\/235509","targetHints":{"allow":["GET"]}}],"collection":[{"href":"https:\/\/aromasentia.com\/de\/wp-json\/wp\/v2\/product"}],"about":[{"href":"https:\/\/aromasentia.com\/de\/wp-json\/wp\/v2\/types\/product"}],"replies":[{"embeddable":true,"href":"https:\/\/aromasentia.com\/de\/wp-json\/wp\/v2\/comments?post=235509"}],"version-history":[{"count":0,"href":"https:\/\/aromasentia.com\/de\/wp-json\/wp\/v2\/product\/235509\/revisions"}],"wp:featuredmedia":[{"embeddable":true,"href":"https:\/\/aromasentia.com\/de\/wp-json\/wp\/v2\/media\/316410"}],"wp:attachment":[{"href":"https:\/\/aromasentia.com\/de\/wp-json\/wp\/v2\/media?parent=235509"}],"wp:term":[{"taxonomy":"product_brand","embeddable":true,"href":"https:\/\/aromasentia.com\/de\/wp-json\/wp\/v2\/product_brand?post=235509"},{"taxonomy":"product_cat","embeddable":true,"href":"https:\/\/aromasentia.com\/de\/wp-json\/wp\/v2\/product_cat?post=235509"},{"taxonomy":"product_tag","embeddable":true,"href":"https:\/\/aromasentia.com\/de\/wp-json\/wp\/v2\/product_tag?post=235509"}],"curies":[{"name":"wp","href":"https:\/\/api.w.org\/{rel}","templated":true}]}}