{"id":235489,"date":"2025-03-21T14:37:53","date_gmt":"2025-03-21T14:37:53","guid":{"rendered":"https:\/\/aromasentia.com\/product\/s-m-hop-hare-bamboo-socks-low-36-40-tree-of-life\/"},"modified":"2025-12-30T20:20:03","modified_gmt":"2025-12-30T20:20:03","slug":"s-m-hop-hare-bambussocken-niedrig-36-40-baum-des-lebens","status":"publish","type":"product","link":"https:\/\/aromasentia.com\/de\/s-m-hop-hare-bambussocken-niedrig-36-40-baum-des-lebens\/","title":{"rendered":"S\/M Hop Hare Bambussocken Niedrig (36\u201340) \u2013 Baum des Lebens"},"content":{"rendered":"<p><strong>Hop Hare Bamboo Socks Low &#8211; Tree of Life<\/strong>, wo fesselndes Design auf au\u00dfergew\u00f6hnlichen Komfort trifft. Diese Socken sind eine tiefgr\u00fcndige Darstellung von Mystik, Glauben, Traditionen und gesch\u00e4tzten Erfahrungen und bieten eine harmonische Verschmelzung von Stil und spiritueller Bedeutung.<\/p>\n<p>Hergestellt aus hochwertigem Bambusgarn. Die Vorteile der Bambusfaser, wie z.B. die hervorragende Feuchtigkeitsaufnahme und Bel\u00fcftung, sorgen daf\u00fcr, dass die F\u00fc\u00dfe k\u00fchl, trocken und geruchsfrei bleiben. Das Bambusmaterial f\u00fchlt sich au\u00dferdem seidig weich an und macht das Tragen dieser Socken zu einem Vergn\u00fcgen.<\/p>\n<p>Das Design ist vom <strong>Baum des Lebens<\/strong> inspiriert, einem universellen Symbol, das Kulturen und Zeiten \u00fcberdauert. Die Muster stellen die \u00c4ste und Wurzeln des Lebensbaums dar und symbolisieren die Verbundenheit, das Wachstum und die Einheit aller Lebewesen. Das Design erinnert uns an unsere tiefe Verbundenheit mit der Natur, der Spiritualit\u00e4t und den Zyklen des Lebens. <\/p>\n<p>Das niedrig geschnittene Design sorgt f\u00fcr einen vielseitigen und modischen Look, der sich gut mit verschiedenen Schuhmodellen kombinieren l\u00e4sst, von Sneakern bis hin zu Loafers.<\/p>\n<p>Die Hop Hare Socken sind in zwei Gr\u00f6\u00dfen erh\u00e4ltlich: 3,5-6,5 UK (36-40 EU) und 7,5-11,5 UK (41-46 EU).<\/p>\n<p><em>Hergestellt in der T\u00fcrkei. Zusammensetzung: 70% Bambus, 28,5% Polyamid, 1,5% Elastan.<\/em><\/p>\n<p><strong>Warum Socken aus Bambus?<\/strong><\/p>\n<p>&#8211; atmungsaktiv<\/p>\n<p>&#8211; antibakteriell<\/p>\n<p>&#8211; thermoregulierend<\/p>\n<p>&#8211; feuchtigkeitsableitend<\/p>\n<p>&#8211; glatte Zehennaht<\/p>\n<p>&#8211; umweltfreundliche Bambusfasern<\/p>\n<p><strong>Bestellen Sie jetzt und bieten Sie Ihren Kunden Komfort und Stil, der den Planeten respektiert.<\/strong><\/p>\n","protected":false},"excerpt":{"rendered":"<p>Hop Hare Bamboo Socks Low &#8211; Tree of Life, wo fesselndes Design auf au\u00dfergew\u00f6hnlichen Komfort trifft. Diese Socken sind eine tiefgr\u00fcndige Darstellung von Mystik, Glauben, Traditionen und gesch\u00e4tzten Erfahrungen und bieten eine harmonische Verschmelzung von Stil und spiritueller Bedeutung. Hergestellt aus hochwertigem Bambusgarn. Die Vorteile der Bambusfaser, wie z.B. die hervorragende Feuchtigkeitsaufnahme und Bel\u00fcftung, sorgen [&hellip;]<\/p>\n","protected":false},"featured_media":317476,"comment_status":"closed","ping_status":"open","template":"","meta":{"_angie_page":false},"product_brand":[27112],"product_cat":[25835,26618],"product_tag":[],"class_list":{"0":"post-235489","1":"product","2":"type-product","3":"status-publish","4":"has-post-thumbnail","6":"product_brand-hop-hare","7":"product_cat-kleidung","8":"product_cat-socken-und-strumpfe","9":"pa_collection-hop-hore-bamboo-low-trainer-socks-de","10":"pa_made-in-tuerkei","12":"first","13":"instock","14":"purchasable","15":"product-type-simple"},"supplier_id":null,"supplier_sku":"BamSL-11F","barcode":null,"atum_controlled":true,"out_stock_date":null,"out_stock_threshold":null,"inheritable":false,"inbound_stock":null,"stock_on_hold":0,"sold_today":0,"sales_last_days":0,"reserved_stock":null,"customer_returns":null,"warehouse_damage":null,"lost_in_post":null,"other_logs":null,"out_stock_days":0,"lost_sales":0,"has_location":null,"update_date":"2026-05-08T05:04:56","atum_locations":[],"atum_stock_status":"instock","restock_status":false,"low_stock_amount":"","sales_update_date":"2026-03-23T19:21:50","calc_backorders":null,"_links":{"self":[{"href":"https:\/\/aromasentia.com\/de\/wp-json\/wp\/v2\/product\/235489","targetHints":{"allow":["GET"]}}],"collection":[{"href":"https:\/\/aromasentia.com\/de\/wp-json\/wp\/v2\/product"}],"about":[{"href":"https:\/\/aromasentia.com\/de\/wp-json\/wp\/v2\/types\/product"}],"replies":[{"embeddable":true,"href":"https:\/\/aromasentia.com\/de\/wp-json\/wp\/v2\/comments?post=235489"}],"version-history":[{"count":0,"href":"https:\/\/aromasentia.com\/de\/wp-json\/wp\/v2\/product\/235489\/revisions"}],"wp:featuredmedia":[{"embeddable":true,"href":"https:\/\/aromasentia.com\/de\/wp-json\/wp\/v2\/media\/317476"}],"wp:attachment":[{"href":"https:\/\/aromasentia.com\/de\/wp-json\/wp\/v2\/media?parent=235489"}],"wp:term":[{"taxonomy":"product_brand","embeddable":true,"href":"https:\/\/aromasentia.com\/de\/wp-json\/wp\/v2\/product_brand?post=235489"},{"taxonomy":"product_cat","embeddable":true,"href":"https:\/\/aromasentia.com\/de\/wp-json\/wp\/v2\/product_cat?post=235489"},{"taxonomy":"product_tag","embeddable":true,"href":"https:\/\/aromasentia.com\/de\/wp-json\/wp\/v2\/product_tag?post=235489"}],"curies":[{"name":"wp","href":"https:\/\/api.w.org\/{rel}","templated":true}]}}