{"id":235449,"date":"2025-03-21T14:37:53","date_gmt":"2025-03-21T14:37:53","guid":{"rendered":"https:\/\/aromasentia.com\/product\/back-to-the-bazaar-bag-yellow-orange\/"},"modified":"2025-12-30T20:19:56","modified_gmt":"2025-12-30T20:19:56","slug":"basartasche-gelb-orange","status":"publish","type":"product","link":"https:\/\/aromasentia.com\/de\/basartasche-gelb-orange\/","title":{"rendered":"Basartasche &#8211; Gelb &#038; Orange"},"content":{"rendered":"<p>In diese sch\u00f6ne Bazaar-Tasche passt alles von Lebensmitteln bis hin zu Strandt\u00fcchern, was sie zur idealen Tasche f\u00fcr jeden Tag macht! Es hat eine kleine Innentasche, zwei Schultergurte und einen Rei\u00dfverschluss oben, um Ihre Gegenst\u00e4nde sicher aufzubewahren.<\/p>\n<ul style=\"padding: 0px; color: rgb(114, 114, 114); font-family: Ubuntu, sans-serif; font-size: 16px; font-style: normal; font-variant-ligatures: normal; font-variant-caps: normal; font-weight: 400; letter-spacing: normal; orphans: 2; text-align: start; text-indent: 0px; text-transform: none; white-space: normal; widows: 2; word-spacing: 0px; -webkit-text-stroke-width: 0px; text-decoration-thickness: initial; text-decoration-style: initial; text-decoration-color: initial; background-color: rgb(255, 255, 255);\">\n<li>Ma\u00dfe: 45 x 13,5 x 41,5 cm&nbsp;<\/li>\n<li>Riemenl\u00e4nge: 35 cm<\/li>\n<li>Langlebiges Design<\/li>\n<\/ul>\n","protected":false},"excerpt":{"rendered":"<p>In diese sch\u00f6ne Bazaar-Tasche passt alles von Lebensmitteln bis hin zu Strandt\u00fcchern, was sie zur idealen Tasche f\u00fcr jeden Tag macht! Es hat eine kleine Innentasche, zwei Schultergurte und einen Rei\u00dfverschluss oben, um Ihre Gegenst\u00e4nde sicher aufzubewahren. Ma\u00dfe: 45 x 13,5 x 41,5 cm&nbsp; Riemenl\u00e4nge: 35 cm Langlebiges Design<\/p>\n","protected":false},"featured_media":317894,"comment_status":"closed","ping_status":"open","template":"","meta":[],"product_brand":[],"product_cat":[19654,19655],"product_tag":[],"class_list":{"0":"post-235449","1":"product","2":"type-product","3":"status-publish","4":"has-post-thumbnail","6":"product_cat-oekologische-taschen","7":"product_cat-taschen-und-rucksaecke","8":"pa_made-in-china","10":"first","11":"outofstock","12":"purchasable","13":"product-type-simple"},"supplier_id":null,"supplier_sku":"BAZ-01","barcode":null,"atum_controlled":true,"out_stock_date":"2025-10-09 12:35:48","out_stock_threshold":null,"inheritable":false,"inbound_stock":null,"stock_on_hold":0,"sold_today":0,"sales_last_days":0,"reserved_stock":null,"customer_returns":null,"warehouse_damage":null,"lost_in_post":null,"other_logs":null,"out_stock_days":112,"lost_sales":0,"has_location":null,"update_date":"2026-01-30T01:25:10","atum_locations":[],"atum_stock_status":"outofstock","restock_status":false,"low_stock_amount":"","sales_update_date":"2026-01-30T01:25:10","calc_backorders":null,"_links":{"self":[{"href":"https:\/\/aromasentia.com\/de\/wp-json\/wp\/v2\/product\/235449","targetHints":{"allow":["GET"]}}],"collection":[{"href":"https:\/\/aromasentia.com\/de\/wp-json\/wp\/v2\/product"}],"about":[{"href":"https:\/\/aromasentia.com\/de\/wp-json\/wp\/v2\/types\/product"}],"replies":[{"embeddable":true,"href":"https:\/\/aromasentia.com\/de\/wp-json\/wp\/v2\/comments?post=235449"}],"version-history":[{"count":0,"href":"https:\/\/aromasentia.com\/de\/wp-json\/wp\/v2\/product\/235449\/revisions"}],"wp:featuredmedia":[{"embeddable":true,"href":"https:\/\/aromasentia.com\/de\/wp-json\/wp\/v2\/media\/317894"}],"wp:attachment":[{"href":"https:\/\/aromasentia.com\/de\/wp-json\/wp\/v2\/media?parent=235449"}],"wp:term":[{"taxonomy":"product_brand","embeddable":true,"href":"https:\/\/aromasentia.com\/de\/wp-json\/wp\/v2\/product_brand?post=235449"},{"taxonomy":"product_cat","embeddable":true,"href":"https:\/\/aromasentia.com\/de\/wp-json\/wp\/v2\/product_cat?post=235449"},{"taxonomy":"product_tag","embeddable":true,"href":"https:\/\/aromasentia.com\/de\/wp-json\/wp\/v2\/product_tag?post=235449"}],"curies":[{"name":"wp","href":"https:\/\/api.w.org\/{rel}","templated":true}]}}