{"id":235437,"date":"2025-03-21T14:37:53","date_gmt":"2025-03-21T14:37:53","guid":{"rendered":"https:\/\/aromasentia.com\/product\/s-m-hop-hare-bamboo-socks-low-36-40-evil-eye-hamsa\/"},"modified":"2025-12-30T20:19:56","modified_gmt":"2025-12-30T20:19:56","slug":"s-m-hop-hare-bambussocken-niedrig-36-40-boeser-blick-und-hamsa","status":"publish","type":"product","link":"https:\/\/aromasentia.com\/de\/s-m-hop-hare-bambussocken-niedrig-36-40-boeser-blick-und-hamsa\/","title":{"rendered":"S\/M Hop Hare Bambussocken Niedrig (36\u201340) \u2013 b\u00f6ser Blick und Hamsa"},"content":{"rendered":"<p><strong>Hop Hare Bamboo Socks Low &#8211; Evil Eye &amp; Hamsa<\/strong> &#8211; &nbsp;fesselndes Design trifft auf au\u00dfergew\u00f6hnlichen Komfort. Diese Socken sind eine atemberaubende Darstellung von Mystik, Glauben, Traditionen und kraftvollen Schutz- und Gl\u00fcckssymbolen und bieten eine Verschmelzung von Stil und spiritueller Bedeutung.<\/p>\n<p>Hergestellt aus hochwertigem Bambusgarn. Die Vorteile der Bambusfaser, wie z.B. die hervorragende Feuchtigkeitsaufnahme und Bel\u00fcftung, sorgen daf\u00fcr, dass die F\u00fc\u00dfe k\u00fchl, trocken und geruchsfrei bleiben. Das Bambusmaterial f\u00fchlt sich au\u00dferdem seidig weich an und macht das Tragen dieser Socken zu einem Vergn\u00fcgen.<\/p>\n<p>Das Design ist von den Symbolen <strong>B\u00f6ses Auge und Hamsa<\/strong> inspiriert. Die Muster und Farben des Evil Eye &amp; Hamsa-Designs rufen ein Gef\u00fchl der Positivit\u00e4t hervor, wehren negative Energie ab und bringen dem Tr\u00e4ger Gl\u00fcck und Schutz. Die Kombination dieser Symbole schafft eine harmonische Mischung aus altem Glauben und Traditionen, die kulturelle Grenzen \u00fcberschreiten. <\/p>\n<p>Das niedrig geschnittene Design sorgt f\u00fcr einen vielseitigen und modischen Look, der sich gut mit verschiedenen Schuhen kombinieren l\u00e4sst, von Sneakern bis hin zu Loafers.<\/p>\n<p>Die Hop Hare Socken sind in zwei Gr\u00f6\u00dfen erh\u00e4ltlich: 3,5-6,5 UK (36-40 EU) und 7,5-11,5 UK (41-46 EU). Hergestellt aus hochwertigem Bambusgarn, das die F\u00fc\u00dfe atmen l\u00e4sst.<\/p>\n<p><em>Hergestellt in der T\u00fcrkei. Zusammensetzung: 70% Bambus, 28,5% Polyamid, 1,5% Elastan.<\/em><\/p>\n<p><strong>Warum Bambussocken?<\/strong><\/p>\n<p>&#8211; atmungsaktiv<\/p>\n<p>&#8211; antibakteriell<\/p>\n<p>&#8211; thermoregulierend<\/p>\n<p>&#8211; feuchtigkeitsableitend<\/p>\n<p>&#8211; glatte Zehennaht<\/p>\n<p>&#8211; umweltfreundliche Bambusfasern<\/p>\n<p><strong>Bestellen Sie jetzt und bieten Sie Ihren Kunden Komfort und Stil, der den Planeten respektiert.<\/strong><\/p>\n","protected":false},"excerpt":{"rendered":"<p>Hop Hare Bamboo Socks Low &#8211; Evil Eye &amp; Hamsa &#8211; &nbsp;fesselndes Design trifft auf au\u00dfergew\u00f6hnlichen Komfort. Diese Socken sind eine atemberaubende Darstellung von Mystik, Glauben, Traditionen und kraftvollen Schutz- und Gl\u00fcckssymbolen und bieten eine Verschmelzung von Stil und spiritueller Bedeutung. Hergestellt aus hochwertigem Bambusgarn. Die Vorteile der Bambusfaser, wie z.B. die hervorragende Feuchtigkeitsaufnahme und [&hellip;]<\/p>\n","protected":false},"featured_media":317771,"comment_status":"closed","ping_status":"open","template":"","meta":{"_angie_page":false},"product_brand":[27112],"product_cat":[25835,26618],"product_tag":[],"class_list":{"0":"post-235437","1":"product","2":"type-product","3":"status-publish","4":"has-post-thumbnail","6":"product_brand-hop-hare","7":"product_cat-kleidung","8":"product_cat-socken-und-strumpfe","9":"pa_collection-hop-hore-bamboo-low-trainer-socks-de","10":"pa_made-in-tuerkei","12":"first","13":"instock","14":"purchasable","15":"product-type-simple"},"supplier_id":null,"supplier_sku":"BamSL-18F","barcode":null,"atum_controlled":true,"out_stock_date":null,"out_stock_threshold":null,"inheritable":false,"inbound_stock":null,"stock_on_hold":0,"sold_today":0,"sales_last_days":0,"reserved_stock":null,"customer_returns":null,"warehouse_damage":null,"lost_in_post":null,"other_logs":null,"out_stock_days":0,"lost_sales":0,"has_location":null,"update_date":"2026-05-08T05:04:56","atum_locations":[],"atum_stock_status":"instock","restock_status":false,"low_stock_amount":"","sales_update_date":"2026-01-30T01:24:46","calc_backorders":null,"_links":{"self":[{"href":"https:\/\/aromasentia.com\/de\/wp-json\/wp\/v2\/product\/235437","targetHints":{"allow":["GET"]}}],"collection":[{"href":"https:\/\/aromasentia.com\/de\/wp-json\/wp\/v2\/product"}],"about":[{"href":"https:\/\/aromasentia.com\/de\/wp-json\/wp\/v2\/types\/product"}],"replies":[{"embeddable":true,"href":"https:\/\/aromasentia.com\/de\/wp-json\/wp\/v2\/comments?post=235437"}],"version-history":[{"count":0,"href":"https:\/\/aromasentia.com\/de\/wp-json\/wp\/v2\/product\/235437\/revisions"}],"wp:featuredmedia":[{"embeddable":true,"href":"https:\/\/aromasentia.com\/de\/wp-json\/wp\/v2\/media\/317771"}],"wp:attachment":[{"href":"https:\/\/aromasentia.com\/de\/wp-json\/wp\/v2\/media?parent=235437"}],"wp:term":[{"taxonomy":"product_brand","embeddable":true,"href":"https:\/\/aromasentia.com\/de\/wp-json\/wp\/v2\/product_brand?post=235437"},{"taxonomy":"product_cat","embeddable":true,"href":"https:\/\/aromasentia.com\/de\/wp-json\/wp\/v2\/product_cat?post=235437"},{"taxonomy":"product_tag","embeddable":true,"href":"https:\/\/aromasentia.com\/de\/wp-json\/wp\/v2\/product_tag?post=235437"}],"curies":[{"name":"wp","href":"https:\/\/api.w.org\/{rel}","templated":true}]}}