{"id":235409,"date":"2025-03-21T14:37:57","date_gmt":"2025-03-21T14:37:57","guid":{"rendered":"https:\/\/aromasentia.com\/product\/big-bright-bag-frangipani\/"},"modified":"2025-12-30T20:19:48","modified_gmt":"2025-12-30T20:19:48","slug":"grosse-helle-tasche-frangipani","status":"publish","type":"product","link":"https:\/\/aromasentia.com\/de\/grosse-helle-tasche-frangipani\/","title":{"rendered":"Gro\u00dfe, helle Tasche &#8211; Frangipani"},"content":{"rendered":"<p><span style=\"color: rgb(75, 80, 88);\"><strong>Verleihen Sie Ihrem Tag einen Hauch tropischen Flairs mit unserer gro\u00dfen, leuchtend fluoreszierenden Tasche im Frangipani-Design.<\/strong><\/span><\/p>\n<p><span style=\"color: rgb(75, 80, 88);\"><strong>Mit farbenfrohen und kunstvollen Frangipani-Bl\u00fcten<\/strong> strahlt dieses Design exotischen Reiz und Frische aus.&nbsp;<\/span><\/p>\n<p><span style=\"color: rgb(75, 80, 88);\">Egal, ob Sie zu einem Sommerfestival oder einem sonnigen Strandausflug gehen, diese Tasche erg\u00e4nzt mit ihrem lebendigen floralen Charme jeden Look. Hergestellt aus 100 % indischer Baumwolle bietet sie sowohl Strapazierf\u00e4higkeit als auch Komfort.&nbsp;<\/span><\/p>\n<p><span style=\"color: rgb(75, 80, 88);\">Der sichere Magnetverschluss sch\u00fctzt Ihre Sachen, w\u00e4hrend die kleine Innentasche mit Rei\u00dfverschluss f\u00fcr zus\u00e4tzlichen Komfort sorgt.&nbsp;<\/span><\/p>\n<p><span style=\"color: rgb(75, 80, 88);\"><strong>Mit den Ma\u00dfen 55 cm x 36 cm x 19 cm<\/strong> bietet diese Tasche reichlich Platz f\u00fcr alle wichtigen Dinge und ist pflegeleicht.<\/span><\/p>\n<p><span style=\"color: rgb(75, 80, 88);\"><strong>Waschbar bei 40 Grad Celsius.<\/strong><\/span><\/p>\n","protected":false},"excerpt":{"rendered":"<p>Verleihen Sie Ihrem Tag einen Hauch tropischen Flairs mit unserer gro\u00dfen, leuchtend fluoreszierenden Tasche im Frangipani-Design. Mit farbenfrohen und kunstvollen Frangipani-Bl\u00fcten strahlt dieses Design exotischen Reiz und Frische aus.&nbsp; Egal, ob Sie zu einem Sommerfestival oder einem sonnigen Strandausflug gehen, diese Tasche erg\u00e4nzt mit ihrem lebendigen floralen Charme jeden Look. Hergestellt aus 100 % indischer [&hellip;]<\/p>\n","protected":false},"featured_media":318537,"comment_status":"closed","ping_status":"open","template":"","meta":{"_angie_page":false},"product_brand":[],"product_cat":[19654,19655],"product_tag":[],"class_list":{"0":"post-235409","1":"product","2":"type-product","3":"status-publish","4":"has-post-thumbnail","6":"product_cat-oekologische-taschen","7":"product_cat-taschen-und-rucksaecke","8":"pa_collection-big-bright-bags-de","9":"pa_made-in-indien","11":"first","12":"instock","13":"purchasable","14":"product-type-simple"},"supplier_id":null,"supplier_sku":"BFPB-03","barcode":null,"atum_controlled":true,"out_stock_date":null,"out_stock_threshold":null,"inheritable":false,"inbound_stock":null,"stock_on_hold":0,"sold_today":0,"sales_last_days":0,"reserved_stock":null,"customer_returns":null,"warehouse_damage":null,"lost_in_post":null,"other_logs":null,"out_stock_days":0,"lost_sales":0,"has_location":null,"update_date":"2026-04-27T06:54:02","atum_locations":[],"atum_stock_status":"instock","restock_status":false,"low_stock_amount":"","sales_update_date":"2026-01-30T01:25:40","calc_backorders":null,"_links":{"self":[{"href":"https:\/\/aromasentia.com\/de\/wp-json\/wp\/v2\/product\/235409","targetHints":{"allow":["GET"]}}],"collection":[{"href":"https:\/\/aromasentia.com\/de\/wp-json\/wp\/v2\/product"}],"about":[{"href":"https:\/\/aromasentia.com\/de\/wp-json\/wp\/v2\/types\/product"}],"replies":[{"embeddable":true,"href":"https:\/\/aromasentia.com\/de\/wp-json\/wp\/v2\/comments?post=235409"}],"version-history":[{"count":0,"href":"https:\/\/aromasentia.com\/de\/wp-json\/wp\/v2\/product\/235409\/revisions"}],"wp:featuredmedia":[{"embeddable":true,"href":"https:\/\/aromasentia.com\/de\/wp-json\/wp\/v2\/media\/318537"}],"wp:attachment":[{"href":"https:\/\/aromasentia.com\/de\/wp-json\/wp\/v2\/media?parent=235409"}],"wp:term":[{"taxonomy":"product_brand","embeddable":true,"href":"https:\/\/aromasentia.com\/de\/wp-json\/wp\/v2\/product_brand?post=235409"},{"taxonomy":"product_cat","embeddable":true,"href":"https:\/\/aromasentia.com\/de\/wp-json\/wp\/v2\/product_cat?post=235409"},{"taxonomy":"product_tag","embeddable":true,"href":"https:\/\/aromasentia.com\/de\/wp-json\/wp\/v2\/product_tag?post=235409"}],"curies":[{"name":"wp","href":"https:\/\/api.w.org\/{rel}","templated":true}]}}