{"id":235385,"date":"2025-03-21T14:37:57","date_gmt":"2025-03-21T14:37:57","guid":{"rendered":"https:\/\/aromasentia.com\/product\/body-cross-bag-natural-cotton-blue-white\/"},"modified":"2025-12-30T20:19:48","modified_gmt":"2025-12-30T20:19:48","slug":"umhaengetasche-aus-naturbaumwolle-blau-weiss","status":"publish","type":"product","link":"https:\/\/aromasentia.com\/de\/umhaengetasche-aus-naturbaumwolle-blau-weiss\/","title":{"rendered":"Umh\u00e4ngetasche aus Naturbaumwolle  &#8211; Blau Weiss"},"content":{"rendered":"<p><span style=\"color: rgb(75, 80, 88);\"><strong>Entdecken Sie unsere Umh\u00e4ngetasche aus nat\u00fcrlicher Baumwolle in Blau und Wei\u00df<\/strong>: stilvoll, nachhaltig und funktional. Hergestellt aus feiner Naturbaumwolle, mit verstellbaren Riemen und sicheren Taschen.<\/span><\/p>\n<p><span style=\"color: rgb(75, 80, 88);\"><strong>Diese umweltfreundlichen Taschen sind perfekt f\u00fcr jeden Anlass und ein Muss!<\/strong><\/span><\/p>\n<p><span style=\"color: rgb(75, 80, 88);\"><strong>Material:<\/strong> Naturbaumwolle<\/span><\/p>\n<p><span style=\"color: rgb(75, 80, 88);\"><strong>Ma\u00dfe:<\/strong> 34 x 18 x 5 cm (13,4 x 7,1 x 2 Zoll)<\/span><\/p>\n<p><span style=\"color: rgb(75, 80, 88);\"><strong>Gurtl\u00e4nge:<\/strong> verstellbar 51 &#8211; 96 cm (20,1 x 37,8 Zoll)<\/span><\/p>\n<p><span style=\"color: rgb(75, 80, 88);\"><strong>Verstellbarer Verschluss:&nbsp;<\/strong>Zwei Rei\u00dfverschlusstaschen, ein Druckknopfverschluss&nbsp;<\/span><\/p>\n<p><span style=\"color: rgb(75, 80, 88);\"><strong>Pflegehinweise:&nbsp;<\/strong>Nur Handw\u00e4sche empfohlen<\/span><\/p>\n","protected":false},"excerpt":{"rendered":"<p>Entdecken Sie unsere Umh\u00e4ngetasche aus nat\u00fcrlicher Baumwolle in Blau und Wei\u00df: stilvoll, nachhaltig und funktional. Hergestellt aus feiner Naturbaumwolle, mit verstellbaren Riemen und sicheren Taschen. Diese umweltfreundlichen Taschen sind perfekt f\u00fcr jeden Anlass und ein Muss! Material: Naturbaumwolle Ma\u00dfe: 34 x 18 x 5 cm (13,4 x 7,1 x 2 Zoll) Gurtl\u00e4nge: verstellbar 51 &#8211; [&hellip;]<\/p>\n","protected":false},"featured_media":318331,"comment_status":"closed","ping_status":"open","template":"","meta":{"_angie_page":false},"product_brand":[],"product_cat":[19654,19655],"product_tag":[],"class_list":{"0":"post-235385","1":"product","2":"type-product","3":"status-publish","4":"has-post-thumbnail","6":"product_cat-oekologische-taschen","7":"product_cat-taschen-und-rucksaecke","8":"pa_collection-natural-cotton-cross-body-bags-de","9":"pa_made-in-indien","11":"first","12":"instock","13":"purchasable","14":"product-type-simple"},"supplier_id":null,"supplier_sku":"BCrB-06","barcode":null,"atum_controlled":true,"out_stock_date":null,"out_stock_threshold":null,"inheritable":false,"inbound_stock":null,"stock_on_hold":0,"sold_today":0,"sales_last_days":0,"reserved_stock":null,"customer_returns":null,"warehouse_damage":null,"lost_in_post":null,"other_logs":null,"out_stock_days":0,"lost_sales":0,"has_location":null,"update_date":"2026-04-27T06:54:36","atum_locations":[],"atum_stock_status":"instock","restock_status":false,"low_stock_amount":"","sales_update_date":"2026-01-30T01:26:00","calc_backorders":null,"_links":{"self":[{"href":"https:\/\/aromasentia.com\/de\/wp-json\/wp\/v2\/product\/235385","targetHints":{"allow":["GET"]}}],"collection":[{"href":"https:\/\/aromasentia.com\/de\/wp-json\/wp\/v2\/product"}],"about":[{"href":"https:\/\/aromasentia.com\/de\/wp-json\/wp\/v2\/types\/product"}],"replies":[{"embeddable":true,"href":"https:\/\/aromasentia.com\/de\/wp-json\/wp\/v2\/comments?post=235385"}],"version-history":[{"count":0,"href":"https:\/\/aromasentia.com\/de\/wp-json\/wp\/v2\/product\/235385\/revisions"}],"wp:featuredmedia":[{"embeddable":true,"href":"https:\/\/aromasentia.com\/de\/wp-json\/wp\/v2\/media\/318331"}],"wp:attachment":[{"href":"https:\/\/aromasentia.com\/de\/wp-json\/wp\/v2\/media?parent=235385"}],"wp:term":[{"taxonomy":"product_brand","embeddable":true,"href":"https:\/\/aromasentia.com\/de\/wp-json\/wp\/v2\/product_brand?post=235385"},{"taxonomy":"product_cat","embeddable":true,"href":"https:\/\/aromasentia.com\/de\/wp-json\/wp\/v2\/product_cat?post=235385"},{"taxonomy":"product_tag","embeddable":true,"href":"https:\/\/aromasentia.com\/de\/wp-json\/wp\/v2\/product_tag?post=235385"}],"curies":[{"name":"wp","href":"https:\/\/api.w.org\/{rel}","templated":true}]}}