{"id":235353,"date":"2025-03-21T14:37:57","date_gmt":"2025-03-21T14:37:57","guid":{"rendered":"https:\/\/aromasentia.com\/product\/bali-block-print-sarong-orchids-4-assorted-colours\/"},"modified":"2025-12-30T20:19:41","modified_gmt":"2025-12-30T20:19:41","slug":"bali-block-print-sarong-orchids-4-assorted-colours","status":"publish","type":"product","link":"https:\/\/aromasentia.com\/de\/bali-block-print-sarong-orchids-4-assorted-colours\/","title":{"rendered":"Bali Block Print Sarong &#8211; Orchids (4 Assorted Colours)"},"content":{"rendered":"<p>Dieser Sarong ist von h\u00f6chster Qualit\u00e4t und sieht wundersch\u00f6n aus, wenn er aufgerollt oder mit einer Kokosnussknopfschale zusammengebunden wird.<\/p>\n<p>Die ideale Gr\u00f6\u00dfe zum Umwickeln der Taille. Er kann sowohl sportlich als auch elegant sein und eignet sich perfekt f\u00fcr jede Gelegenheit, insbesondere als Strandaccessoire.<\/p>\n<p>Sarongs werden von <strong>Ancient Wisdom<\/strong> direkt aus Bali importiert und, was noch wichtiger ist, sie sind handbemalt, was jeden einzelnen Sarong einzigartig macht.<\/p>\n<p>Gr\u00f6\u00dfen: L: 155 cm &nbsp; B: 120 cm &nbsp;<\/p>\n<p>Aus 100 % Viskose.<\/p>\n<p><strong>Du wirst einen Sarong brauchen, um mich nicht zu lieben.<\/strong><\/p>\n","protected":false},"excerpt":{"rendered":"<p>Dieser Sarong ist von h\u00f6chster Qualit\u00e4t und sieht wundersch\u00f6n aus, wenn er aufgerollt oder mit einer Kokosnussknopfschale zusammengebunden wird. Die ideale Gr\u00f6\u00dfe zum Umwickeln der Taille. Er kann sowohl sportlich als auch elegant sein und eignet sich perfekt f\u00fcr jede Gelegenheit, insbesondere als Strandaccessoire. Sarongs werden von Ancient Wisdom direkt aus Bali importiert und, was [&hellip;]<\/p>\n","protected":false},"featured_media":318027,"comment_status":"closed","ping_status":"open","template":"","meta":{"_angie_page":false},"product_brand":[],"product_cat":[25835,26617],"product_tag":[],"class_list":{"0":"post-235353","1":"product","2":"type-product","3":"status-publish","4":"has-post-thumbnail","6":"product_cat-kleidung","7":"product_cat-sarongs","8":"pa_collection-bali-block-print-sarongs-with-coco-decor-de","9":"pa_made-in-indonesien","11":"first","12":"instock","13":"purchasable","14":"product-type-simple"},"supplier_id":null,"supplier_sku":"BBP-02DS","barcode":null,"atum_controlled":true,"out_stock_date":null,"out_stock_threshold":null,"inheritable":false,"inbound_stock":null,"stock_on_hold":0,"sold_today":0,"sales_last_days":0,"reserved_stock":null,"customer_returns":null,"warehouse_damage":null,"lost_in_post":null,"other_logs":null,"out_stock_days":0,"lost_sales":0,"has_location":null,"update_date":"2026-04-27T06:54:25","atum_locations":[],"atum_stock_status":"instock","restock_status":false,"low_stock_amount":"","sales_update_date":"2026-02-06T00:01:59","calc_backorders":null,"_links":{"self":[{"href":"https:\/\/aromasentia.com\/de\/wp-json\/wp\/v2\/product\/235353","targetHints":{"allow":["GET"]}}],"collection":[{"href":"https:\/\/aromasentia.com\/de\/wp-json\/wp\/v2\/product"}],"about":[{"href":"https:\/\/aromasentia.com\/de\/wp-json\/wp\/v2\/types\/product"}],"replies":[{"embeddable":true,"href":"https:\/\/aromasentia.com\/de\/wp-json\/wp\/v2\/comments?post=235353"}],"version-history":[{"count":0,"href":"https:\/\/aromasentia.com\/de\/wp-json\/wp\/v2\/product\/235353\/revisions"}],"wp:featuredmedia":[{"embeddable":true,"href":"https:\/\/aromasentia.com\/de\/wp-json\/wp\/v2\/media\/318027"}],"wp:attachment":[{"href":"https:\/\/aromasentia.com\/de\/wp-json\/wp\/v2\/media?parent=235353"}],"wp:term":[{"taxonomy":"product_brand","embeddable":true,"href":"https:\/\/aromasentia.com\/de\/wp-json\/wp\/v2\/product_brand?post=235353"},{"taxonomy":"product_cat","embeddable":true,"href":"https:\/\/aromasentia.com\/de\/wp-json\/wp\/v2\/product_cat?post=235353"},{"taxonomy":"product_tag","embeddable":true,"href":"https:\/\/aromasentia.com\/de\/wp-json\/wp\/v2\/product_tag?post=235353"}],"curies":[{"name":"wp","href":"https:\/\/api.w.org\/{rel}","templated":true}]}}