{"id":235337,"date":"2025-03-21T14:38:01","date_gmt":"2025-03-21T14:38:01","guid":{"rendered":"https:\/\/aromasentia.com\/product\/just-be-nice-4-designs\/"},"modified":"2025-12-30T20:19:41","modified_gmt":"2025-12-30T20:19:41","slug":"just-be-nice-4-versch-farben","status":"publish","type":"product","link":"https:\/\/aromasentia.com\/de\/just-be-nice-4-versch-farben\/","title":{"rendered":"Just Be Nice &#8211; (4 versch. Farben)"},"content":{"rendered":"<p>Baumwolltaschen sind robust und praktisch und in verschiedenen Gr\u00f6\u00dfen und Farben erh\u00e4ltlich, um Ihren Bed\u00fcrfnissen gerecht zu werden. Diese Taschen sind langlebig und k\u00f6nnen immer wieder verwendet werden.<\/p>\n<p>Stellen Sie sich vor, wie viel Gutes Sie unserem Planeten tun, wenn Sie die Plastikt\u00fcten durch eine Baumwolltasche ersetzen.<\/p>\n<p><span style=\"color: rgb(75, 80, 88);\"><strong>* Bitte beachten Sie, dass die Taschen in 4 verschiedenen Farben erh\u00e4ltlich sind. Bitte geben Sie beim Bezahlvorgang Ihre bevorzugte Farbe an. Wenn keine Farbe angegeben ist, wird eine zuf\u00e4llige Farbe ausgew\u00e4hlt.<\/strong><\/span><\/p>\n","protected":false},"excerpt":{"rendered":"<p>Baumwolltaschen sind robust und praktisch und in verschiedenen Gr\u00f6\u00dfen und Farben erh\u00e4ltlich, um Ihren Bed\u00fcrfnissen gerecht zu werden. Diese Taschen sind langlebig und k\u00f6nnen immer wieder verwendet werden. Stellen Sie sich vor, wie viel Gutes Sie unserem Planeten tun, wenn Sie die Plastikt\u00fcten durch eine Baumwolltasche ersetzen. * Bitte beachten Sie, dass die Taschen in [&hellip;]<\/p>\n","protected":false},"featured_media":319207,"comment_status":"closed","ping_status":"open","template":"","meta":{"_angie_page":false},"product_brand":[],"product_cat":[19654,19655],"product_tag":[],"class_list":{"0":"post-235337","1":"product","2":"type-product","3":"status-publish","4":"has-post-thumbnail","6":"product_cat-oekologische-taschen","7":"product_cat-taschen-und-rucksaecke","8":"pa_collection-eco-cotton-bags-de","9":"pa_made-in-indien","11":"first","12":"instock","13":"purchasable","14":"product-type-simple"},"supplier_id":null,"supplier_sku":"EcoC-02","barcode":null,"atum_controlled":true,"out_stock_date":null,"out_stock_threshold":null,"inheritable":false,"inbound_stock":null,"stock_on_hold":0,"sold_today":0,"sales_last_days":0,"reserved_stock":null,"customer_returns":null,"warehouse_damage":null,"lost_in_post":null,"other_logs":null,"out_stock_days":0,"lost_sales":0,"has_location":null,"update_date":"2026-04-27T06:59:59","atum_locations":[],"atum_stock_status":"instock","restock_status":false,"low_stock_amount":"","sales_update_date":"2026-01-30T01:25:27","calc_backorders":null,"_links":{"self":[{"href":"https:\/\/aromasentia.com\/de\/wp-json\/wp\/v2\/product\/235337","targetHints":{"allow":["GET"]}}],"collection":[{"href":"https:\/\/aromasentia.com\/de\/wp-json\/wp\/v2\/product"}],"about":[{"href":"https:\/\/aromasentia.com\/de\/wp-json\/wp\/v2\/types\/product"}],"replies":[{"embeddable":true,"href":"https:\/\/aromasentia.com\/de\/wp-json\/wp\/v2\/comments?post=235337"}],"version-history":[{"count":0,"href":"https:\/\/aromasentia.com\/de\/wp-json\/wp\/v2\/product\/235337\/revisions"}],"wp:featuredmedia":[{"embeddable":true,"href":"https:\/\/aromasentia.com\/de\/wp-json\/wp\/v2\/media\/319207"}],"wp:attachment":[{"href":"https:\/\/aromasentia.com\/de\/wp-json\/wp\/v2\/media?parent=235337"}],"wp:term":[{"taxonomy":"product_brand","embeddable":true,"href":"https:\/\/aromasentia.com\/de\/wp-json\/wp\/v2\/product_brand?post=235337"},{"taxonomy":"product_cat","embeddable":true,"href":"https:\/\/aromasentia.com\/de\/wp-json\/wp\/v2\/product_cat?post=235337"},{"taxonomy":"product_tag","embeddable":true,"href":"https:\/\/aromasentia.com\/de\/wp-json\/wp\/v2\/product_tag?post=235337"}],"curies":[{"name":"wp","href":"https:\/\/api.w.org\/{rel}","templated":true}]}}