{"id":235325,"date":"2025-03-21T14:38:01","date_gmt":"2025-03-21T14:38:01","guid":{"rendered":"https:\/\/aromasentia.com\/product\/two-tone-cotton-bag-38x42x12cm-grey-black-10oz\/"},"modified":"2025-12-30T20:19:34","modified_gmt":"2025-12-30T20:19:34","slug":"zweifarbige-baumwolltasche-38-x-42-x-12-cm-grau-und-schwarz-10-oz","status":"publish","type":"product","link":"https:\/\/aromasentia.com\/de\/zweifarbige-baumwolltasche-38-x-42-x-12-cm-grau-und-schwarz-10-oz\/","title":{"rendered":"Zweifarbige Baumwolltasche \u2013 38 x 42 x 12 cm \u2013 Grau und Schwarz \u2013 10 oz"},"content":{"rendered":"<p>Ancient Wisdom Two Tone Cotton Bag &#8211; Grey &amp; Black<\/p>\n<p><em>Gr\u00f6\u00dfe: 38&#215;42 cm<\/em><\/p>\n<p>Baumwolltaschen sind schnell zu einem unserer Bestseller, sie sind ideal f\u00fcr Kampagnen, Veranstaltungen, Hofl\u00e4den und Lebensmittelgesch\u00e4fte zu verwenden. Auch diese Taschen haben perfekte Druckbereich f\u00fcr Werbezwecke, kann verwendet werden, um Firmenlogos zu drucken, zum Beispiel, sie sind stark und praktisch und in verschiedenen Gr\u00f6\u00dfen, um Ihre Kunden Bed\u00fcrfnisse passen, sind unsere Taschen gebaut, um zu halten und kann immer wieder verwendet werden.<\/p>\n<p>Ancient Wisdom hat eine riesige Auswahl an Gro\u00dfhandel Shopping Eco-Baumwolltaschen, die in der klassischen Baumwolle Leinwand Stil oder bedruckt kommen.<\/p>\n","protected":false},"excerpt":{"rendered":"<p>Ancient Wisdom Two Tone Cotton Bag &#8211; Grey &amp; Black Gr\u00f6\u00dfe: 38&#215;42 cm Baumwolltaschen sind schnell zu einem unserer Bestseller, sie sind ideal f\u00fcr Kampagnen, Veranstaltungen, Hofl\u00e4den und Lebensmittelgesch\u00e4fte zu verwenden. Auch diese Taschen haben perfekte Druckbereich f\u00fcr Werbezwecke, kann verwendet werden, um Firmenlogos zu drucken, zum Beispiel, sie sind stark und praktisch und in [&hellip;]<\/p>\n","protected":false},"featured_media":319100,"comment_status":"closed","ping_status":"open","template":"","meta":[],"product_brand":[],"product_cat":[19724,19654,19655],"product_tag":[],"class_list":{"0":"post-235325","1":"product","2":"type-product","3":"status-publish","4":"has-post-thumbnail","6":"product_cat-baumwolltaschen-und-slingtaschen-nepal","7":"product_cat-oekologische-taschen","8":"product_cat-taschen-und-rucksaecke","9":"pa_collection-very-simple-eco-cotton-bags-de","10":"pa_made-in-indien","12":"first","13":"instock","14":"purchasable","15":"product-type-simple"},"supplier_id":null,"supplier_sku":"COTT-15","barcode":null,"atum_controlled":true,"out_stock_date":null,"out_stock_threshold":null,"inheritable":false,"inbound_stock":null,"stock_on_hold":0,"sold_today":0,"sales_last_days":0,"reserved_stock":null,"customer_returns":null,"warehouse_damage":null,"lost_in_post":null,"other_logs":null,"out_stock_days":0,"lost_sales":0,"has_location":null,"update_date":"2026-01-30T01:25:43","atum_locations":[],"atum_stock_status":"instock","restock_status":false,"low_stock_amount":"","sales_update_date":"2026-01-30T01:25:43","calc_backorders":null,"_links":{"self":[{"href":"https:\/\/aromasentia.com\/de\/wp-json\/wp\/v2\/product\/235325","targetHints":{"allow":["GET"]}}],"collection":[{"href":"https:\/\/aromasentia.com\/de\/wp-json\/wp\/v2\/product"}],"about":[{"href":"https:\/\/aromasentia.com\/de\/wp-json\/wp\/v2\/types\/product"}],"replies":[{"embeddable":true,"href":"https:\/\/aromasentia.com\/de\/wp-json\/wp\/v2\/comments?post=235325"}],"version-history":[{"count":0,"href":"https:\/\/aromasentia.com\/de\/wp-json\/wp\/v2\/product\/235325\/revisions"}],"wp:featuredmedia":[{"embeddable":true,"href":"https:\/\/aromasentia.com\/de\/wp-json\/wp\/v2\/media\/319100"}],"wp:attachment":[{"href":"https:\/\/aromasentia.com\/de\/wp-json\/wp\/v2\/media?parent=235325"}],"wp:term":[{"taxonomy":"product_brand","embeddable":true,"href":"https:\/\/aromasentia.com\/de\/wp-json\/wp\/v2\/product_brand?post=235325"},{"taxonomy":"product_cat","embeddable":true,"href":"https:\/\/aromasentia.com\/de\/wp-json\/wp\/v2\/product_cat?post=235325"},{"taxonomy":"product_tag","embeddable":true,"href":"https:\/\/aromasentia.com\/de\/wp-json\/wp\/v2\/product_tag?post=235325"}],"curies":[{"name":"wp","href":"https:\/\/api.w.org\/{rel}","templated":true}]}}