{"id":235317,"date":"2025-03-21T14:38:01","date_gmt":"2025-03-21T14:38:01","guid":{"rendered":"https:\/\/aromasentia.com\/product\/two-tone-cotton-bag-38x42x12cm-green-black-10oz\/"},"modified":"2025-12-30T20:19:34","modified_gmt":"2025-12-30T20:19:34","slug":"zweifarbige-baumwolltasche-38x42x12cm-gruen-schwarz-10oz","status":"publish","type":"product","link":"https:\/\/aromasentia.com\/de\/zweifarbige-baumwolltasche-38x42x12cm-gruen-schwarz-10oz\/","title":{"rendered":"Zweifarbige Baumwolltasche &#8211; 38x42x12cm &#8211; Gr\u00fcn &#038; Schwarz &#8211; 10oz"},"content":{"rendered":"<p>Setzen Sie ein Zeichen mit dieser zweifarbigen Baumwolltasche &#8211; Gr\u00fcn &#038; Schwarz. Die ger\u00e4umige Tasche mit den Ma\u00dfen 38x42x12cm und der robusten 10oz-Baumwollkonstruktion besticht durch ihr gr\u00fcn-schwarzes Farbblockdesign. Die kontrastierenden T\u00f6ne sorgen f\u00fcr ein modernes und stilvolles Aussehen, w\u00e4hrend die gro\u00dfz\u00fcgige Gr\u00f6\u00dfe und der Zwickel die Tasche perfekt f\u00fcr den Transport von Lebensmitteln, B\u00fcchern oder Dingen des t\u00e4glichen Bedarfs machen. Eine umweltfreundliche und modische Wahl, die Praktikabilit\u00e4t mit einer auff\u00e4lligen \u00c4sthetik f\u00fcr den t\u00e4glichen Gebrauch verbindet.<\/p>\n","protected":false},"excerpt":{"rendered":"<p>Setzen Sie ein Zeichen mit dieser zweifarbigen Baumwolltasche &#8211; Gr\u00fcn &#038; Schwarz. Die ger\u00e4umige Tasche mit den Ma\u00dfen 38x42x12cm und der robusten 10oz-Baumwollkonstruktion besticht durch ihr gr\u00fcn-schwarzes Farbblockdesign. Die kontrastierenden T\u00f6ne sorgen f\u00fcr ein modernes und stilvolles Aussehen, w\u00e4hrend die gro\u00dfz\u00fcgige Gr\u00f6\u00dfe und der Zwickel die Tasche perfekt f\u00fcr den Transport von Lebensmitteln, B\u00fcchern oder [&hellip;]<\/p>\n","protected":false},"featured_media":319050,"comment_status":"closed","ping_status":"open","template":"","meta":{"_angie_page":false},"product_brand":[],"product_cat":[19724,19654,19655],"product_tag":[],"class_list":{"0":"post-235317","1":"product","2":"type-product","3":"status-publish","4":"has-post-thumbnail","6":"product_cat-baumwolltaschen-und-slingtaschen-nepal","7":"product_cat-oekologische-taschen","8":"product_cat-taschen-und-rucksaecke","9":"pa_collection-very-simple-eco-cotton-bags-de","10":"pa_made-in-indien","12":"first","13":"instock","14":"purchasable","15":"product-type-simple"},"supplier_id":null,"supplier_sku":"COTT-13","barcode":null,"atum_controlled":true,"out_stock_date":null,"out_stock_threshold":null,"inheritable":false,"inbound_stock":null,"stock_on_hold":0,"sold_today":0,"sales_last_days":0,"reserved_stock":null,"customer_returns":null,"warehouse_damage":null,"lost_in_post":null,"other_logs":null,"out_stock_days":0,"lost_sales":0,"has_location":null,"update_date":"2026-04-27T06:58:16","atum_locations":[],"atum_stock_status":"instock","restock_status":false,"low_stock_amount":"","sales_update_date":"2025-10-09T03:28:28","calc_backorders":null,"_links":{"self":[{"href":"https:\/\/aromasentia.com\/de\/wp-json\/wp\/v2\/product\/235317","targetHints":{"allow":["GET"]}}],"collection":[{"href":"https:\/\/aromasentia.com\/de\/wp-json\/wp\/v2\/product"}],"about":[{"href":"https:\/\/aromasentia.com\/de\/wp-json\/wp\/v2\/types\/product"}],"replies":[{"embeddable":true,"href":"https:\/\/aromasentia.com\/de\/wp-json\/wp\/v2\/comments?post=235317"}],"version-history":[{"count":0,"href":"https:\/\/aromasentia.com\/de\/wp-json\/wp\/v2\/product\/235317\/revisions"}],"wp:featuredmedia":[{"embeddable":true,"href":"https:\/\/aromasentia.com\/de\/wp-json\/wp\/v2\/media\/319050"}],"wp:attachment":[{"href":"https:\/\/aromasentia.com\/de\/wp-json\/wp\/v2\/media?parent=235317"}],"wp:term":[{"taxonomy":"product_brand","embeddable":true,"href":"https:\/\/aromasentia.com\/de\/wp-json\/wp\/v2\/product_brand?post=235317"},{"taxonomy":"product_cat","embeddable":true,"href":"https:\/\/aromasentia.com\/de\/wp-json\/wp\/v2\/product_cat?post=235317"},{"taxonomy":"product_tag","embeddable":true,"href":"https:\/\/aromasentia.com\/de\/wp-json\/wp\/v2\/product_tag?post=235317"}],"curies":[{"name":"wp","href":"https:\/\/api.w.org\/{rel}","templated":true}]}}